{"id":4824,"date":"2020-04-02T15:25:00","date_gmt":"2020-04-02T15:25:00","guid":{"rendered":"https:\/\/www.grupocatala.com\/certificazioni\/trazabilidad\/"},"modified":"2026-02-04T16:00:18","modified_gmt":"2026-02-04T15:00:18","slug":"tracciabilita","status":"publish","type":"page","link":"https:\/\/www.grupocatala.com\/it\/certificazioni\/tracciabilita\/","title":{"rendered":"Tracciabilita"},"content":{"rendered":"\t\t<div data-elementor-type=\"wp-page\" data-elementor-id=\"4824\" class=\"elementor elementor-4824 elementor-3274\" data-elementor-post-type=\"page\">\n\t\t\t\t\t\t<section class=\"elementor-section elementor-top-section elementor-element elementor-element-f78df34 elementor-section-full_width elementor-section-height-min-height elementor-section-height-default elementor-section-items-middle\" data-id=\"f78df34\" data-element_type=\"section\" data-e-type=\"section\">\n\t\t\t\t\t\t<div class=\"elementor-container elementor-column-gap-default\">\n\t\t\t\t\t<div class=\"elementor-column elementor-col-100 elementor-top-column elementor-element elementor-element-4fb42c67\" data-id=\"4fb42c67\" data-element_type=\"column\" data-e-type=\"column\">\n\t\t\t<div class=\"elementor-widget-wrap elementor-element-populated\">\n\t\t\t\t\t\t<div class=\"elementor-element elementor-element-3e4fc8fd elementor--h-position-center elementor--v-position-middle elementor-arrows-position-inside elementor-pagination-position-inside elementor-widget elementor-widget-slides\" data-id=\"3e4fc8fd\" data-element_type=\"widget\" data-e-type=\"widget\" data-settings=\"{&quot;transition&quot;:&quot;fade&quot;,&quot;navigation&quot;:&quot;both&quot;,&quot;autoplay&quot;:&quot;yes&quot;,&quot;autoplay_speed&quot;:5000,&quot;infinite&quot;:&quot;yes&quot;,&quot;transition_speed&quot;:500}\" data-widget_type=\"slides.default\">\n\t\t\t\t<div class=\"elementor-widget-container\">\n\t\t\t\t\t\t\t\t\t<div class=\"elementor-swiper\">\n\t\t\t\t\t<div class=\"elementor-slides-wrapper elementor-main-swiper swiper\" role=\"region\" aria-roledescription=\"carousel\" aria-label=\"Slides\" dir=\"ltr\" data-animation=\"fadeInUp\">\n\t\t\t\t<div class=\"swiper-wrapper elementor-slides\">\n\t\t\t\t\t\t\t\t\t\t<div class=\"elementor-repeater-item-3f6ce38 swiper-slide\" role=\"group\" aria-roledescription=\"slide\"><div class=\"swiper-slide-bg elementor-ken-burns elementor-ken-burns--in\" role=\"img\" aria-label=\"28-DSC_0092 (2)\"><\/div><div class=\"swiper-slide-inner\" ><div class=\"swiper-slide-contents\"><div class=\"elementor-slide-heading\">Tracciabilita<\/div><\/div><\/div><\/div><div class=\"elementor-repeater-item-5bb9021 swiper-slide\" role=\"group\" aria-roledescription=\"slide\"><div class=\"swiper-slide-bg elementor-ken-burns elementor-ken-burns--out\" role=\"img\" aria-label=\"28-DSC_0092 (2)\"><\/div><div class=\"swiper-slide-inner\" ><div class=\"swiper-slide-contents\"><div class=\"elementor-slide-heading\">Tracciabilita<\/div><\/div><\/div><\/div>\t\t\t\t<\/div>\n\t\t\t\t\t\t\t\t\t\t\t\t\t\t\t<div class=\"elementor-swiper-button elementor-swiper-button-prev\" role=\"button\" tabindex=\"0\" aria-label=\"Previous slide\">\n\t\t\t\t\t\t\t<i aria-hidden=\"true\" class=\"eicon-chevron-left\"><\/i>\t\t\t\t\t\t<\/div>\n\t\t\t\t\t\t<div class=\"elementor-swiper-button elementor-swiper-button-next\" role=\"button\" tabindex=\"0\" aria-label=\"Next slide\">\n\t\t\t\t\t\t\t<i aria-hidden=\"true\" class=\"eicon-chevron-right\"><\/i>\t\t\t\t\t\t<\/div>\n\t\t\t\t\t\t\t\t\t\t\t\t\t\t\t\t<div class=\"swiper-pagination\"><\/div>\n\t\t\t\t\t\t\t\t\t\t\t\t<\/div>\n\t\t\t\t<\/div>\n\t\t\t\t\t\t\t\t<\/div>\n\t\t\t\t<\/div>\n\t\t\t\t\t<\/div>\n\t\t<\/div>\n\t\t\t\t\t<\/div>\n\t\t<\/section>\n\t\t\t\t<section class=\"elementor-section elementor-top-section elementor-element elementor-element-65b610b7 elementor-section-boxed elementor-section-height-default elementor-section-height-default\" data-id=\"65b610b7\" data-element_type=\"section\" data-e-type=\"section\">\n\t\t\t\t\t\t<div class=\"elementor-container elementor-column-gap-default\">\n\t\t\t\t\t<div class=\"elementor-column elementor-col-100 elementor-top-column elementor-element elementor-element-647e7830\" data-id=\"647e7830\" data-element_type=\"column\" data-e-type=\"column\">\n\t\t\t<div class=\"elementor-widget-wrap elementor-element-populated\">\n\t\t\t\t\t\t<div class=\"elementor-element elementor-element-6221c7e elementor-widget elementor-widget-spacer\" data-id=\"6221c7e\" data-element_type=\"widget\" data-e-type=\"widget\" data-widget_type=\"spacer.default\">\n\t\t\t\t<div class=\"elementor-widget-container\">\n\t\t\t\t\t\t\t<div class=\"elementor-spacer\">\n\t\t\t<div class=\"elementor-spacer-inner\"><\/div>\n\t\t<\/div>\n\t\t\t\t\t\t<\/div>\n\t\t\t\t<\/div>\n\t\t\t\t\t<\/div>\n\t\t<\/div>\n\t\t\t\t\t<\/div>\n\t\t<\/section>\n\t\t\t\t<section class=\"elementor-section elementor-top-section elementor-element elementor-element-43ada7a elementor-section-boxed elementor-section-height-default elementor-section-height-default\" data-id=\"43ada7a\" data-element_type=\"section\" data-e-type=\"section\">\n\t\t\t\t\t\t<div class=\"elementor-container elementor-column-gap-default\">\n\t\t\t\t\t<div class=\"elementor-column elementor-col-50 elementor-top-column elementor-element elementor-element-e59db4a\" data-id=\"e59db4a\" data-element_type=\"column\" data-e-type=\"column\">\n\t\t\t<div class=\"elementor-widget-wrap elementor-element-populated\">\n\t\t\t\t\t\t<div class=\"elementor-element elementor-element-38ce933 elementor-widget elementor-widget-heading\" data-id=\"38ce933\" data-element_type=\"widget\" data-e-type=\"widget\" data-widget_type=\"heading.default\">\n\t\t\t\t<div class=\"elementor-widget-container\">\n\t\t\t\t\t<h2 class=\"elementor-heading-title elementor-size-default\">Tra\u00e7abilit\u00e0<\/h2>\t\t\t\t<\/div>\n\t\t\t\t<\/div>\n\t\t\t\t<div class=\"elementor-element elementor-element-564c151 elementor-widget elementor-widget-text-editor\" data-id=\"564c151\" data-element_type=\"widget\" data-e-type=\"widget\" data-widget_type=\"text-editor.default\">\n\t\t\t\t<div class=\"elementor-widget-container\">\n\t\t\t\t\t\t\t\t\t<p>Il nostro sistema di tracciabilit\u00e0 \u00e8 uno strumento in grado di tracciare tutti i dati dal campo al punto vendita.<\/p><p>Il software con cui lavoriamo ci permette di gestire tutte le diverse fasi del processo produttivo.<br \/>Gestione del Libro di Campagna: HESPERIDES <br \/>Gestione delle aziende agricole: TOOL AGRO <br \/>Gestione commerciale: LIBRA ERP <br \/>Gestione della tracciabilit\u00e0 per lotto: TRACE-IT<\/p><p>Il nostro sistema \u00e8 inoltre molto versatile, consentendoci di adattare il software a qualsiasi esigenza specifica, a seconda delle richieste dei nostri clienti o delle nostre esigenze.<\/p>\t\t\t\t\t\t\t\t<\/div>\n\t\t\t\t<\/div>\n\t\t\t\t\t<\/div>\n\t\t<\/div>\n\t\t\t\t<div class=\"elementor-column elementor-col-50 elementor-top-column elementor-element elementor-element-f9de632\" data-id=\"f9de632\" data-element_type=\"column\" data-e-type=\"column\">\n\t\t\t<div class=\"elementor-widget-wrap elementor-element-populated\">\n\t\t\t\t\t\t<div class=\"elementor-element elementor-element-ba65d02 elementor-widget elementor-widget-heading\" data-id=\"ba65d02\" data-element_type=\"widget\" data-e-type=\"widget\" data-widget_type=\"heading.default\">\n\t\t\t\t<div class=\"elementor-widget-container\">\n\t\t\t\t\t<h2 class=\"elementor-heading-title elementor-size-default\">Tracciabilit\u00e0 nel centro di confezionamento<\/h2>\t\t\t\t<\/div>\n\t\t\t\t<\/div>\n\t\t\t\t<div class=\"elementor-element elementor-element-201036c elementor-widget elementor-widget-text-editor\" data-id=\"201036c\" data-element_type=\"widget\" data-e-type=\"widget\" data-widget_type=\"text-editor.default\">\n\t\t\t\t<div class=\"elementor-widget-container\">\n\t\t\t\t\t\t\t\t\t<p>Quando la frutta arriva al centro di confezionamento, registriamo tutti i lotti per azienda agricola e data\/ora della raccolta.<\/p><p>Questa informazione viene salvata digitalmente quando la frutta \u00e8 pronta per raggiungere la linea di confezionamento, creando lotti di confezionamento. Questo ci permetter\u00e0 di tracciare l&#8217;origine di tutti i nostri prodotti.<\/p><p>Per questo processo, utilizziamo hardware di ultima generazione, evitando possibili errori umani. Tutti i nostri prodotti sono codificati con EAN-128, seguendo gli ultimi standard di codifica.<\/p>\t\t\t\t\t\t\t\t<\/div>\n\t\t\t\t<\/div>\n\t\t\t\t\t<\/div>\n\t\t<\/div>\n\t\t\t\t\t<\/div>\n\t\t<\/section>\n\t\t\t\t<section class=\"elementor-section elementor-top-section elementor-element elementor-element-dcabc38 elementor-section-boxed elementor-section-height-default elementor-section-height-default\" data-id=\"dcabc38\" data-element_type=\"section\" data-e-type=\"section\">\n\t\t\t\t\t\t<div class=\"elementor-container elementor-column-gap-default\">\n\t\t\t\t\t<div class=\"elementor-column elementor-col-100 elementor-top-column elementor-element elementor-element-0db4e9d\" data-id=\"0db4e9d\" data-element_type=\"column\" data-e-type=\"column\">\n\t\t\t<div class=\"elementor-widget-wrap elementor-element-populated\">\n\t\t\t\t\t\t<div class=\"elementor-element elementor-element-692d0b7 elementor-widget elementor-widget-spacer\" data-id=\"692d0b7\" data-element_type=\"widget\" data-e-type=\"widget\" data-widget_type=\"spacer.default\">\n\t\t\t\t<div class=\"elementor-widget-container\">\n\t\t\t\t\t\t\t<div class=\"elementor-spacer\">\n\t\t\t<div class=\"elementor-spacer-inner\"><\/div>\n\t\t<\/div>\n\t\t\t\t\t\t<\/div>\n\t\t\t\t<\/div>\n\t\t\t\t\t<\/div>\n\t\t<\/div>\n\t\t\t\t\t<\/div>\n\t\t<\/section>\n\t\t\t\t<section class=\"elementor-section elementor-top-section elementor-element elementor-element-e04e11a elementor-section-boxed elementor-section-height-default elementor-section-height-default\" data-id=\"e04e11a\" data-element_type=\"section\" data-e-type=\"section\" data-settings=\"{&quot;background_background&quot;:&quot;classic&quot;}\">\n\t\t\t\t\t\t<div class=\"elementor-container elementor-column-gap-default\">\n\t\t\t\t\t<div class=\"elementor-column elementor-col-100 elementor-top-column elementor-element elementor-element-08fd8d6\" data-id=\"08fd8d6\" data-element_type=\"column\" data-e-type=\"column\">\n\t\t\t<div class=\"elementor-widget-wrap elementor-element-populated\">\n\t\t\t\t\t\t<div class=\"elementor-element elementor-element-3b023da elementor-widget elementor-widget-heading\" data-id=\"3b023da\" data-element_type=\"widget\" data-e-type=\"widget\" data-widget_type=\"heading.default\">\n\t\t\t\t<div class=\"elementor-widget-container\">\n\t\t\t\t\t<h2 class=\"elementor-heading-title elementor-size-default\">Azioni contro eventuali problemi potenziali<\/h2>\t\t\t\t<\/div>\n\t\t\t\t<\/div>\n\t\t\t\t<div class=\"elementor-element elementor-element-5d5124d elementor-widget elementor-widget-text-editor\" data-id=\"5d5124d\" data-element_type=\"widget\" data-e-type=\"widget\" data-widget_type=\"text-editor.default\">\n\t\t\t\t<div class=\"elementor-widget-container\">\n\t\t\t\t\t\t\t\t\t<p>Il nostro sistema di tracciabilit\u00e0 dispone di strumenti specifici che ci consentono di individuare qualsiasi destinazione dei nostri prodotti in caso di potenziali problemi a destinazione.<\/p><p>Siamo in grado di individuare l&#8217;intero processo dal campo al punto vendita, comprese tutte le informazioni registrate nel processo di confezionamento.<\/p>\t\t\t\t\t\t\t\t<\/div>\n\t\t\t\t<\/div>\n\t\t\t\t\t<\/div>\n\t\t<\/div>\n\t\t\t\t\t<\/div>\n\t\t<\/section>\n\t\t\t\t<\/div>\n\t\t","protected":false},"excerpt":{"rendered":"<p>TracciabilitaTracciabilita Tra\u00e7abilit\u00e0 Il nostro sistema di tracciabilit\u00e0 \u00e8 uno strumento in grado di tracciare tutti i dati dal campo al punto vendita. Il software con cui lavoriamo ci permette di &#8230; <a title=\"Tracciabilita\" class=\"read-more\" href=\"https:\/\/www.grupocatala.com\/it\/certificazioni\/tracciabilita\/\" aria-label=\"Per saperne di pi\u00f9 su Tracciabilita\">Leggi tutto<\/a><\/p>\n","protected":false},"author":1,"featured_media":0,"parent":4319,"menu_order":0,"comment_status":"closed","ping_status":"closed","template":"elementor_header_footer","meta":{"footnotes":""},"class_list":["post-4824","page","type-page","status-publish"],"yoast_head":"<!-- This site is optimized with the Yoast SEO plugin v27.5 - https:\/\/yoast.com\/product\/yoast-seo-wordpress\/ -->\n<title>Tracciabilita<\/title>\n<meta name=\"description\" content=\"TracciabilitaTracciabilita Tra\u00e7abilit\u00e0 Il nostro sistema di tracciabilit\u00e0 \u00e8 uno strumento in grado di tracciare tutti i dati dal campo al punto vendita.Il\" \/>\n<meta name=\"robots\" content=\"index, follow, max-snippet:-1, max-image-preview:large, max-video-preview:-1\" \/>\n<link rel=\"canonical\" href=\"https:\/\/www.grupocatala.com\/it\/certificazioni\/tracciabilita\/\" \/>\n<meta property=\"og:locale\" content=\"it_IT\" \/>\n<meta property=\"og:type\" content=\"article\" \/>\n<meta property=\"og:title\" content=\"Tracciabilita\" \/>\n<meta property=\"og:description\" content=\"TracciabilitaTracciabilita Tra\u00e7abilit\u00e0 Il nostro sistema di tracciabilit\u00e0 \u00e8 uno strumento in grado di tracciare tutti i dati dal campo al punto vendita.Il\" \/>\n<meta property=\"og:url\" content=\"https:\/\/www.grupocatala.com\/it\/certificazioni\/tracciabilita\/\" \/>\n<meta property=\"og:site_name\" content=\"GRUPO CATAL\u00c0\" \/>\n<meta property=\"article:modified_time\" content=\"2026-02-04T15:00:18+00:00\" \/>\n<meta name=\"twitter:card\" content=\"summary_large_image\" \/>\n<meta name=\"twitter:label1\" content=\"Tempo di lettura stimato\" \/>\n\t<meta name=\"twitter:data1\" content=\"1 minute\" \/>\n<script type=\"application\/ld+json\" class=\"yoast-schema-graph\">{\"@context\":\"https:\\\/\\\/schema.org\",\"@graph\":[{\"@type\":\"WebPage\",\"@id\":\"https:\\\/\\\/www.grupocatala.com\\\/it\\\/certificazioni\\\/tracciabilita\\\/\",\"url\":\"https:\\\/\\\/www.grupocatala.com\\\/it\\\/certificazioni\\\/tracciabilita\\\/\",\"name\":\"Tracciabilita\",\"isPartOf\":{\"@id\":\"https:\\\/\\\/www.grupocatala.com\\\/it\\\/#website\"},\"datePublished\":\"2020-04-02T15:25:00+00:00\",\"dateModified\":\"2026-02-04T15:00:18+00:00\",\"description\":\"TracciabilitaTracciabilita Tra\u00e7abilit\u00e0 Il nostro sistema di tracciabilit\u00e0 \u00e8 uno strumento in grado di tracciare tutti i dati dal campo al punto vendita.Il\",\"breadcrumb\":{\"@id\":\"https:\\\/\\\/www.grupocatala.com\\\/it\\\/certificazioni\\\/tracciabilita\\\/#breadcrumb\"},\"inLanguage\":\"it-IT\",\"potentialAction\":[{\"@type\":\"ReadAction\",\"target\":[\"https:\\\/\\\/www.grupocatala.com\\\/it\\\/certificazioni\\\/tracciabilita\\\/\"]}]},{\"@type\":\"BreadcrumbList\",\"@id\":\"https:\\\/\\\/www.grupocatala.com\\\/it\\\/certificazioni\\\/tracciabilita\\\/#breadcrumb\",\"itemListElement\":[{\"@type\":\"ListItem\",\"position\":1,\"name\":\"Portada\",\"item\":\"https:\\\/\\\/www.grupocatala.com\\\/it\\\/\"},{\"@type\":\"ListItem\",\"position\":2,\"name\":\"CERTIFICAZIONI\",\"item\":\"https:\\\/\\\/www.grupocatala.com\\\/it\\\/certificazioni\\\/\"},{\"@type\":\"ListItem\",\"position\":3,\"name\":\"Tracciabilita\"}]},{\"@type\":\"WebSite\",\"@id\":\"https:\\\/\\\/www.grupocatala.com\\\/it\\\/#website\",\"url\":\"https:\\\/\\\/www.grupocatala.com\\\/it\\\/\",\"name\":\"GRUPO CATAL\u00c0\",\"description\":\"\",\"publisher\":{\"@id\":\"https:\\\/\\\/www.grupocatala.com\\\/it\\\/#organization\"},\"potentialAction\":[{\"@type\":\"SearchAction\",\"target\":{\"@type\":\"EntryPoint\",\"urlTemplate\":\"https:\\\/\\\/www.grupocatala.com\\\/it\\\/?s={search_term_string}\"},\"query-input\":{\"@type\":\"PropertyValueSpecification\",\"valueRequired\":true,\"valueName\":\"search_term_string\"}}],\"inLanguage\":\"it-IT\"},{\"@type\":\"Organization\",\"@id\":\"https:\\\/\\\/www.grupocatala.com\\\/it\\\/#organization\",\"name\":\"Grupo Catala\",\"url\":\"https:\\\/\\\/www.grupocatala.com\\\/it\\\/\",\"logo\":{\"@type\":\"ImageObject\",\"inLanguage\":\"it-IT\",\"@id\":\"https:\\\/\\\/www.grupocatala.com\\\/it\\\/#\\\/schema\\\/logo\\\/image\\\/\",\"url\":\"https:\\\/\\\/i0.wp.com\\\/www.grupocatala.com\\\/wp-content\\\/uploads\\\/2020\\\/03\\\/cropped-logo_blanc-1.png?fit=250%2C57&ssl=1\",\"contentUrl\":\"https:\\\/\\\/i0.wp.com\\\/www.grupocatala.com\\\/wp-content\\\/uploads\\\/2020\\\/03\\\/cropped-logo_blanc-1.png?fit=250%2C57&ssl=1\",\"width\":250,\"height\":57,\"caption\":\"Grupo Catala\"},\"image\":{\"@id\":\"https:\\\/\\\/www.grupocatala.com\\\/it\\\/#\\\/schema\\\/logo\\\/image\\\/\"},\"sameAs\":[\"https:\\\/\\\/www.instagram.com\\\/grupocatala\"]}]}<\/script>\n<!-- \/ Yoast SEO plugin. -->","yoast_head_json":{"title":"Tracciabilita","description":"TracciabilitaTracciabilita Tra\u00e7abilit\u00e0 Il nostro sistema di tracciabilit\u00e0 \u00e8 uno strumento in grado di tracciare tutti i dati dal campo al punto vendita.Il","robots":{"index":"index","follow":"follow","max-snippet":"max-snippet:-1","max-image-preview":"max-image-preview:large","max-video-preview":"max-video-preview:-1"},"canonical":"https:\/\/www.grupocatala.com\/it\/certificazioni\/tracciabilita\/","og_locale":"it_IT","og_type":"article","og_title":"Tracciabilita","og_description":"TracciabilitaTracciabilita Tra\u00e7abilit\u00e0 Il nostro sistema di tracciabilit\u00e0 \u00e8 uno strumento in grado di tracciare tutti i dati dal campo al punto vendita.Il","og_url":"https:\/\/www.grupocatala.com\/it\/certificazioni\/tracciabilita\/","og_site_name":"GRUPO CATAL\u00c0","article_modified_time":"2026-02-04T15:00:18+00:00","twitter_card":"summary_large_image","twitter_misc":{"Tempo di lettura stimato":"1 minute"},"schema":{"@context":"https:\/\/schema.org","@graph":[{"@type":"WebPage","@id":"https:\/\/www.grupocatala.com\/it\/certificazioni\/tracciabilita\/","url":"https:\/\/www.grupocatala.com\/it\/certificazioni\/tracciabilita\/","name":"Tracciabilita","isPartOf":{"@id":"https:\/\/www.grupocatala.com\/it\/#website"},"datePublished":"2020-04-02T15:25:00+00:00","dateModified":"2026-02-04T15:00:18+00:00","description":"TracciabilitaTracciabilita Tra\u00e7abilit\u00e0 Il nostro sistema di tracciabilit\u00e0 \u00e8 uno strumento in grado di tracciare tutti i dati dal campo al punto vendita.Il","breadcrumb":{"@id":"https:\/\/www.grupocatala.com\/it\/certificazioni\/tracciabilita\/#breadcrumb"},"inLanguage":"it-IT","potentialAction":[{"@type":"ReadAction","target":["https:\/\/www.grupocatala.com\/it\/certificazioni\/tracciabilita\/"]}]},{"@type":"BreadcrumbList","@id":"https:\/\/www.grupocatala.com\/it\/certificazioni\/tracciabilita\/#breadcrumb","itemListElement":[{"@type":"ListItem","position":1,"name":"Portada","item":"https:\/\/www.grupocatala.com\/it\/"},{"@type":"ListItem","position":2,"name":"CERTIFICAZIONI","item":"https:\/\/www.grupocatala.com\/it\/certificazioni\/"},{"@type":"ListItem","position":3,"name":"Tracciabilita"}]},{"@type":"WebSite","@id":"https:\/\/www.grupocatala.com\/it\/#website","url":"https:\/\/www.grupocatala.com\/it\/","name":"GRUPO CATAL\u00c0","description":"","publisher":{"@id":"https:\/\/www.grupocatala.com\/it\/#organization"},"potentialAction":[{"@type":"SearchAction","target":{"@type":"EntryPoint","urlTemplate":"https:\/\/www.grupocatala.com\/it\/?s={search_term_string}"},"query-input":{"@type":"PropertyValueSpecification","valueRequired":true,"valueName":"search_term_string"}}],"inLanguage":"it-IT"},{"@type":"Organization","@id":"https:\/\/www.grupocatala.com\/it\/#organization","name":"Grupo Catala","url":"https:\/\/www.grupocatala.com\/it\/","logo":{"@type":"ImageObject","inLanguage":"it-IT","@id":"https:\/\/www.grupocatala.com\/it\/#\/schema\/logo\/image\/","url":"https:\/\/i0.wp.com\/www.grupocatala.com\/wp-content\/uploads\/2020\/03\/cropped-logo_blanc-1.png?fit=250%2C57&ssl=1","contentUrl":"https:\/\/i0.wp.com\/www.grupocatala.com\/wp-content\/uploads\/2020\/03\/cropped-logo_blanc-1.png?fit=250%2C57&ssl=1","width":250,"height":57,"caption":"Grupo Catala"},"image":{"@id":"https:\/\/www.grupocatala.com\/it\/#\/schema\/logo\/image\/"},"sameAs":["https:\/\/www.instagram.com\/grupocatala"]}]}},"jetpack_sharing_enabled":true,"_links":{"self":[{"href":"https:\/\/www.grupocatala.com\/it\/wp-json\/wp\/v2\/pages\/4824","targetHints":{"allow":["GET"]}}],"collection":[{"href":"https:\/\/www.grupocatala.com\/it\/wp-json\/wp\/v2\/pages"}],"about":[{"href":"https:\/\/www.grupocatala.com\/it\/wp-json\/wp\/v2\/types\/page"}],"author":[{"embeddable":true,"href":"https:\/\/www.grupocatala.com\/it\/wp-json\/wp\/v2\/users\/1"}],"replies":[{"embeddable":true,"href":"https:\/\/www.grupocatala.com\/it\/wp-json\/wp\/v2\/comments?post=4824"}],"version-history":[{"count":3,"href":"https:\/\/www.grupocatala.com\/it\/wp-json\/wp\/v2\/pages\/4824\/revisions"}],"predecessor-version":[{"id":16899,"href":"https:\/\/www.grupocatala.com\/it\/wp-json\/wp\/v2\/pages\/4824\/revisions\/16899"}],"up":[{"embeddable":true,"href":"https:\/\/www.grupocatala.com\/it\/wp-json\/wp\/v2\/pages\/4319"}],"wp:attachment":[{"href":"https:\/\/www.grupocatala.com\/it\/wp-json\/wp\/v2\/media?parent=4824"}],"curies":[{"name":"wp","href":"https:\/\/api.w.org\/{rel}","templated":true}]}}