{"id":14796,"date":"2025-10-22T10:49:30","date_gmt":"2025-10-22T08:49:30","guid":{"rendered":"https:\/\/www.grupocatala.com\/?page_id=14796"},"modified":"2026-02-05T09:16:50","modified_gmt":"2026-02-05T08:16:50","slug":"efficienza-energetica","status":"publish","type":"page","link":"https:\/\/www.grupocatala.com\/it\/sostenibilita\/efficienza-energetica\/","title":{"rendered":"Efficienza energetica"},"content":{"rendered":"\t\t<div data-elementor-type=\"wp-page\" data-elementor-id=\"14796\" class=\"elementor elementor-14796 elementor-14676\" data-elementor-post-type=\"page\">\n\t\t\t\t\t\t<section class=\"elementor-section elementor-top-section elementor-element elementor-element-0cd5c80 elementor-section-full_width elementor-section-height-default elementor-section-height-default\" data-id=\"0cd5c80\" data-element_type=\"section\" data-e-type=\"section\">\n\t\t\t\t\t\t<div class=\"elementor-container elementor-column-gap-default\">\n\t\t\t\t\t<div class=\"elementor-column elementor-col-100 elementor-top-column elementor-element elementor-element-9c1ddc3 elementor-invisible\" data-id=\"9c1ddc3\" data-element_type=\"column\" data-e-type=\"column\" data-settings=\"{&quot;animation&quot;:&quot;fadeIn&quot;}\">\n\t\t\t<div class=\"elementor-widget-wrap elementor-element-populated\">\n\t\t\t\t\t\t<div class=\"elementor-element elementor-element-1b5f9a8 elementor--h-position-center elementor--v-position-middle elementor-widget elementor-widget-slides\" data-id=\"1b5f9a8\" data-element_type=\"widget\" data-e-type=\"widget\" data-settings=\"{&quot;navigation&quot;:&quot;none&quot;,&quot;transition&quot;:&quot;fade&quot;,&quot;autoplay&quot;:&quot;yes&quot;,&quot;autoplay_speed&quot;:5000,&quot;infinite&quot;:&quot;yes&quot;,&quot;transition_speed&quot;:500}\" data-widget_type=\"slides.default\">\n\t\t\t\t<div class=\"elementor-widget-container\">\n\t\t\t\t\t\t\t\t\t<div class=\"elementor-swiper\">\n\t\t\t\t\t<div class=\"elementor-slides-wrapper elementor-main-swiper swiper\" role=\"region\" aria-roledescription=\"carousel\" aria-label=\"Diapositivas\" dir=\"ltr\" data-animation=\"fadeInUp\">\n\t\t\t\t<div class=\"swiper-wrapper elementor-slides\">\n\t\t\t\t\t\t\t\t\t\t<div class=\"elementor-repeater-item-bb25271 swiper-slide\" role=\"group\" aria-roledescription=\"slide\"><div class=\"swiper-slide-bg elementor-ken-burns elementor-ken-burns--in\" role=\"img\" aria-label=\"default\"><\/div><div class=\"elementor-background-overlay\"><\/div><div class=\"swiper-slide-inner\" ><div class=\"swiper-slide-contents\"><div class=\"elementor-slide-heading\">Efficienza energetica<\/div><\/div><\/div><\/div><div class=\"elementor-repeater-item-f5f28cb swiper-slide\" role=\"group\" aria-roledescription=\"slide\"><div class=\"swiper-slide-bg elementor-ken-burns elementor-ken-burns--out\" role=\"img\" aria-label=\"default\"><\/div><div class=\"elementor-background-overlay\"><\/div><div class=\"swiper-slide-inner\" ><div class=\"swiper-slide-contents\"><div class=\"elementor-slide-heading\">Efficienza energetica<\/div><\/div><\/div><\/div>\t\t\t\t<\/div>\n\t\t\t\t\t\t\t\t\t\t\t\t\t\t\t\t\t\t\t\t\t<\/div>\n\t\t\t\t<\/div>\n\t\t\t\t\t\t\t\t<\/div>\n\t\t\t\t<\/div>\n\t\t\t\t\t<\/div>\n\t\t<\/div>\n\t\t\t\t\t<\/div>\n\t\t<\/section>\n\t\t\t\t<section class=\"elementor-section elementor-top-section elementor-element elementor-element-a096db2 elementor-section-boxed elementor-section-height-default elementor-section-height-default\" data-id=\"a096db2\" data-element_type=\"section\" data-e-type=\"section\">\n\t\t\t\t\t\t<div class=\"elementor-container elementor-column-gap-default\">\n\t\t\t\t\t<div class=\"elementor-column elementor-col-33 elementor-top-column elementor-element elementor-element-23ab6ce\" data-id=\"23ab6ce\" data-element_type=\"column\" data-e-type=\"column\">\n\t\t\t<div class=\"elementor-widget-wrap elementor-element-populated\">\n\t\t\t\t\t\t<div class=\"elementor-element elementor-element-fe39f52 elementor-view-default elementor-widget elementor-widget-icon\" data-id=\"fe39f52\" data-element_type=\"widget\" data-e-type=\"widget\" data-widget_type=\"icon.default\">\n\t\t\t\t<div class=\"elementor-widget-container\">\n\t\t\t\t\t\t\t<div class=\"elementor-icon-wrapper\">\n\t\t\t<div class=\"elementor-icon\">\n\t\t\t<i aria-hidden=\"true\" class=\"fas fa-tree\"><\/i>\t\t\t<\/div>\n\t\t<\/div>\n\t\t\t\t\t\t<\/div>\n\t\t\t\t<\/div>\n\t\t\t\t<div class=\"elementor-element elementor-element-fa3848f elementor-widget elementor-widget-counter\" data-id=\"fa3848f\" data-element_type=\"widget\" data-e-type=\"widget\" data-widget_type=\"counter.default\">\n\t\t\t\t<div class=\"elementor-widget-container\">\n\t\t\t\t\t\t\t<div class=\"elementor-counter\">\n\t\t\t\t\t\t<div class=\"elementor-counter-number-wrapper\">\n\t\t\t\t<span class=\"elementor-counter-number-prefix\">+ <\/span>\n\t\t\t\t<span class=\"elementor-counter-number\" data-duration=\"2000\" data-to-value=\"130000\" data-from-value=\"0\" data-delimiter=\".\">0<\/span>\n\t\t\t\t<span class=\"elementor-counter-number-suffix\"><\/span>\n\t\t\t<\/div>\n\t\t<\/div>\n\t\t\t\t\t\t<\/div>\n\t\t\t\t<\/div>\n\t\t\t\t<div class=\"elementor-element elementor-element-a538f4f elementor-widget elementor-widget-heading\" data-id=\"a538f4f\" data-element_type=\"widget\" data-e-type=\"widget\" data-widget_type=\"heading.default\">\n\t\t\t\t<div class=\"elementor-widget-container\">\n\t\t\t\t\t<h3 class=\"elementor-heading-title elementor-size-default\">Alberi equivalenti<\/h3>\t\t\t\t<\/div>\n\t\t\t\t<\/div>\n\t\t\t\t\t<\/div>\n\t\t<\/div>\n\t\t\t\t<div class=\"elementor-column elementor-col-33 elementor-top-column elementor-element elementor-element-d72e671\" data-id=\"d72e671\" data-element_type=\"column\" data-e-type=\"column\">\n\t\t\t<div class=\"elementor-widget-wrap elementor-element-populated\">\n\t\t\t\t\t\t<div class=\"elementor-element elementor-element-44abd8b elementor-view-default elementor-widget elementor-widget-icon\" data-id=\"44abd8b\" data-element_type=\"widget\" data-e-type=\"widget\" data-widget_type=\"icon.default\">\n\t\t\t\t<div class=\"elementor-widget-container\">\n\t\t\t\t\t\t\t<div class=\"elementor-icon-wrapper\">\n\t\t\t<div class=\"elementor-icon\">\n\t\t\t<i aria-hidden=\"true\" class=\"fas fa-cloud\"><\/i>\t\t\t<\/div>\n\t\t<\/div>\n\t\t\t\t\t\t<\/div>\n\t\t\t\t<\/div>\n\t\t\t\t<div class=\"elementor-element elementor-element-cbdc9b7 elementor-widget elementor-widget-counter\" data-id=\"cbdc9b7\" data-element_type=\"widget\" data-e-type=\"widget\" data-widget_type=\"counter.default\">\n\t\t\t\t<div class=\"elementor-widget-container\">\n\t\t\t\t\t\t\t<div class=\"elementor-counter\">\n\t\t\t\t\t\t<div class=\"elementor-counter-number-wrapper\">\n\t\t\t\t<span class=\"elementor-counter-number-prefix\">+ <\/span>\n\t\t\t\t<span class=\"elementor-counter-number\" data-duration=\"2000\" data-to-value=\"2900\" data-from-value=\"0\" data-delimiter=\".\">0<\/span>\n\t\t\t\t<span class=\"elementor-counter-number-suffix\"> t\/anno<\/span>\n\t\t\t<\/div>\n\t\t<\/div>\n\t\t\t\t\t\t<\/div>\n\t\t\t\t<\/div>\n\t\t\t\t<div class=\"elementor-element elementor-element-3c1c6e4 elementor-widget elementor-widget-heading\" data-id=\"3c1c6e4\" data-element_type=\"widget\" data-e-type=\"widget\" data-widget_type=\"heading.default\">\n\t\t\t\t<div class=\"elementor-widget-container\">\n\t\t\t\t\t<h3 class=\"elementor-heading-title elementor-size-default\">CO\u2082 evitato<\/h3>\t\t\t\t<\/div>\n\t\t\t\t<\/div>\n\t\t\t\t\t<\/div>\n\t\t<\/div>\n\t\t\t\t<div class=\"elementor-column elementor-col-33 elementor-top-column elementor-element elementor-element-3ab1599\" data-id=\"3ab1599\" data-element_type=\"column\" data-e-type=\"column\">\n\t\t\t<div class=\"elementor-widget-wrap elementor-element-populated\">\n\t\t\t\t\t\t<div class=\"elementor-element elementor-element-5690a7c elementor-view-default elementor-widget elementor-widget-icon\" data-id=\"5690a7c\" data-element_type=\"widget\" data-e-type=\"widget\" data-widget_type=\"icon.default\">\n\t\t\t\t<div class=\"elementor-widget-container\">\n\t\t\t\t\t\t\t<div class=\"elementor-icon-wrapper\">\n\t\t\t<div class=\"elementor-icon\">\n\t\t\t<i aria-hidden=\"true\" class=\"fas fa-home\"><\/i>\t\t\t<\/div>\n\t\t<\/div>\n\t\t\t\t\t\t<\/div>\n\t\t\t\t<\/div>\n\t\t\t\t<div class=\"elementor-element elementor-element-28af745 elementor-widget elementor-widget-counter\" data-id=\"28af745\" data-element_type=\"widget\" data-e-type=\"widget\" data-widget_type=\"counter.default\">\n\t\t\t\t<div class=\"elementor-widget-container\">\n\t\t\t\t\t\t\t<div class=\"elementor-counter\">\n\t\t\t\t\t\t<div class=\"elementor-counter-number-wrapper\">\n\t\t\t\t<span class=\"elementor-counter-number-prefix\">+ <\/span>\n\t\t\t\t<span class=\"elementor-counter-number\" data-duration=\"2000\" data-to-value=\"2700\" data-from-value=\"0\" data-delimiter=\".\">0<\/span>\n\t\t\t\t<span class=\"elementor-counter-number-suffix\"><\/span>\n\t\t\t<\/div>\n\t\t<\/div>\n\t\t\t\t\t\t<\/div>\n\t\t\t\t<\/div>\n\t\t\t\t<div class=\"elementor-element elementor-element-81902d2 elementor-widget elementor-widget-heading\" data-id=\"81902d2\" data-element_type=\"widget\" data-e-type=\"widget\" data-widget_type=\"heading.default\">\n\t\t\t\t<div class=\"elementor-widget-container\">\n\t\t\t\t\t<h3 class=\"elementor-heading-title elementor-size-default\">Famiglie equivalenti<\/h3>\t\t\t\t<\/div>\n\t\t\t\t<\/div>\n\t\t\t\t\t<\/div>\n\t\t<\/div>\n\t\t\t\t\t<\/div>\n\t\t<\/section>\n\t\t\t\t<section class=\"elementor-section elementor-top-section elementor-element elementor-element-db2e67b elementor-section-boxed elementor-section-height-default elementor-section-height-default\" data-id=\"db2e67b\" data-element_type=\"section\" data-e-type=\"section\">\n\t\t\t\t\t\t<div class=\"elementor-container elementor-column-gap-default\">\n\t\t\t\t\t<div class=\"elementor-column elementor-col-50 elementor-top-column elementor-element elementor-element-cedf222\" data-id=\"cedf222\" data-element_type=\"column\" data-e-type=\"column\">\n\t\t\t<div class=\"elementor-widget-wrap elementor-element-populated\">\n\t\t\t\t\t\t<div class=\"elementor-element elementor-element-67219d9 elementor-view-default elementor-widget elementor-widget-icon\" data-id=\"67219d9\" data-element_type=\"widget\" data-e-type=\"widget\" data-widget_type=\"icon.default\">\n\t\t\t\t<div class=\"elementor-widget-container\">\n\t\t\t\t\t\t\t<div class=\"elementor-icon-wrapper\">\n\t\t\t<div class=\"elementor-icon\">\n\t\t\t<i aria-hidden=\"true\" class=\"fas fa-gas-pump\"><\/i>\t\t\t<\/div>\n\t\t<\/div>\n\t\t\t\t\t\t<\/div>\n\t\t\t\t<\/div>\n\t\t\t\t<div class=\"elementor-element elementor-element-3586da9 elementor-widget elementor-widget-counter\" data-id=\"3586da9\" data-element_type=\"widget\" data-e-type=\"widget\" data-widget_type=\"counter.default\">\n\t\t\t\t<div class=\"elementor-widget-container\">\n\t\t\t\t\t\t\t<div class=\"elementor-counter\">\n\t\t\t\t\t\t<div class=\"elementor-counter-number-wrapper\">\n\t\t\t\t<span class=\"elementor-counter-number-prefix\">+ <\/span>\n\t\t\t\t<span class=\"elementor-counter-number\" data-duration=\"2000\" data-to-value=\"1200000\" data-from-value=\"0\" data-delimiter=\".\">0<\/span>\n\t\t\t\t<span class=\"elementor-counter-number-suffix\"> L<\/span>\n\t\t\t<\/div>\n\t\t<\/div>\n\t\t\t\t\t\t<\/div>\n\t\t\t\t<\/div>\n\t\t\t\t<div class=\"elementor-element elementor-element-05c5b9f elementor-widget elementor-widget-heading\" data-id=\"05c5b9f\" data-element_type=\"widget\" data-e-type=\"widget\" data-widget_type=\"heading.default\">\n\t\t\t\t<div class=\"elementor-widget-container\">\n\t\t\t\t\t<h3 class=\"elementor-heading-title elementor-size-default\">Benzina risparmiata<\/h3>\t\t\t\t<\/div>\n\t\t\t\t<\/div>\n\t\t\t\t\t<\/div>\n\t\t<\/div>\n\t\t\t\t<div class=\"elementor-column elementor-col-50 elementor-top-column elementor-element elementor-element-f371b58\" data-id=\"f371b58\" data-element_type=\"column\" data-e-type=\"column\">\n\t\t\t<div class=\"elementor-widget-wrap elementor-element-populated\">\n\t\t\t\t\t\t<div class=\"elementor-element elementor-element-a5158fa elementor-view-default elementor-widget elementor-widget-icon\" data-id=\"a5158fa\" data-element_type=\"widget\" data-e-type=\"widget\" data-widget_type=\"icon.default\">\n\t\t\t\t<div class=\"elementor-widget-container\">\n\t\t\t\t\t\t\t<div class=\"elementor-icon-wrapper\">\n\t\t\t<div class=\"elementor-icon\">\n\t\t\t<i aria-hidden=\"true\" class=\"fas fa-bolt\"><\/i>\t\t\t<\/div>\n\t\t<\/div>\n\t\t\t\t\t\t<\/div>\n\t\t\t\t<\/div>\n\t\t\t\t<div class=\"elementor-element elementor-element-84f474e elementor-widget elementor-widget-counter\" data-id=\"84f474e\" data-element_type=\"widget\" data-e-type=\"widget\" data-widget_type=\"counter.default\">\n\t\t\t\t<div class=\"elementor-widget-container\">\n\t\t\t\t\t\t\t<div class=\"elementor-counter\">\n\t\t\t\t\t\t<div class=\"elementor-counter-number-wrapper\">\n\t\t\t\t<span class=\"elementor-counter-number-prefix\">+ <\/span>\n\t\t\t\t<span class=\"elementor-counter-number\" data-duration=\"2000\" data-to-value=\"63000000\" data-from-value=\"0\" data-delimiter=\".\">0<\/span>\n\t\t\t\t<span class=\"elementor-counter-number-suffix\"> Km<\/span>\n\t\t\t<\/div>\n\t\t<\/div>\n\t\t\t\t\t\t<\/div>\n\t\t\t\t<\/div>\n\t\t\t\t<div class=\"elementor-element elementor-element-c25e596 elementor-widget elementor-widget-heading\" data-id=\"c25e596\" data-element_type=\"widget\" data-e-type=\"widget\" data-widget_type=\"heading.default\">\n\t\t\t\t<div class=\"elementor-widget-container\">\n\t\t\t\t\t<h3 class=\"elementor-heading-title elementor-size-default\">Mobilit\u00e0 elettrica<\/h3>\t\t\t\t<\/div>\n\t\t\t\t<\/div>\n\t\t\t\t\t<\/div>\n\t\t<\/div>\n\t\t\t\t\t<\/div>\n\t\t<\/section>\n\t\t\t\t<section class=\"elementor-section elementor-top-section elementor-element elementor-element-9a3df20 elementor-section-boxed elementor-section-height-default elementor-section-height-default\" data-id=\"9a3df20\" data-element_type=\"section\" data-e-type=\"section\">\n\t\t\t\t\t\t<div class=\"elementor-container elementor-column-gap-default\">\n\t\t\t\t\t<div class=\"elementor-column elementor-col-100 elementor-top-column elementor-element elementor-element-29a9823\" data-id=\"29a9823\" data-element_type=\"column\" data-e-type=\"column\">\n\t\t\t<div class=\"elementor-widget-wrap elementor-element-populated\">\n\t\t\t\t\t\t<div class=\"elementor-element elementor-element-645b228 elementor-widget elementor-widget-text-editor\" data-id=\"645b228\" data-element_type=\"widget\" data-e-type=\"widget\" data-widget_type=\"text-editor.default\">\n\t\t\t\t<div class=\"elementor-widget-container\">\n\t\t\t\t\t\t\t\t\t<h1><span style=\"color: #658c1c;\"><strong>Energia pulita. Impatto reale.<\/strong><\/span><\/h1><p>La nostra energia solare non \u00e8 un obiettivo: <strong>\u00e8 una realt\u00e0<\/strong>.<br \/>\u00c8 energia che <strong>riduce l&#8217;impronta oggi<\/strong> e ci avvicina alla <strong>neutralit\u00e0 carbonica lungo tutta la catena del valore<\/strong>.<br \/>Abbiamo scelto una strada che <strong>prendersi cura dell&#8217;aria che respiriamo<\/strong>, <strong>protegge la biodiversit\u00e0<\/strong> e <strong>rispetta le risorse<\/strong> delle generazioni future.<\/p><h2><span style=\"color: #658c1c;\"><strong>Come agiamo<\/strong><\/span><\/h2><p><strong>Dare priorit\u00e0 alle energie rinnovabili e all&#8217;elettrificazione responsabile<\/strong><br \/>Sostituiamo l&#8217;energia fossile con elettricit\u00e0 rinnovabile e apparecchiature efficienti. Ogni cambiamento riduce le emissioni e la dipendenza energetica.<\/p><p><strong>Autoconsumo come prima opzione<\/strong><br \/>Produciamo e utilizziamo energia solare nei nostri centri. Consumare dove viene generata evita perdite e riduce l&#8217;impronta indiretta.<\/p><p><strong>Efficienza in tutto il processo<\/strong><br \/>Consumare <strong>meno e meglio<\/strong> \u00e8 importante quanto produrre in modo pulito. Ottimizziamo l&#8217;irrigazione, i processi, il raffreddamento industriale e la logistica per ridurre i consumi senza compromettere la qualit\u00e0.<\/p><p><strong>Energia pulita per un ambiente pi\u00f9 sano<\/strong><br \/>La riduzione delle emissioni contribuisce a rendere l&#8217;aria pi\u00f9 pulita e l&#8217;ambiente di lavoro e la comunit\u00e0 pi\u00f9 salubri.<\/p><h2><strong><span style=\"color: #658c1c;\">Neutralit\u00e0 carbonica nella catena del valore<\/span><\/strong><\/h2><p>L&#8217;impronta non si ferma alle nostre strutture.<br \/>Lavoriamo con <strong>fornitori, collaboratori e comunit\u00e0<\/strong> affinch\u00e9 l&#8217;energia pulita e le buone pratiche <strong>viaggiano con ogni prodotto<\/strong>: dal campo al consumatore. In questo modo, ogni passo contribuisce a una <strong>catena del valore climaticamente responsabile<\/strong>.<\/p><h2><span style=\"color: #658c1c;\"><strong>Cosa ci aspetta<\/strong><\/span><\/h2><ul><li><strong>Pi\u00f9 energia rinnovabile e stoccaggio<\/strong><br \/>Integriamo soluzioni di archiviazione quando sono fattibili per <strong>stabilizzare l&#8217;uso di energia elettrica pulita<\/strong> durante tutto il giorno.<\/li><li><strong>Innovazione nell&#8217;efficienza idrica ed energetica<\/strong><br \/>Ci prendiamo cura di <strong>ogni goccia<\/strong> e <strong>di ogni kilowatt<\/strong> con tecnologia, manutenzione predittiva e abitudini operative che riducono i consumi senza compromettere le prestazioni.<\/li><\/ul><h2><strong><span style=\"color: #658c1c;\">Il nostro impegno<\/span><\/strong><\/h2><p><strong>Prendersi cura del clima, prendersi cura della vita e prendersi cura delle persone.<\/strong><br \/>La transizione energetica non \u00e8 solo tecnologia: \u00e8 <strong>cultura, coerenza e futuro condiviso<\/strong>.<br \/>Per questo motivo, ogni decisione che prendiamo mira a <strong>lasciare un impatto positivo sul territorio<\/strong> che ci ha visto crescere.<\/p>\t\t\t\t\t\t\t\t<\/div>\n\t\t\t\t<\/div>\n\t\t\t\t\t<\/div>\n\t\t<\/div>\n\t\t\t\t\t<\/div>\n\t\t<\/section>\n\t\t\t\t<\/div>\n\t\t","protected":false},"excerpt":{"rendered":"<p>Efficienza energeticaEfficienza energetica + 0 Alberi equivalenti + 0 t\/anno CO\u2082 evitato + 0 Famiglie equivalenti + 0 L Benzina risparmiata + 0 Km Mobilit\u00e0 elettrica Energia pulita. Impatto reale. &#8230; <a title=\"Efficienza energetica\" class=\"read-more\" href=\"https:\/\/www.grupocatala.com\/it\/sostenibilita\/efficienza-energetica\/\" aria-label=\"Per saperne di pi\u00f9 su Efficienza energetica\">Leggi tutto<\/a><\/p>\n","protected":false},"author":5,"featured_media":0,"parent":4309,"menu_order":0,"comment_status":"closed","ping_status":"closed","template":"elementor_header_footer","meta":{"footnotes":""},"class_list":["post-14796","page","type-page","status-publish"],"yoast_head":"<!-- This site is optimized with the Yoast SEO plugin v27.5 - https:\/\/yoast.com\/product\/yoast-seo-wordpress\/ -->\n<title>Efficienza energetica<\/title>\n<meta name=\"description\" content=\"Efficienza energeticaEfficienza energetica + 0 Alberi equivalenti + 0 t\/anno CO\u2082 evitato + 0 Famiglie equivalenti + 0 L Benzina risparmiata + 0 Km\" \/>\n<meta name=\"robots\" content=\"index, follow, max-snippet:-1, max-image-preview:large, max-video-preview:-1\" \/>\n<link rel=\"canonical\" href=\"https:\/\/www.grupocatala.com\/it\/sostenibilita\/efficienza-energetica\/\" \/>\n<meta property=\"og:locale\" content=\"it_IT\" \/>\n<meta property=\"og:type\" content=\"article\" \/>\n<meta property=\"og:title\" content=\"Efficienza energetica\" \/>\n<meta property=\"og:description\" content=\"Efficienza energeticaEfficienza energetica + 0 Alberi equivalenti + 0 t\/anno CO\u2082 evitato + 0 Famiglie equivalenti + 0 L Benzina risparmiata + 0 Km\" \/>\n<meta property=\"og:url\" content=\"https:\/\/www.grupocatala.com\/it\/sostenibilita\/efficienza-energetica\/\" \/>\n<meta property=\"og:site_name\" content=\"GRUPO CATAL\u00c0\" \/>\n<meta property=\"article:modified_time\" content=\"2026-02-05T08:16:50+00:00\" \/>\n<meta name=\"twitter:card\" content=\"summary_large_image\" \/>\n<meta name=\"twitter:label1\" content=\"Tempo di lettura stimato\" \/>\n\t<meta name=\"twitter:data1\" content=\"2 minutes\" \/>\n<script type=\"application\/ld+json\" class=\"yoast-schema-graph\">{\"@context\":\"https:\\\/\\\/schema.org\",\"@graph\":[{\"@type\":\"WebPage\",\"@id\":\"https:\\\/\\\/www.grupocatala.com\\\/it\\\/sostenibilita\\\/efficienza-energetica\\\/\",\"url\":\"https:\\\/\\\/www.grupocatala.com\\\/it\\\/sostenibilita\\\/efficienza-energetica\\\/\",\"name\":\"Efficienza energetica\",\"isPartOf\":{\"@id\":\"https:\\\/\\\/www.grupocatala.com\\\/it\\\/#website\"},\"datePublished\":\"2025-10-22T08:49:30+00:00\",\"dateModified\":\"2026-02-05T08:16:50+00:00\",\"description\":\"Efficienza energeticaEfficienza energetica + 0 Alberi equivalenti + 0 t\\\/anno CO\u2082 evitato + 0 Famiglie equivalenti + 0 L Benzina risparmiata + 0 Km\",\"breadcrumb\":{\"@id\":\"https:\\\/\\\/www.grupocatala.com\\\/it\\\/sostenibilita\\\/efficienza-energetica\\\/#breadcrumb\"},\"inLanguage\":\"it-IT\",\"potentialAction\":[{\"@type\":\"ReadAction\",\"target\":[\"https:\\\/\\\/www.grupocatala.com\\\/it\\\/sostenibilita\\\/efficienza-energetica\\\/\"]}]},{\"@type\":\"BreadcrumbList\",\"@id\":\"https:\\\/\\\/www.grupocatala.com\\\/it\\\/sostenibilita\\\/efficienza-energetica\\\/#breadcrumb\",\"itemListElement\":[{\"@type\":\"ListItem\",\"position\":1,\"name\":\"Portada\",\"item\":\"https:\\\/\\\/www.grupocatala.com\\\/it\\\/\"},{\"@type\":\"ListItem\",\"position\":2,\"name\":\"SOSTENIBILIT\u00c0\",\"item\":\"https:\\\/\\\/www.grupocatala.com\\\/it\\\/sostenibilita\\\/\"},{\"@type\":\"ListItem\",\"position\":3,\"name\":\"Efficienza energetica\"}]},{\"@type\":\"WebSite\",\"@id\":\"https:\\\/\\\/www.grupocatala.com\\\/it\\\/#website\",\"url\":\"https:\\\/\\\/www.grupocatala.com\\\/it\\\/\",\"name\":\"GRUPO CATAL\u00c0\",\"description\":\"\",\"publisher\":{\"@id\":\"https:\\\/\\\/www.grupocatala.com\\\/it\\\/#organization\"},\"potentialAction\":[{\"@type\":\"SearchAction\",\"target\":{\"@type\":\"EntryPoint\",\"urlTemplate\":\"https:\\\/\\\/www.grupocatala.com\\\/it\\\/?s={search_term_string}\"},\"query-input\":{\"@type\":\"PropertyValueSpecification\",\"valueRequired\":true,\"valueName\":\"search_term_string\"}}],\"inLanguage\":\"it-IT\"},{\"@type\":\"Organization\",\"@id\":\"https:\\\/\\\/www.grupocatala.com\\\/it\\\/#organization\",\"name\":\"Grupo Catala\",\"url\":\"https:\\\/\\\/www.grupocatala.com\\\/it\\\/\",\"logo\":{\"@type\":\"ImageObject\",\"inLanguage\":\"it-IT\",\"@id\":\"https:\\\/\\\/www.grupocatala.com\\\/it\\\/#\\\/schema\\\/logo\\\/image\\\/\",\"url\":\"https:\\\/\\\/i0.wp.com\\\/www.grupocatala.com\\\/wp-content\\\/uploads\\\/2020\\\/03\\\/cropped-logo_blanc-1.png?fit=250%2C57&ssl=1\",\"contentUrl\":\"https:\\\/\\\/i0.wp.com\\\/www.grupocatala.com\\\/wp-content\\\/uploads\\\/2020\\\/03\\\/cropped-logo_blanc-1.png?fit=250%2C57&ssl=1\",\"width\":250,\"height\":57,\"caption\":\"Grupo Catala\"},\"image\":{\"@id\":\"https:\\\/\\\/www.grupocatala.com\\\/it\\\/#\\\/schema\\\/logo\\\/image\\\/\"},\"sameAs\":[\"https:\\\/\\\/www.instagram.com\\\/grupocatala\"]}]}<\/script>\n<!-- \/ Yoast SEO plugin. -->","yoast_head_json":{"title":"Efficienza energetica","description":"Efficienza energeticaEfficienza energetica + 0 Alberi equivalenti + 0 t\/anno CO\u2082 evitato + 0 Famiglie equivalenti + 0 L Benzina risparmiata + 0 Km","robots":{"index":"index","follow":"follow","max-snippet":"max-snippet:-1","max-image-preview":"max-image-preview:large","max-video-preview":"max-video-preview:-1"},"canonical":"https:\/\/www.grupocatala.com\/it\/sostenibilita\/efficienza-energetica\/","og_locale":"it_IT","og_type":"article","og_title":"Efficienza energetica","og_description":"Efficienza energeticaEfficienza energetica + 0 Alberi equivalenti + 0 t\/anno CO\u2082 evitato + 0 Famiglie equivalenti + 0 L Benzina risparmiata + 0 Km","og_url":"https:\/\/www.grupocatala.com\/it\/sostenibilita\/efficienza-energetica\/","og_site_name":"GRUPO CATAL\u00c0","article_modified_time":"2026-02-05T08:16:50+00:00","twitter_card":"summary_large_image","twitter_misc":{"Tempo di lettura stimato":"2 minutes"},"schema":{"@context":"https:\/\/schema.org","@graph":[{"@type":"WebPage","@id":"https:\/\/www.grupocatala.com\/it\/sostenibilita\/efficienza-energetica\/","url":"https:\/\/www.grupocatala.com\/it\/sostenibilita\/efficienza-energetica\/","name":"Efficienza energetica","isPartOf":{"@id":"https:\/\/www.grupocatala.com\/it\/#website"},"datePublished":"2025-10-22T08:49:30+00:00","dateModified":"2026-02-05T08:16:50+00:00","description":"Efficienza energeticaEfficienza energetica + 0 Alberi equivalenti + 0 t\/anno CO\u2082 evitato + 0 Famiglie equivalenti + 0 L Benzina risparmiata + 0 Km","breadcrumb":{"@id":"https:\/\/www.grupocatala.com\/it\/sostenibilita\/efficienza-energetica\/#breadcrumb"},"inLanguage":"it-IT","potentialAction":[{"@type":"ReadAction","target":["https:\/\/www.grupocatala.com\/it\/sostenibilita\/efficienza-energetica\/"]}]},{"@type":"BreadcrumbList","@id":"https:\/\/www.grupocatala.com\/it\/sostenibilita\/efficienza-energetica\/#breadcrumb","itemListElement":[{"@type":"ListItem","position":1,"name":"Portada","item":"https:\/\/www.grupocatala.com\/it\/"},{"@type":"ListItem","position":2,"name":"SOSTENIBILIT\u00c0","item":"https:\/\/www.grupocatala.com\/it\/sostenibilita\/"},{"@type":"ListItem","position":3,"name":"Efficienza energetica"}]},{"@type":"WebSite","@id":"https:\/\/www.grupocatala.com\/it\/#website","url":"https:\/\/www.grupocatala.com\/it\/","name":"GRUPO CATAL\u00c0","description":"","publisher":{"@id":"https:\/\/www.grupocatala.com\/it\/#organization"},"potentialAction":[{"@type":"SearchAction","target":{"@type":"EntryPoint","urlTemplate":"https:\/\/www.grupocatala.com\/it\/?s={search_term_string}"},"query-input":{"@type":"PropertyValueSpecification","valueRequired":true,"valueName":"search_term_string"}}],"inLanguage":"it-IT"},{"@type":"Organization","@id":"https:\/\/www.grupocatala.com\/it\/#organization","name":"Grupo Catala","url":"https:\/\/www.grupocatala.com\/it\/","logo":{"@type":"ImageObject","inLanguage":"it-IT","@id":"https:\/\/www.grupocatala.com\/it\/#\/schema\/logo\/image\/","url":"https:\/\/i0.wp.com\/www.grupocatala.com\/wp-content\/uploads\/2020\/03\/cropped-logo_blanc-1.png?fit=250%2C57&ssl=1","contentUrl":"https:\/\/i0.wp.com\/www.grupocatala.com\/wp-content\/uploads\/2020\/03\/cropped-logo_blanc-1.png?fit=250%2C57&ssl=1","width":250,"height":57,"caption":"Grupo Catala"},"image":{"@id":"https:\/\/www.grupocatala.com\/it\/#\/schema\/logo\/image\/"},"sameAs":["https:\/\/www.instagram.com\/grupocatala"]}]}},"jetpack_sharing_enabled":true,"_links":{"self":[{"href":"https:\/\/www.grupocatala.com\/it\/wp-json\/wp\/v2\/pages\/14796","targetHints":{"allow":["GET"]}}],"collection":[{"href":"https:\/\/www.grupocatala.com\/it\/wp-json\/wp\/v2\/pages"}],"about":[{"href":"https:\/\/www.grupocatala.com\/it\/wp-json\/wp\/v2\/types\/page"}],"author":[{"embeddable":true,"href":"https:\/\/www.grupocatala.com\/it\/wp-json\/wp\/v2\/users\/5"}],"replies":[{"embeddable":true,"href":"https:\/\/www.grupocatala.com\/it\/wp-json\/wp\/v2\/comments?post=14796"}],"version-history":[{"count":21,"href":"https:\/\/www.grupocatala.com\/it\/wp-json\/wp\/v2\/pages\/14796\/revisions"}],"predecessor-version":[{"id":17059,"href":"https:\/\/www.grupocatala.com\/it\/wp-json\/wp\/v2\/pages\/14796\/revisions\/17059"}],"up":[{"embeddable":true,"href":"https:\/\/www.grupocatala.com\/it\/wp-json\/wp\/v2\/pages\/4309"}],"wp:attachment":[{"href":"https:\/\/www.grupocatala.com\/it\/wp-json\/wp\/v2\/media?parent=14796"}],"curies":[{"name":"wp","href":"https:\/\/api.w.org\/{rel}","templated":true}]}}