{"id":11424,"date":"2023-06-27T10:27:00","date_gmt":"2023-06-27T08:27:00","guid":{"rendered":"https:\/\/www.grupocatala.com\/?page_id=11424"},"modified":"2026-02-04T16:15:44","modified_gmt":"2026-02-04T15:15:44","slug":"compliance","status":"publish","type":"page","link":"https:\/\/www.grupocatala.com\/it\/gruppo\/compliance\/","title":{"rendered":"Compliance"},"content":{"rendered":"\t\t<div data-elementor-type=\"wp-page\" data-elementor-id=\"11424\" class=\"elementor elementor-11424 elementor-9126\" data-elementor-post-type=\"page\">\n\t\t\t\t\t\t<section class=\"elementor-section elementor-top-section elementor-element elementor-element-32dce9f8 elementor-section-full_width elementor-section-height-default elementor-section-height-default\" data-id=\"32dce9f8\" data-element_type=\"section\" data-e-type=\"section\" data-settings=\"{&quot;background_background&quot;:&quot;classic&quot;}\">\n\t\t\t\t\t\t<div class=\"elementor-container elementor-column-gap-default\">\n\t\t\t\t\t<div class=\"elementor-column elementor-col-100 elementor-top-column elementor-element elementor-element-488de1b7 elementor-invisible\" data-id=\"488de1b7\" data-element_type=\"column\" data-e-type=\"column\" data-settings=\"{&quot;animation&quot;:&quot;fadeIn&quot;}\">\n\t\t\t<div class=\"elementor-widget-wrap elementor-element-populated\">\n\t\t\t\t\t\t<div class=\"elementor-element elementor-element-9229b3c elementor--h-position-center elementor--v-position-middle elementor-arrows-position-inside elementor-pagination-position-inside elementor-widget elementor-widget-slides\" data-id=\"9229b3c\" data-element_type=\"widget\" data-e-type=\"widget\" data-settings=\"{&quot;navigation&quot;:&quot;both&quot;,&quot;autoplay&quot;:&quot;yes&quot;,&quot;pause_on_hover&quot;:&quot;yes&quot;,&quot;pause_on_interaction&quot;:&quot;yes&quot;,&quot;autoplay_speed&quot;:5000,&quot;infinite&quot;:&quot;yes&quot;,&quot;transition&quot;:&quot;slide&quot;,&quot;transition_speed&quot;:500}\" data-widget_type=\"slides.default\">\n\t\t\t\t<div class=\"elementor-widget-container\">\n\t\t\t\t\t\t\t\t\t<div class=\"elementor-swiper\">\n\t\t\t\t\t<div class=\"elementor-slides-wrapper elementor-main-swiper swiper\" role=\"region\" aria-roledescription=\"carousel\" aria-label=\"Diapositivas\" dir=\"ltr\" data-animation=\"fadeInUp\">\n\t\t\t\t<div class=\"swiper-wrapper elementor-slides\">\n\t\t\t\t\t\t\t\t\t\t<div class=\"elementor-repeater-item-329fcfe swiper-slide\" role=\"group\" aria-roledescription=\"slide\"><div class=\"swiper-slide-bg elementor-ken-burns elementor-ken-burns--in\" role=\"img\" aria-label=\"chris-robert-mmNJkLqxAnQ-unsplash (1)\"><\/div><div class=\"swiper-slide-inner\" ><div class=\"swiper-slide-contents\"><div class=\"elementor-slide-heading\">Compliance<\/div><\/div><\/div><\/div>\t\t\t\t<\/div>\n\t\t\t\t\t\t\t<\/div>\n\t\t\t\t<\/div>\n\t\t\t\t\t\t\t\t<\/div>\n\t\t\t\t<\/div>\n\t\t\t\t\t<\/div>\n\t\t<\/div>\n\t\t\t\t\t<\/div>\n\t\t<\/section>\n\t\t\t\t<section class=\"elementor-section elementor-top-section elementor-element elementor-element-7ed18b2 elementor-section-boxed elementor-section-height-default elementor-section-height-default\" data-id=\"7ed18b2\" data-element_type=\"section\" data-e-type=\"section\">\n\t\t\t\t\t\t<div class=\"elementor-container elementor-column-gap-default\">\n\t\t\t\t\t<div class=\"elementor-column elementor-col-100 elementor-top-column elementor-element elementor-element-59ce19d9\" data-id=\"59ce19d9\" data-element_type=\"column\" data-e-type=\"column\">\n\t\t\t<div class=\"elementor-widget-wrap elementor-element-populated\">\n\t\t\t\t\t\t<div class=\"elementor-element elementor-element-2a4e31e0 elementor-widget elementor-widget-spacer\" data-id=\"2a4e31e0\" data-element_type=\"widget\" data-e-type=\"widget\" data-widget_type=\"spacer.default\">\n\t\t\t\t<div class=\"elementor-widget-container\">\n\t\t\t\t\t\t\t<div class=\"elementor-spacer\">\n\t\t\t<div class=\"elementor-spacer-inner\"><\/div>\n\t\t<\/div>\n\t\t\t\t\t\t<\/div>\n\t\t\t\t<\/div>\n\t\t\t\t\t<\/div>\n\t\t<\/div>\n\t\t\t\t\t<\/div>\n\t\t<\/section>\n\t\t\t\t<section class=\"elementor-section elementor-top-section elementor-element elementor-element-22ea8fd elementor-section-boxed elementor-section-height-default elementor-section-height-default\" data-id=\"22ea8fd\" data-element_type=\"section\" data-e-type=\"section\">\n\t\t\t\t\t\t<div class=\"elementor-container elementor-column-gap-default\">\n\t\t\t\t\t<div class=\"elementor-column elementor-col-50 elementor-top-column elementor-element elementor-element-781f237c\" data-id=\"781f237c\" data-element_type=\"column\" data-e-type=\"column\">\n\t\t\t<div class=\"elementor-widget-wrap elementor-element-populated\">\n\t\t\t\t\t\t<div class=\"elementor-element elementor-element-129d9bd7 elementor-widget elementor-widget-text-editor\" data-id=\"129d9bd7\" data-element_type=\"widget\" data-e-type=\"widget\" data-widget_type=\"text-editor.default\">\n\t\t\t\t<div class=\"elementor-widget-container\">\n\t\t\t\t\t\t\t\t\t<p>La politica di responsabilit\u00e0 sociale mira a promuovere una cultura della responsabilit\u00e0, su base globale, che contribuisca alla creazione di valore in modo sostenibile per la societ\u00e0, i partner, i cittadini, i clienti e le comunit\u00e0 in cui le societ\u00e0 del Gruppo Catal\u00e1 svolgono le loro attivit\u00e0.<\/p><p>Uno dei nostri impegni \u00e8 remunerare equamente tutti i gruppi che contribuiscono al successo del nostro progetto imprenditoriale e intraprendono nuovi investimenti considerando il loro ritorno sociale, generando occupazione e ricchezza per la societ\u00e0 con una visione a lungo termine che cerca un futuro migliore senza compromettere il presente risultati.<\/p><p>Lo scopo della Politica Generale di Responsabilit\u00e0 Sociale \u00e8 quello di stabilire i principi di base e il quadro generale di azione. Questa politica \u00e8 specificata nei seguenti impegni.<\/p><ul><li>Gestione delle risorse umane<\/li><li>Prevenzione dei rischi professionali<\/li><li>Etica professionale<\/li><li>Ambiente<\/li><li>Qualit\u00e0, sicurezza alimentare e frodi alimentari.<\/li><\/ul>\t\t\t\t\t\t\t\t<\/div>\n\t\t\t\t<\/div>\n\t\t\t\t\t<\/div>\n\t\t<\/div>\n\t\t\t\t<div class=\"elementor-column elementor-col-50 elementor-top-column elementor-element elementor-element-76d8dd91\" data-id=\"76d8dd91\" data-element_type=\"column\" data-e-type=\"column\">\n\t\t\t<div class=\"elementor-widget-wrap elementor-element-populated\">\n\t\t\t\t\t\t<div class=\"elementor-element elementor-element-1d514a63 elementor-widget elementor-widget-text-editor\" data-id=\"1d514a63\" data-element_type=\"widget\" data-e-type=\"widget\" data-widget_type=\"text-editor.default\">\n\t\t\t\t<div class=\"elementor-widget-container\">\n\t\t\t\t\t\t\t\t\t<p>Abbiamo i nostri canali per la segnalazione delle irregolarit\u00e0 che tutelano l&#8217;azienda, i denuncianti e gli interessati, puoi accedere al canale di segnalazione cliccando <a href=\"https:\/\/registradenuncia.com\/grupodomingocatala\">QUI<\/a><\/p><p>La cultura aziendale del Grupo Catal\u00e0 \u00e8 caratterizzata da chiara responsabilit\u00e0, rispetto reciproco, fiducia, integrit\u00e0 e trasparenza.<\/p><p>La condotta legale, la concorrenza leale e il rispetto dei diritti umani sono parte integrante delle nostre attivit\u00e0 commerciali e una condizione importante per raggiungere un successo duraturo che pu\u00f2 essere raggiunto solo rispettando i requisiti legali.<\/p><p>La tutela di valori quali onest\u00e0, integrit\u00e0, correttezza e fiducia \u00e8 alla base del nostro sistema di reclami, creato al fine di garantire il rispetto della normativa nazionale ed internazionale vigente, nonch\u00e9 quella dell&#8217;azienda stessa.<\/p><p>Da oltre 10 anni, al Grupo Catal\u00e1, lavoriamo con Sedex, uno dei fornitori di servizi di commercio etico leader a livello mondiale, utilizzando i suoi strumenti di verifica della valutazione delle pratiche e la sua rete di comunit\u00e0 per supportare e migliorare continuamente le pratiche sociali e l&#8217;etica in tutta la nostra catena di fornitura.<\/p><p><img decoding=\"async\" data-recalc-dims=\"1\" src=\"https:\/\/i0.wp.com\/www.grupocatala.com\/wp-content\/uploads\/2021\/02\/476474.png?resize=219%2C81&#038;ssl=1\" alt=\"\" width=\"219\" height=\"81\" \/><\/p>\t\t\t\t\t\t\t\t<\/div>\n\t\t\t\t<\/div>\n\t\t\t\t\t<\/div>\n\t\t<\/div>\n\t\t\t\t\t<\/div>\n\t\t<\/section>\n\t\t\t\t<\/div>\n\t\t","protected":false},"excerpt":{"rendered":"<p>Compliance La politica di responsabilit\u00e0 sociale mira a promuovere una cultura della responsabilit\u00e0, su base globale, che contribuisca alla creazione di valore in modo sostenibile per la societ\u00e0, i partner, &#8230; <a title=\"Compliance\" class=\"read-more\" href=\"https:\/\/www.grupocatala.com\/it\/gruppo\/compliance\/\" aria-label=\"Per saperne di pi\u00f9 su Compliance\">Leggi tutto<\/a><\/p>\n","protected":false},"author":1,"featured_media":0,"parent":4299,"menu_order":0,"comment_status":"closed","ping_status":"closed","template":"elementor_header_footer","meta":{"footnotes":""},"class_list":["post-11424","page","type-page","status-publish"],"yoast_head":"<!-- This site is optimized with the Yoast SEO plugin v27.6 - https:\/\/yoast.com\/product\/yoast-seo-wordpress\/ -->\n<title>Compliance<\/title>\n<meta name=\"description\" content=\"Compliance La politica di responsabilit\u00e0 sociale mira a promuovere una cultura della responsabilit\u00e0, su base globale, che contribuisca alla creazione di\" \/>\n<meta name=\"robots\" content=\"index, follow, max-snippet:-1, max-image-preview:large, max-video-preview:-1\" \/>\n<link rel=\"canonical\" href=\"https:\/\/www.grupocatala.com\/it\/gruppo\/compliance\/\" \/>\n<meta property=\"og:locale\" content=\"it_IT\" \/>\n<meta property=\"og:type\" content=\"article\" \/>\n<meta property=\"og:title\" content=\"Compliance\" \/>\n<meta property=\"og:description\" content=\"Compliance La politica di responsabilit\u00e0 sociale mira a promuovere una cultura della responsabilit\u00e0, su base globale, che contribuisca alla creazione di\" \/>\n<meta property=\"og:url\" content=\"https:\/\/www.grupocatala.com\/it\/gruppo\/compliance\/\" \/>\n<meta property=\"og:site_name\" content=\"GRUPO CATAL\u00c0\" \/>\n<meta property=\"article:modified_time\" content=\"2026-02-04T15:15:44+00:00\" \/>\n<meta property=\"og:image\" content=\"https:\/\/www.grupocatala.com\/wp-content\/uploads\/2021\/02\/476474.png\" \/>\n<meta name=\"twitter:card\" content=\"summary_large_image\" \/>\n<meta name=\"twitter:label1\" content=\"Tempo di lettura stimato\" \/>\n\t<meta name=\"twitter:data1\" content=\"2 minutes\" \/>\n<script type=\"application\/ld+json\" class=\"yoast-schema-graph\">{\"@context\":\"https:\\\/\\\/schema.org\",\"@graph\":[{\"@type\":\"WebPage\",\"@id\":\"https:\\\/\\\/www.grupocatala.com\\\/it\\\/gruppo\\\/compliance\\\/\",\"url\":\"https:\\\/\\\/www.grupocatala.com\\\/it\\\/gruppo\\\/compliance\\\/\",\"name\":\"Compliance\",\"isPartOf\":{\"@id\":\"https:\\\/\\\/www.grupocatala.com\\\/it\\\/#website\"},\"primaryImageOfPage\":{\"@id\":\"https:\\\/\\\/www.grupocatala.com\\\/it\\\/gruppo\\\/compliance\\\/#primaryimage\"},\"image\":{\"@id\":\"https:\\\/\\\/www.grupocatala.com\\\/it\\\/gruppo\\\/compliance\\\/#primaryimage\"},\"thumbnailUrl\":\"https:\\\/\\\/www.grupocatala.com\\\/wp-content\\\/uploads\\\/2021\\\/02\\\/476474.png\",\"datePublished\":\"2023-06-27T08:27:00+00:00\",\"dateModified\":\"2026-02-04T15:15:44+00:00\",\"description\":\"Compliance La politica di responsabilit\u00e0 sociale mira a promuovere una cultura della responsabilit\u00e0, su base globale, che contribuisca alla creazione di\",\"breadcrumb\":{\"@id\":\"https:\\\/\\\/www.grupocatala.com\\\/it\\\/gruppo\\\/compliance\\\/#breadcrumb\"},\"inLanguage\":\"it-IT\",\"potentialAction\":[{\"@type\":\"ReadAction\",\"target\":[\"https:\\\/\\\/www.grupocatala.com\\\/it\\\/gruppo\\\/compliance\\\/\"]}]},{\"@type\":\"ImageObject\",\"inLanguage\":\"it-IT\",\"@id\":\"https:\\\/\\\/www.grupocatala.com\\\/it\\\/gruppo\\\/compliance\\\/#primaryimage\",\"url\":\"https:\\\/\\\/www.grupocatala.com\\\/wp-content\\\/uploads\\\/2021\\\/02\\\/476474.png\",\"contentUrl\":\"https:\\\/\\\/www.grupocatala.com\\\/wp-content\\\/uploads\\\/2021\\\/02\\\/476474.png\"},{\"@type\":\"BreadcrumbList\",\"@id\":\"https:\\\/\\\/www.grupocatala.com\\\/it\\\/gruppo\\\/compliance\\\/#breadcrumb\",\"itemListElement\":[{\"@type\":\"ListItem\",\"position\":1,\"name\":\"Portada\",\"item\":\"https:\\\/\\\/www.grupocatala.com\\\/it\\\/\"},{\"@type\":\"ListItem\",\"position\":2,\"name\":\"GRUPPO\",\"item\":\"https:\\\/\\\/www.grupocatala.com\\\/it\\\/gruppo\\\/\"},{\"@type\":\"ListItem\",\"position\":3,\"name\":\"Compliance\"}]},{\"@type\":\"WebSite\",\"@id\":\"https:\\\/\\\/www.grupocatala.com\\\/it\\\/#website\",\"url\":\"https:\\\/\\\/www.grupocatala.com\\\/it\\\/\",\"name\":\"GRUPO CATAL\u00c0\",\"description\":\"\",\"publisher\":{\"@id\":\"https:\\\/\\\/www.grupocatala.com\\\/it\\\/#organization\"},\"potentialAction\":[{\"@type\":\"SearchAction\",\"target\":{\"@type\":\"EntryPoint\",\"urlTemplate\":\"https:\\\/\\\/www.grupocatala.com\\\/it\\\/?s={search_term_string}\"},\"query-input\":{\"@type\":\"PropertyValueSpecification\",\"valueRequired\":true,\"valueName\":\"search_term_string\"}}],\"inLanguage\":\"it-IT\"},{\"@type\":\"Organization\",\"@id\":\"https:\\\/\\\/www.grupocatala.com\\\/it\\\/#organization\",\"name\":\"Grupo Catala\",\"url\":\"https:\\\/\\\/www.grupocatala.com\\\/it\\\/\",\"logo\":{\"@type\":\"ImageObject\",\"inLanguage\":\"it-IT\",\"@id\":\"https:\\\/\\\/www.grupocatala.com\\\/it\\\/#\\\/schema\\\/logo\\\/image\\\/\",\"url\":\"https:\\\/\\\/i0.wp.com\\\/www.grupocatala.com\\\/wp-content\\\/uploads\\\/2020\\\/03\\\/cropped-logo_blanc-1.png?fit=250%2C57&ssl=1\",\"contentUrl\":\"https:\\\/\\\/i0.wp.com\\\/www.grupocatala.com\\\/wp-content\\\/uploads\\\/2020\\\/03\\\/cropped-logo_blanc-1.png?fit=250%2C57&ssl=1\",\"width\":250,\"height\":57,\"caption\":\"Grupo Catala\"},\"image\":{\"@id\":\"https:\\\/\\\/www.grupocatala.com\\\/it\\\/#\\\/schema\\\/logo\\\/image\\\/\"},\"sameAs\":[\"https:\\\/\\\/www.instagram.com\\\/grupocatala\"]}]}<\/script>\n<!-- \/ Yoast SEO plugin. -->","yoast_head_json":{"title":"Compliance","description":"Compliance La politica di responsabilit\u00e0 sociale mira a promuovere una cultura della responsabilit\u00e0, su base globale, che contribuisca alla creazione di","robots":{"index":"index","follow":"follow","max-snippet":"max-snippet:-1","max-image-preview":"max-image-preview:large","max-video-preview":"max-video-preview:-1"},"canonical":"https:\/\/www.grupocatala.com\/it\/gruppo\/compliance\/","og_locale":"it_IT","og_type":"article","og_title":"Compliance","og_description":"Compliance La politica di responsabilit\u00e0 sociale mira a promuovere una cultura della responsabilit\u00e0, su base globale, che contribuisca alla creazione di","og_url":"https:\/\/www.grupocatala.com\/it\/gruppo\/compliance\/","og_site_name":"GRUPO CATAL\u00c0","article_modified_time":"2026-02-04T15:15:44+00:00","og_image":[{"url":"https:\/\/www.grupocatala.com\/wp-content\/uploads\/2021\/02\/476474.png","type":"","width":"","height":""}],"twitter_card":"summary_large_image","twitter_misc":{"Tempo di lettura stimato":"2 minutes"},"schema":{"@context":"https:\/\/schema.org","@graph":[{"@type":"WebPage","@id":"https:\/\/www.grupocatala.com\/it\/gruppo\/compliance\/","url":"https:\/\/www.grupocatala.com\/it\/gruppo\/compliance\/","name":"Compliance","isPartOf":{"@id":"https:\/\/www.grupocatala.com\/it\/#website"},"primaryImageOfPage":{"@id":"https:\/\/www.grupocatala.com\/it\/gruppo\/compliance\/#primaryimage"},"image":{"@id":"https:\/\/www.grupocatala.com\/it\/gruppo\/compliance\/#primaryimage"},"thumbnailUrl":"https:\/\/www.grupocatala.com\/wp-content\/uploads\/2021\/02\/476474.png","datePublished":"2023-06-27T08:27:00+00:00","dateModified":"2026-02-04T15:15:44+00:00","description":"Compliance La politica di responsabilit\u00e0 sociale mira a promuovere una cultura della responsabilit\u00e0, su base globale, che contribuisca alla creazione di","breadcrumb":{"@id":"https:\/\/www.grupocatala.com\/it\/gruppo\/compliance\/#breadcrumb"},"inLanguage":"it-IT","potentialAction":[{"@type":"ReadAction","target":["https:\/\/www.grupocatala.com\/it\/gruppo\/compliance\/"]}]},{"@type":"ImageObject","inLanguage":"it-IT","@id":"https:\/\/www.grupocatala.com\/it\/gruppo\/compliance\/#primaryimage","url":"https:\/\/www.grupocatala.com\/wp-content\/uploads\/2021\/02\/476474.png","contentUrl":"https:\/\/www.grupocatala.com\/wp-content\/uploads\/2021\/02\/476474.png"},{"@type":"BreadcrumbList","@id":"https:\/\/www.grupocatala.com\/it\/gruppo\/compliance\/#breadcrumb","itemListElement":[{"@type":"ListItem","position":1,"name":"Portada","item":"https:\/\/www.grupocatala.com\/it\/"},{"@type":"ListItem","position":2,"name":"GRUPPO","item":"https:\/\/www.grupocatala.com\/it\/gruppo\/"},{"@type":"ListItem","position":3,"name":"Compliance"}]},{"@type":"WebSite","@id":"https:\/\/www.grupocatala.com\/it\/#website","url":"https:\/\/www.grupocatala.com\/it\/","name":"GRUPO CATAL\u00c0","description":"","publisher":{"@id":"https:\/\/www.grupocatala.com\/it\/#organization"},"potentialAction":[{"@type":"SearchAction","target":{"@type":"EntryPoint","urlTemplate":"https:\/\/www.grupocatala.com\/it\/?s={search_term_string}"},"query-input":{"@type":"PropertyValueSpecification","valueRequired":true,"valueName":"search_term_string"}}],"inLanguage":"it-IT"},{"@type":"Organization","@id":"https:\/\/www.grupocatala.com\/it\/#organization","name":"Grupo Catala","url":"https:\/\/www.grupocatala.com\/it\/","logo":{"@type":"ImageObject","inLanguage":"it-IT","@id":"https:\/\/www.grupocatala.com\/it\/#\/schema\/logo\/image\/","url":"https:\/\/i0.wp.com\/www.grupocatala.com\/wp-content\/uploads\/2020\/03\/cropped-logo_blanc-1.png?fit=250%2C57&ssl=1","contentUrl":"https:\/\/i0.wp.com\/www.grupocatala.com\/wp-content\/uploads\/2020\/03\/cropped-logo_blanc-1.png?fit=250%2C57&ssl=1","width":250,"height":57,"caption":"Grupo Catala"},"image":{"@id":"https:\/\/www.grupocatala.com\/it\/#\/schema\/logo\/image\/"},"sameAs":["https:\/\/www.instagram.com\/grupocatala"]}]}},"jetpack_sharing_enabled":true,"_links":{"self":[{"href":"https:\/\/www.grupocatala.com\/it\/wp-json\/wp\/v2\/pages\/11424","targetHints":{"allow":["GET"]}}],"collection":[{"href":"https:\/\/www.grupocatala.com\/it\/wp-json\/wp\/v2\/pages"}],"about":[{"href":"https:\/\/www.grupocatala.com\/it\/wp-json\/wp\/v2\/types\/page"}],"author":[{"embeddable":true,"href":"https:\/\/www.grupocatala.com\/it\/wp-json\/wp\/v2\/users\/1"}],"replies":[{"embeddable":true,"href":"https:\/\/www.grupocatala.com\/it\/wp-json\/wp\/v2\/comments?post=11424"}],"version-history":[{"count":3,"href":"https:\/\/www.grupocatala.com\/it\/wp-json\/wp\/v2\/pages\/11424\/revisions"}],"predecessor-version":[{"id":16932,"href":"https:\/\/www.grupocatala.com\/it\/wp-json\/wp\/v2\/pages\/11424\/revisions\/16932"}],"up":[{"embeddable":true,"href":"https:\/\/www.grupocatala.com\/it\/wp-json\/wp\/v2\/pages\/4299"}],"wp:attachment":[{"href":"https:\/\/www.grupocatala.com\/it\/wp-json\/wp\/v2\/media?parent=11424"}],"curies":[{"name":"wp","href":"https:\/\/api.w.org\/{rel}","templated":true}]}}