{"id":4822,"date":"2020-04-02T15:25:00","date_gmt":"2020-04-02T15:25:00","guid":{"rendered":"https:\/\/www.grupocatala.com\/certifications\/trazabilidad\/"},"modified":"2026-02-05T09:52:06","modified_gmt":"2026-02-05T08:52:06","slug":"tracabilite","status":"publish","type":"page","link":"https:\/\/www.grupocatala.com\/fr\/certifications\/tracabilite\/","title":{"rendered":"Tra\u00e7abilit\u00e9"},"content":{"rendered":"\t\t<div data-elementor-type=\"wp-page\" data-elementor-id=\"4822\" class=\"elementor elementor-4822 elementor-3274\" data-elementor-post-type=\"page\">\n\t\t\t\t\t\t<section class=\"elementor-section elementor-top-section elementor-element elementor-element-f78df34 elementor-section-full_width elementor-section-height-min-height elementor-section-height-default elementor-section-items-middle\" data-id=\"f78df34\" data-element_type=\"section\" data-e-type=\"section\">\n\t\t\t\t\t\t<div class=\"elementor-container elementor-column-gap-default\">\n\t\t\t\t\t<div class=\"elementor-column elementor-col-100 elementor-top-column elementor-element elementor-element-4fb42c67\" data-id=\"4fb42c67\" data-element_type=\"column\" data-e-type=\"column\">\n\t\t\t<div class=\"elementor-widget-wrap elementor-element-populated\">\n\t\t\t\t\t\t<div class=\"elementor-element elementor-element-3e4fc8fd elementor--h-position-center elementor--v-position-middle elementor-arrows-position-inside elementor-pagination-position-inside elementor-widget elementor-widget-slides\" data-id=\"3e4fc8fd\" data-element_type=\"widget\" data-e-type=\"widget\" data-settings=\"{&quot;transition&quot;:&quot;fade&quot;,&quot;navigation&quot;:&quot;both&quot;,&quot;autoplay&quot;:&quot;yes&quot;,&quot;autoplay_speed&quot;:5000,&quot;infinite&quot;:&quot;yes&quot;,&quot;transition_speed&quot;:500}\" data-widget_type=\"slides.default\">\n\t\t\t\t<div class=\"elementor-widget-container\">\n\t\t\t\t\t\t\t\t\t<div class=\"elementor-swiper\">\n\t\t\t\t\t<div class=\"elementor-slides-wrapper elementor-main-swiper swiper\" role=\"region\" aria-roledescription=\"carousel\" aria-label=\"Diapositivas\" dir=\"ltr\" data-animation=\"fadeInUp\">\n\t\t\t\t<div class=\"swiper-wrapper elementor-slides\">\n\t\t\t\t\t\t\t\t\t\t<div class=\"elementor-repeater-item-3f6ce38 swiper-slide\" role=\"group\" aria-roledescription=\"slide\"><div class=\"swiper-slide-bg elementor-ken-burns elementor-ken-burns--in\" role=\"img\" aria-label=\"28-DSC_0092 (2)\"><\/div><div class=\"swiper-slide-inner\" ><div class=\"swiper-slide-contents\"><div class=\"elementor-slide-heading\">Tra\u00e7abilit\u00e9<\/div><\/div><\/div><\/div><div class=\"elementor-repeater-item-5bb9021 swiper-slide\" role=\"group\" aria-roledescription=\"slide\"><div class=\"swiper-slide-bg elementor-ken-burns elementor-ken-burns--out\" role=\"img\" aria-label=\"28-DSC_0092 (2)\"><\/div><div class=\"swiper-slide-inner\" ><div class=\"swiper-slide-contents\"><div class=\"elementor-slide-heading\">Tra\u00e7abilit\u00e9<\/div><\/div><\/div><\/div>\t\t\t\t<\/div>\n\t\t\t\t\t\t\t\t\t\t\t\t\t\t\t<div class=\"elementor-swiper-button elementor-swiper-button-prev\" role=\"button\" tabindex=\"0\" aria-label=\"Previous slide\">\n\t\t\t\t\t\t\t<i aria-hidden=\"true\" class=\"eicon-chevron-left\"><\/i>\t\t\t\t\t\t<\/div>\n\t\t\t\t\t\t<div class=\"elementor-swiper-button elementor-swiper-button-next\" role=\"button\" tabindex=\"0\" aria-label=\"Next slide\">\n\t\t\t\t\t\t\t<i aria-hidden=\"true\" class=\"eicon-chevron-right\"><\/i>\t\t\t\t\t\t<\/div>\n\t\t\t\t\t\t\t\t\t\t\t\t\t\t\t\t<div class=\"swiper-pagination\"><\/div>\n\t\t\t\t\t\t\t\t\t\t\t\t<\/div>\n\t\t\t\t<\/div>\n\t\t\t\t\t\t\t\t<\/div>\n\t\t\t\t<\/div>\n\t\t\t\t\t<\/div>\n\t\t<\/div>\n\t\t\t\t\t<\/div>\n\t\t<\/section>\n\t\t\t\t<section class=\"elementor-section elementor-top-section elementor-element elementor-element-65b610b7 elementor-section-boxed elementor-section-height-default elementor-section-height-default\" data-id=\"65b610b7\" data-element_type=\"section\" data-e-type=\"section\">\n\t\t\t\t\t\t<div class=\"elementor-container elementor-column-gap-default\">\n\t\t\t\t\t<div class=\"elementor-column elementor-col-100 elementor-top-column elementor-element elementor-element-647e7830\" data-id=\"647e7830\" data-element_type=\"column\" data-e-type=\"column\">\n\t\t\t<div class=\"elementor-widget-wrap elementor-element-populated\">\n\t\t\t\t\t\t<div class=\"elementor-element elementor-element-6221c7e elementor-widget elementor-widget-spacer\" data-id=\"6221c7e\" data-element_type=\"widget\" data-e-type=\"widget\" data-widget_type=\"spacer.default\">\n\t\t\t\t<div class=\"elementor-widget-container\">\n\t\t\t\t\t\t\t<div class=\"elementor-spacer\">\n\t\t\t<div class=\"elementor-spacer-inner\"><\/div>\n\t\t<\/div>\n\t\t\t\t\t\t<\/div>\n\t\t\t\t<\/div>\n\t\t\t\t\t<\/div>\n\t\t<\/div>\n\t\t\t\t\t<\/div>\n\t\t<\/section>\n\t\t\t\t<section class=\"elementor-section elementor-top-section elementor-element elementor-element-5e224ea elementor-section-boxed elementor-section-height-default elementor-section-height-default\" data-id=\"5e224ea\" data-element_type=\"section\" data-e-type=\"section\">\n\t\t\t\t\t\t<div class=\"elementor-container elementor-column-gap-default\">\n\t\t\t\t\t<div class=\"elementor-column elementor-col-50 elementor-top-column elementor-element elementor-element-8a77709\" data-id=\"8a77709\" data-element_type=\"column\" data-e-type=\"column\">\n\t\t\t<div class=\"elementor-widget-wrap elementor-element-populated\">\n\t\t\t\t\t\t<div class=\"elementor-element elementor-element-336223c elementor-widget elementor-widget-heading\" data-id=\"336223c\" data-element_type=\"widget\" data-e-type=\"widget\" data-widget_type=\"heading.default\">\n\t\t\t\t<div class=\"elementor-widget-container\">\n\t\t\t\t\t<h2 class=\"elementor-heading-title elementor-size-default\">Tra\u00e7abilit\u00e9<\/h2>\t\t\t\t<\/div>\n\t\t\t\t<\/div>\n\t\t\t\t<div class=\"elementor-element elementor-element-5f143bc elementor-widget elementor-widget-text-editor\" data-id=\"5f143bc\" data-element_type=\"widget\" data-e-type=\"widget\" data-widget_type=\"text-editor.default\">\n\t\t\t\t<div class=\"elementor-widget-container\">\n\t\t\t\t\t\t\t\t\t<p>Notre syst\u00e8me de tra\u00e7abilit\u00e9 est un outil capable de suivre toutes les donn\u00e9es du champ \u00e0 l&#8217;\u00e9tag\u00e8re.<\/p><p>Les logiciels avec lesquels nous travaillons nous permettent de g\u00e9rer toutes les \u00e9tapes du processus de production. <br \/>Gestion du livre de champ : HESPERIDES <br \/>Gestion des exploitations agricoles : TOOL AGRO <br \/>Gestion commerciale : LIBRA ERP <br \/>Gestion de la tra\u00e7abilit\u00e9 par lot : TRACE-IT<\/p><p>Notre syst\u00e8me est \u00e9galement tr\u00e8s polyvalent, ce qui nous permet d&#8217;adapter le logiciel \u00e0 tout besoin sp\u00e9cifique en fonction de la demande de nos clients ou de la n\u00f4tre.<\/p>\t\t\t\t\t\t\t\t<\/div>\n\t\t\t\t<\/div>\n\t\t\t\t\t<\/div>\n\t\t<\/div>\n\t\t\t\t<div class=\"elementor-column elementor-col-50 elementor-top-column elementor-element elementor-element-e599a11\" data-id=\"e599a11\" data-element_type=\"column\" data-e-type=\"column\">\n\t\t\t<div class=\"elementor-widget-wrap elementor-element-populated\">\n\t\t\t\t\t\t<div class=\"elementor-element elementor-element-e058e0b elementor-widget elementor-widget-heading\" data-id=\"e058e0b\" data-element_type=\"widget\" data-e-type=\"widget\" data-widget_type=\"heading.default\">\n\t\t\t\t<div class=\"elementor-widget-container\">\n\t\t\t\t\t<h2 class=\"elementor-heading-title elementor-size-default\">Tra\u00e7abilit\u00e9 dans le centre de conditionnement<\/h2>\t\t\t\t<\/div>\n\t\t\t\t<\/div>\n\t\t\t\t<div class=\"elementor-element elementor-element-7de9e8f elementor-widget elementor-widget-text-editor\" data-id=\"7de9e8f\" data-element_type=\"widget\" data-e-type=\"widget\" data-widget_type=\"text-editor.default\">\n\t\t\t\t<div class=\"elementor-widget-container\">\n\t\t\t\t\t\t\t\t\t<p>Lorsque les fruits arrivent au centre de conditionnement, nous enregistrons tous les lots par exploitation agricole et date\/heure de la r\u00e9colte.<\/p><p>Ces informations sont enregistr\u00e9es num\u00e9riquement lorsque les fruits sont pr\u00eats \u00e0 rejoindre la cha\u00eene de conditionnement en cr\u00e9ant des lots de conditionnement. Cela nous permettra de retracer l&#8217;origine de tous nos produits.<\/p><p>Pour ce processus, nous utilisons du mat\u00e9riel de derni\u00e8re g\u00e9n\u00e9ration, \u00e9vitant toute erreur humaine possible. Tous nos produits sont codifi\u00e9s avec l&#8217;EAN-128 selon les derni\u00e8res normes de codification.<\/p>\t\t\t\t\t\t\t\t<\/div>\n\t\t\t\t<\/div>\n\t\t\t\t\t<\/div>\n\t\t<\/div>\n\t\t\t\t\t<\/div>\n\t\t<\/section>\n\t\t\t\t<section class=\"elementor-section elementor-top-section elementor-element elementor-element-e23c498 elementor-section-boxed elementor-section-height-default elementor-section-height-default\" data-id=\"e23c498\" data-element_type=\"section\" data-e-type=\"section\">\n\t\t\t\t\t\t<div class=\"elementor-container elementor-column-gap-default\">\n\t\t\t\t\t<div class=\"elementor-column elementor-col-100 elementor-top-column elementor-element elementor-element-6c8dbda\" data-id=\"6c8dbda\" data-element_type=\"column\" data-e-type=\"column\">\n\t\t\t<div class=\"elementor-widget-wrap elementor-element-populated\">\n\t\t\t\t\t\t<div class=\"elementor-element elementor-element-8c57060 elementor-widget elementor-widget-spacer\" data-id=\"8c57060\" data-element_type=\"widget\" data-e-type=\"widget\" data-widget_type=\"spacer.default\">\n\t\t\t\t<div class=\"elementor-widget-container\">\n\t\t\t\t\t\t\t<div class=\"elementor-spacer\">\n\t\t\t<div class=\"elementor-spacer-inner\"><\/div>\n\t\t<\/div>\n\t\t\t\t\t\t<\/div>\n\t\t\t\t<\/div>\n\t\t\t\t\t<\/div>\n\t\t<\/div>\n\t\t\t\t\t<\/div>\n\t\t<\/section>\n\t\t\t\t<section class=\"elementor-section elementor-top-section elementor-element elementor-element-0f953bb elementor-section-boxed elementor-section-height-default elementor-section-height-default\" data-id=\"0f953bb\" data-element_type=\"section\" data-e-type=\"section\" data-settings=\"{&quot;background_background&quot;:&quot;classic&quot;}\">\n\t\t\t\t\t\t<div class=\"elementor-container elementor-column-gap-default\">\n\t\t\t\t\t<div class=\"elementor-column elementor-col-100 elementor-top-column elementor-element elementor-element-b7b289c\" data-id=\"b7b289c\" data-element_type=\"column\" data-e-type=\"column\">\n\t\t\t<div class=\"elementor-widget-wrap elementor-element-populated\">\n\t\t\t\t\t\t<div class=\"elementor-element elementor-element-27a4e33 elementor-widget elementor-widget-heading\" data-id=\"27a4e33\" data-element_type=\"widget\" data-e-type=\"widget\" data-widget_type=\"heading.default\">\n\t\t\t\t<div class=\"elementor-widget-container\">\n\t\t\t\t\t<h2 class=\"elementor-heading-title elementor-size-default\">Actions contre tout probl\u00e8me potentiel<\/h2>\t\t\t\t<\/div>\n\t\t\t\t<\/div>\n\t\t\t\t<div class=\"elementor-element elementor-element-b7f10c4 elementor-widget elementor-widget-text-editor\" data-id=\"b7f10c4\" data-element_type=\"widget\" data-e-type=\"widget\" data-widget_type=\"text-editor.default\">\n\t\t\t\t<div class=\"elementor-widget-container\">\n\t\t\t\t\t\t\t\t\t<p>Notre syst\u00e8me de tra\u00e7abilit\u00e9 dispose d&#8217;outils sp\u00e9cifiques qui nous permettent de localiser n&#8217;importe quelle destination de nos produits en cas de probl\u00e8me potentiel \u00e0 la destination.<\/p><p>Nous sommes en mesure de suivre l&#8217;ensemble du processus, du champ \u00e0 l&#8217;\u00e9tag\u00e8re, y compris toutes les informations enregistr\u00e9es lors du processus de conditionnement.<\/p>\t\t\t\t\t\t\t\t<\/div>\n\t\t\t\t<\/div>\n\t\t\t\t\t<\/div>\n\t\t<\/div>\n\t\t\t\t\t<\/div>\n\t\t<\/section>\n\t\t\t\t<\/div>\n\t\t","protected":false},"excerpt":{"rendered":"<p>Tra\u00e7abilit\u00e9Tra\u00e7abilit\u00e9 Tra\u00e7abilit\u00e9 Notre syst\u00e8me de tra\u00e7abilit\u00e9 est un outil capable de suivre toutes les donn\u00e9es du champ \u00e0 l&#8217;\u00e9tag\u00e8re. Les logiciels avec lesquels nous travaillons nous permettent de g\u00e9rer toutes &#8230; <a title=\"Tra\u00e7abilit\u00e9\" class=\"read-more\" href=\"https:\/\/www.grupocatala.com\/fr\/certifications\/tracabilite\/\" aria-label=\"En savoir plus sur Tra\u00e7abilit\u00e9\">Lire la suite<\/a><\/p>\n","protected":false},"author":1,"featured_media":0,"parent":4317,"menu_order":0,"comment_status":"closed","ping_status":"closed","template":"elementor_header_footer","meta":{"footnotes":""},"class_list":["post-4822","page","type-page","status-publish"],"yoast_head":"<!-- This site is optimized with the Yoast SEO plugin v27.4 - https:\/\/yoast.com\/product\/yoast-seo-wordpress\/ -->\n<title>Tra\u00e7abilit\u00e9<\/title>\n<meta name=\"description\" content=\"Tra\u00e7abilit\u00e9Tra\u00e7abilit\u00e9 Tra\u00e7abilit\u00e9 Notre syst\u00e8me de tra\u00e7abilit\u00e9 est un outil capable de suivre toutes les donn\u00e9es du champ \u00e0 l&#039;\u00e9tag\u00e8re.Les logiciels avec\" \/>\n<meta name=\"robots\" content=\"index, follow, max-snippet:-1, max-image-preview:large, max-video-preview:-1\" \/>\n<link rel=\"canonical\" href=\"https:\/\/www.grupocatala.com\/fr\/certifications\/tracabilite\/\" \/>\n<meta property=\"og:locale\" content=\"fr_FR\" \/>\n<meta property=\"og:type\" content=\"article\" \/>\n<meta property=\"og:title\" content=\"Tra\u00e7abilit\u00e9\" \/>\n<meta property=\"og:description\" content=\"Tra\u00e7abilit\u00e9Tra\u00e7abilit\u00e9 Tra\u00e7abilit\u00e9 Notre syst\u00e8me de tra\u00e7abilit\u00e9 est un outil capable de suivre toutes les donn\u00e9es du champ \u00e0 l&#039;\u00e9tag\u00e8re.Les logiciels avec\" \/>\n<meta property=\"og:url\" content=\"https:\/\/www.grupocatala.com\/fr\/certifications\/tracabilite\/\" \/>\n<meta property=\"og:site_name\" content=\"GRUPO CATAL\u00c0\" \/>\n<meta property=\"article:modified_time\" content=\"2026-02-05T08:52:06+00:00\" \/>\n<meta name=\"twitter:card\" content=\"summary_large_image\" \/>\n<meta name=\"twitter:label1\" content=\"Dur\u00e9e de lecture estim\u00e9e\" \/>\n\t<meta name=\"twitter:data1\" content=\"1 minute\" \/>\n<script type=\"application\/ld+json\" class=\"yoast-schema-graph\">{\"@context\":\"https:\\\/\\\/schema.org\",\"@graph\":[{\"@type\":\"WebPage\",\"@id\":\"https:\\\/\\\/www.grupocatala.com\\\/fr\\\/certifications\\\/tracabilite\\\/\",\"url\":\"https:\\\/\\\/www.grupocatala.com\\\/fr\\\/certifications\\\/tracabilite\\\/\",\"name\":\"Tra\u00e7abilit\u00e9\",\"isPartOf\":{\"@id\":\"https:\\\/\\\/www.grupocatala.com\\\/fr\\\/#website\"},\"datePublished\":\"2020-04-02T15:25:00+00:00\",\"dateModified\":\"2026-02-05T08:52:06+00:00\",\"description\":\"Tra\u00e7abilit\u00e9Tra\u00e7abilit\u00e9 Tra\u00e7abilit\u00e9 Notre syst\u00e8me de tra\u00e7abilit\u00e9 est un outil capable de suivre toutes les donn\u00e9es du champ \u00e0 l'\u00e9tag\u00e8re.Les logiciels avec\",\"breadcrumb\":{\"@id\":\"https:\\\/\\\/www.grupocatala.com\\\/fr\\\/certifications\\\/tracabilite\\\/#breadcrumb\"},\"inLanguage\":\"fr-FR\",\"potentialAction\":[{\"@type\":\"ReadAction\",\"target\":[\"https:\\\/\\\/www.grupocatala.com\\\/fr\\\/certifications\\\/tracabilite\\\/\"]}]},{\"@type\":\"BreadcrumbList\",\"@id\":\"https:\\\/\\\/www.grupocatala.com\\\/fr\\\/certifications\\\/tracabilite\\\/#breadcrumb\",\"itemListElement\":[{\"@type\":\"ListItem\",\"position\":1,\"name\":\"Portada\",\"item\":\"https:\\\/\\\/www.grupocatala.com\\\/fr\\\/\"},{\"@type\":\"ListItem\",\"position\":2,\"name\":\"CERTIFICATIONS\",\"item\":\"https:\\\/\\\/www.grupocatala.com\\\/fr\\\/certifications\\\/\"},{\"@type\":\"ListItem\",\"position\":3,\"name\":\"Tra\u00e7abilit\u00e9\"}]},{\"@type\":\"WebSite\",\"@id\":\"https:\\\/\\\/www.grupocatala.com\\\/fr\\\/#website\",\"url\":\"https:\\\/\\\/www.grupocatala.com\\\/fr\\\/\",\"name\":\"GRUPO CATAL\u00c0\",\"description\":\"\",\"publisher\":{\"@id\":\"https:\\\/\\\/www.grupocatala.com\\\/fr\\\/#organization\"},\"potentialAction\":[{\"@type\":\"SearchAction\",\"target\":{\"@type\":\"EntryPoint\",\"urlTemplate\":\"https:\\\/\\\/www.grupocatala.com\\\/fr\\\/?s={search_term_string}\"},\"query-input\":{\"@type\":\"PropertyValueSpecification\",\"valueRequired\":true,\"valueName\":\"search_term_string\"}}],\"inLanguage\":\"fr-FR\"},{\"@type\":\"Organization\",\"@id\":\"https:\\\/\\\/www.grupocatala.com\\\/fr\\\/#organization\",\"name\":\"Grupo Catala\",\"url\":\"https:\\\/\\\/www.grupocatala.com\\\/fr\\\/\",\"logo\":{\"@type\":\"ImageObject\",\"inLanguage\":\"fr-FR\",\"@id\":\"https:\\\/\\\/www.grupocatala.com\\\/fr\\\/#\\\/schema\\\/logo\\\/image\\\/\",\"url\":\"https:\\\/\\\/i0.wp.com\\\/www.grupocatala.com\\\/wp-content\\\/uploads\\\/2020\\\/03\\\/cropped-logo_blanc-1.png?fit=250%2C57&ssl=1\",\"contentUrl\":\"https:\\\/\\\/i0.wp.com\\\/www.grupocatala.com\\\/wp-content\\\/uploads\\\/2020\\\/03\\\/cropped-logo_blanc-1.png?fit=250%2C57&ssl=1\",\"width\":250,\"height\":57,\"caption\":\"Grupo Catala\"},\"image\":{\"@id\":\"https:\\\/\\\/www.grupocatala.com\\\/fr\\\/#\\\/schema\\\/logo\\\/image\\\/\"},\"sameAs\":[\"https:\\\/\\\/www.instagram.com\\\/grupocatala\"]}]}<\/script>\n<!-- \/ Yoast SEO plugin. -->","yoast_head_json":{"title":"Tra\u00e7abilit\u00e9","description":"Tra\u00e7abilit\u00e9Tra\u00e7abilit\u00e9 Tra\u00e7abilit\u00e9 Notre syst\u00e8me de tra\u00e7abilit\u00e9 est un outil capable de suivre toutes les donn\u00e9es du champ \u00e0 l'\u00e9tag\u00e8re.Les logiciels avec","robots":{"index":"index","follow":"follow","max-snippet":"max-snippet:-1","max-image-preview":"max-image-preview:large","max-video-preview":"max-video-preview:-1"},"canonical":"https:\/\/www.grupocatala.com\/fr\/certifications\/tracabilite\/","og_locale":"fr_FR","og_type":"article","og_title":"Tra\u00e7abilit\u00e9","og_description":"Tra\u00e7abilit\u00e9Tra\u00e7abilit\u00e9 Tra\u00e7abilit\u00e9 Notre syst\u00e8me de tra\u00e7abilit\u00e9 est un outil capable de suivre toutes les donn\u00e9es du champ \u00e0 l'\u00e9tag\u00e8re.Les logiciels avec","og_url":"https:\/\/www.grupocatala.com\/fr\/certifications\/tracabilite\/","og_site_name":"GRUPO CATAL\u00c0","article_modified_time":"2026-02-05T08:52:06+00:00","twitter_card":"summary_large_image","twitter_misc":{"Dur\u00e9e de lecture estim\u00e9e":"1 minute"},"schema":{"@context":"https:\/\/schema.org","@graph":[{"@type":"WebPage","@id":"https:\/\/www.grupocatala.com\/fr\/certifications\/tracabilite\/","url":"https:\/\/www.grupocatala.com\/fr\/certifications\/tracabilite\/","name":"Tra\u00e7abilit\u00e9","isPartOf":{"@id":"https:\/\/www.grupocatala.com\/fr\/#website"},"datePublished":"2020-04-02T15:25:00+00:00","dateModified":"2026-02-05T08:52:06+00:00","description":"Tra\u00e7abilit\u00e9Tra\u00e7abilit\u00e9 Tra\u00e7abilit\u00e9 Notre syst\u00e8me de tra\u00e7abilit\u00e9 est un outil capable de suivre toutes les donn\u00e9es du champ \u00e0 l'\u00e9tag\u00e8re.Les logiciels avec","breadcrumb":{"@id":"https:\/\/www.grupocatala.com\/fr\/certifications\/tracabilite\/#breadcrumb"},"inLanguage":"fr-FR","potentialAction":[{"@type":"ReadAction","target":["https:\/\/www.grupocatala.com\/fr\/certifications\/tracabilite\/"]}]},{"@type":"BreadcrumbList","@id":"https:\/\/www.grupocatala.com\/fr\/certifications\/tracabilite\/#breadcrumb","itemListElement":[{"@type":"ListItem","position":1,"name":"Portada","item":"https:\/\/www.grupocatala.com\/fr\/"},{"@type":"ListItem","position":2,"name":"CERTIFICATIONS","item":"https:\/\/www.grupocatala.com\/fr\/certifications\/"},{"@type":"ListItem","position":3,"name":"Tra\u00e7abilit\u00e9"}]},{"@type":"WebSite","@id":"https:\/\/www.grupocatala.com\/fr\/#website","url":"https:\/\/www.grupocatala.com\/fr\/","name":"GRUPO CATAL\u00c0","description":"","publisher":{"@id":"https:\/\/www.grupocatala.com\/fr\/#organization"},"potentialAction":[{"@type":"SearchAction","target":{"@type":"EntryPoint","urlTemplate":"https:\/\/www.grupocatala.com\/fr\/?s={search_term_string}"},"query-input":{"@type":"PropertyValueSpecification","valueRequired":true,"valueName":"search_term_string"}}],"inLanguage":"fr-FR"},{"@type":"Organization","@id":"https:\/\/www.grupocatala.com\/fr\/#organization","name":"Grupo Catala","url":"https:\/\/www.grupocatala.com\/fr\/","logo":{"@type":"ImageObject","inLanguage":"fr-FR","@id":"https:\/\/www.grupocatala.com\/fr\/#\/schema\/logo\/image\/","url":"https:\/\/i0.wp.com\/www.grupocatala.com\/wp-content\/uploads\/2020\/03\/cropped-logo_blanc-1.png?fit=250%2C57&ssl=1","contentUrl":"https:\/\/i0.wp.com\/www.grupocatala.com\/wp-content\/uploads\/2020\/03\/cropped-logo_blanc-1.png?fit=250%2C57&ssl=1","width":250,"height":57,"caption":"Grupo Catala"},"image":{"@id":"https:\/\/www.grupocatala.com\/fr\/#\/schema\/logo\/image\/"},"sameAs":["https:\/\/www.instagram.com\/grupocatala"]}]}},"jetpack_sharing_enabled":true,"_links":{"self":[{"href":"https:\/\/www.grupocatala.com\/fr\/wp-json\/wp\/v2\/pages\/4822","targetHints":{"allow":["GET"]}}],"collection":[{"href":"https:\/\/www.grupocatala.com\/fr\/wp-json\/wp\/v2\/pages"}],"about":[{"href":"https:\/\/www.grupocatala.com\/fr\/wp-json\/wp\/v2\/types\/page"}],"author":[{"embeddable":true,"href":"https:\/\/www.grupocatala.com\/fr\/wp-json\/wp\/v2\/users\/1"}],"replies":[{"embeddable":true,"href":"https:\/\/www.grupocatala.com\/fr\/wp-json\/wp\/v2\/comments?post=4822"}],"version-history":[{"count":3,"href":"https:\/\/www.grupocatala.com\/fr\/wp-json\/wp\/v2\/pages\/4822\/revisions"}],"predecessor-version":[{"id":17102,"href":"https:\/\/www.grupocatala.com\/fr\/wp-json\/wp\/v2\/pages\/4822\/revisions\/17102"}],"up":[{"embeddable":true,"href":"https:\/\/www.grupocatala.com\/fr\/wp-json\/wp\/v2\/pages\/4317"}],"wp:attachment":[{"href":"https:\/\/www.grupocatala.com\/fr\/wp-json\/wp\/v2\/media?parent=4822"}],"curies":[{"name":"wp","href":"https:\/\/api.w.org\/{rel}","templated":true}]}}