{"id":3926,"date":"2020-03-26T12:25:15","date_gmt":"2020-03-26T12:25:15","guid":{"rendered":"https:\/\/www.grupocatala.com\/productos\/cereza\/"},"modified":"2026-02-05T10:41:01","modified_gmt":"2026-02-05T09:41:01","slug":"cerise","status":"publish","type":"page","link":"https:\/\/www.grupocatala.com\/fr\/produits\/cerise\/","title":{"rendered":"Cerise"},"content":{"rendered":"\t\t<div data-elementor-type=\"wp-page\" data-elementor-id=\"3926\" class=\"elementor elementor-3926 elementor-495\" data-elementor-post-type=\"page\">\n\t\t\t\t\t\t<section class=\"elementor-section elementor-top-section elementor-element elementor-element-697bc26c elementor-section-full_width elementor-section-height-min-height elementor-section-height-default elementor-section-items-middle\" data-id=\"697bc26c\" data-element_type=\"section\" data-e-type=\"section\">\n\t\t\t\t\t\t<div class=\"elementor-container elementor-column-gap-default\">\n\t\t\t\t\t<div class=\"elementor-column elementor-col-100 elementor-top-column elementor-element elementor-element-49e39c1f\" data-id=\"49e39c1f\" data-element_type=\"column\" data-e-type=\"column\">\n\t\t\t<div class=\"elementor-widget-wrap elementor-element-populated\">\n\t\t\t\t\t\t<div class=\"elementor-element elementor-element-54cef85c elementor--h-position-center elementor--v-position-middle elementor-arrows-position-inside elementor-pagination-position-inside elementor-widget elementor-widget-slides\" data-id=\"54cef85c\" data-element_type=\"widget\" data-e-type=\"widget\" data-settings=\"{&quot;navigation&quot;:&quot;both&quot;,&quot;autoplay&quot;:&quot;yes&quot;,&quot;pause_on_hover&quot;:&quot;yes&quot;,&quot;pause_on_interaction&quot;:&quot;yes&quot;,&quot;autoplay_speed&quot;:5000,&quot;infinite&quot;:&quot;yes&quot;,&quot;transition&quot;:&quot;slide&quot;,&quot;transition_speed&quot;:500}\" data-widget_type=\"slides.default\">\n\t\t\t\t<div class=\"elementor-widget-container\">\n\t\t\t\t\t\t\t\t\t<div class=\"elementor-swiper\">\n\t\t\t\t\t<div class=\"elementor-slides-wrapper elementor-main-swiper swiper\" role=\"region\" aria-roledescription=\"carousel\" aria-label=\"Diapositivas\" dir=\"ltr\" data-animation=\"fadeInUp\">\n\t\t\t\t<div class=\"swiper-wrapper elementor-slides\">\n\t\t\t\t\t\t\t\t\t\t<div class=\"elementor-repeater-item-3f6ce38 swiper-slide\" role=\"group\" aria-roledescription=\"slide\"><div class=\"swiper-slide-bg\" role=\"img\" aria-label=\"cereza\"><\/div><div class=\"swiper-slide-inner\" ><div class=\"swiper-slide-contents\"><div class=\"elementor-slide-heading\">Cerise<\/div><\/div><\/div><\/div>\t\t\t\t<\/div>\n\t\t\t\t\t\t\t<\/div>\n\t\t\t\t<\/div>\n\t\t\t\t\t\t\t\t<\/div>\n\t\t\t\t<\/div>\n\t\t\t\t\t<\/div>\n\t\t<\/div>\n\t\t\t\t\t<\/div>\n\t\t<\/section>\n\t\t\t\t<section class=\"elementor-section elementor-top-section elementor-element elementor-element-304820fd elementor-section-boxed elementor-section-height-default elementor-section-height-default\" data-id=\"304820fd\" data-element_type=\"section\" data-e-type=\"section\">\n\t\t\t\t\t\t<div class=\"elementor-container elementor-column-gap-default\">\n\t\t\t\t\t<div class=\"elementor-column elementor-col-100 elementor-top-column elementor-element elementor-element-39525a43\" data-id=\"39525a43\" data-element_type=\"column\" data-e-type=\"column\">\n\t\t\t<div class=\"elementor-widget-wrap elementor-element-populated\">\n\t\t\t\t\t\t<div class=\"elementor-element elementor-element-49d2d9f3 elementor-widget elementor-widget-spacer\" data-id=\"49d2d9f3\" data-element_type=\"widget\" data-e-type=\"widget\" data-widget_type=\"spacer.default\">\n\t\t\t\t<div class=\"elementor-widget-container\">\n\t\t\t\t\t\t\t<div class=\"elementor-spacer\">\n\t\t\t<div class=\"elementor-spacer-inner\"><\/div>\n\t\t<\/div>\n\t\t\t\t\t\t<\/div>\n\t\t\t\t<\/div>\n\t\t\t\t\t<\/div>\n\t\t<\/div>\n\t\t\t\t\t<\/div>\n\t\t<\/section>\n\t\t\t\t<section class=\"elementor-section elementor-top-section elementor-element elementor-element-3c34a2f1 elementor-section-boxed elementor-section-height-default elementor-section-height-default\" data-id=\"3c34a2f1\" data-element_type=\"section\" data-e-type=\"section\">\n\t\t\t\t\t\t<div class=\"elementor-container elementor-column-gap-default\">\n\t\t\t\t\t<div class=\"elementor-column elementor-col-50 elementor-top-column elementor-element elementor-element-4bc5e07e\" data-id=\"4bc5e07e\" data-element_type=\"column\" data-e-type=\"column\">\n\t\t\t<div class=\"elementor-widget-wrap elementor-element-populated\">\n\t\t\t\t\t\t<div class=\"elementor-element elementor-element-7d882012 elementor-widget elementor-widget-text-editor\" data-id=\"7d882012\" data-element_type=\"widget\" data-e-type=\"widget\" data-widget_type=\"text-editor.default\">\n\t\t\t\t<div class=\"elementor-widget-container\">\n\t\t\t\t\t\t\t\t\t<div class=\"col-xs-12 col-sm-6 col-md-4 col-lg-4\"><div class=\"texte\"><div class=\"col-xs-12 col-sm-6 col-md-4 col-lg-4\"><div class=\"texte\"><p>La cerise est le fruit de beaucoup d&#8217;usines du genre Prunus, charnu en pierre. Les fruits de cerise sont g\u00e9n\u00e9ralement obtenus \u00e0 partir d&#8217;un nombre limit\u00e9 d&#8217;esp\u00e8ces, y compris en particulier cultivars de cerises sauvages, Prunus avium. Le nom de &#8220;cerise&#8221;, souvent comme \u00abcerise\u00bb l&#8217; terme compos\u00e9 peut \u00e9galement \u00eatre appliqu\u00e9e \u00e0 de nombreux autres membres du genre Prunus, ou tout les membres du genre comme un terme g\u00e9n\u00e9rique.<\/p><p>Les fruits de beaucoup d&#8217;entre eux ne sont pas des cerises, et ont d&#8217;autres noms communs, y compris prune, abricot, p\u00eache, entre autres. &#8216;Cherry&#8217; L&#8217; nom est \u00e9galement souvent utilis\u00e9 en r\u00e9f\u00e9rence \u00e0 la fleur de cerisier.<\/p><\/div><\/div><\/div><\/div>\t\t\t\t\t\t\t\t<\/div>\n\t\t\t\t<\/div>\n\t\t\t\t<div class=\"elementor-element elementor-element-3f65499a elementor-widget elementor-widget-spacer\" data-id=\"3f65499a\" data-element_type=\"widget\" data-e-type=\"widget\" data-widget_type=\"spacer.default\">\n\t\t\t\t<div class=\"elementor-widget-container\">\n\t\t\t\t\t\t\t<div class=\"elementor-spacer\">\n\t\t\t<div class=\"elementor-spacer-inner\"><\/div>\n\t\t<\/div>\n\t\t\t\t\t\t<\/div>\n\t\t\t\t<\/div>\n\t\t\t\t\t<\/div>\n\t\t<\/div>\n\t\t\t\t<div class=\"elementor-column elementor-col-50 elementor-top-column elementor-element elementor-element-54275b2a\" data-id=\"54275b2a\" data-element_type=\"column\" data-e-type=\"column\">\n\t\t\t<div class=\"elementor-widget-wrap elementor-element-populated\">\n\t\t\t\t\t\t<div class=\"elementor-element elementor-element-625631cd elementor-widget elementor-widget-heading\" data-id=\"625631cd\" data-element_type=\"widget\" data-e-type=\"widget\" data-widget_type=\"heading.default\">\n\t\t\t\t<div class=\"elementor-widget-container\">\n\t\t\t\t\t<h2 class=\"elementor-heading-title elementor-size-default\">Les propri\u00e9t\u00e9s nutritionnelles\n<\/h2>\t\t\t\t<\/div>\n\t\t\t\t<\/div>\n\t\t\t\t<div class=\"elementor-element elementor-element-3c50ceea elementor-widget elementor-widget-heading\" data-id=\"3c50ceea\" data-element_type=\"widget\" data-e-type=\"widget\" data-widget_type=\"heading.default\">\n\t\t\t\t<div class=\"elementor-widget-container\">\n\t\t\t\t\t<h2 class=\"elementor-heading-title elementor-size-default\">Composition pour 100 grammes<\/h2>\t\t\t\t<\/div>\n\t\t\t\t<\/div>\n\t\t\t\t<div class=\"elementor-element elementor-element-6a0ce547 elementor-widget elementor-widget-progress\" data-id=\"6a0ce547\" data-element_type=\"widget\" data-e-type=\"widget\" data-widget_type=\"progress.default\">\n\t\t\t\t<div class=\"elementor-widget-container\">\n\t\t\t\t\t\t\t\t<span class=\"elementor-title\" id=\"elementor-progress-bar-6a0ce547\">\n\t\t\t\tCalories (KCAL) - 63\t\t\t<\/span>\n\t\t\n\t\t<div aria-labelledby=\"elementor-progress-bar-6a0ce547\" class=\"elementor-progress-wrapper\" role=\"progressbar\" aria-valuemin=\"0\" aria-valuemax=\"100\" aria-valuenow=\"63\">\n\t\t\t<div class=\"elementor-progress-bar\" data-max=\"63\">\n\t\t\t\t<span class=\"elementor-progress-text\"><\/span>\n\t\t\t\t\t\t\t<\/div>\n\t\t<\/div>\n\t\t\t\t\t\t<\/div>\n\t\t\t\t<\/div>\n\t\t\t\t<div class=\"elementor-element elementor-element-7a61e439 elementor-widget elementor-widget-progress\" data-id=\"7a61e439\" data-element_type=\"widget\" data-e-type=\"widget\" data-widget_type=\"progress.default\">\n\t\t\t\t<div class=\"elementor-widget-container\">\n\t\t\t\t\t\t\t\t<span class=\"elementor-title\" id=\"elementor-progress-bar-7a61e439\">\n\t\t\t\tGlucides (G) - 15\t\t\t<\/span>\n\t\t\n\t\t<div aria-labelledby=\"elementor-progress-bar-7a61e439\" class=\"elementor-progress-wrapper\" role=\"progressbar\" aria-valuemin=\"0\" aria-valuemax=\"100\" aria-valuenow=\"15\">\n\t\t\t<div class=\"elementor-progress-bar\" data-max=\"15\">\n\t\t\t\t<span class=\"elementor-progress-text\"><\/span>\n\t\t\t\t\t\t\t<\/div>\n\t\t<\/div>\n\t\t\t\t\t\t<\/div>\n\t\t\t\t<\/div>\n\t\t\t\t<div class=\"elementor-element elementor-element-15876978 elementor-widget elementor-widget-progress\" data-id=\"15876978\" data-element_type=\"widget\" data-e-type=\"widget\" data-widget_type=\"progress.default\">\n\t\t\t\t<div class=\"elementor-widget-container\">\n\t\t\t\t\t\t\t\t<span class=\"elementor-title\" id=\"elementor-progress-bar-15876978\">\n\t\t\t\tFibre (G) - 2\t\t\t<\/span>\n\t\t\n\t\t<div aria-labelledby=\"elementor-progress-bar-15876978\" class=\"elementor-progress-wrapper\" role=\"progressbar\" aria-valuemin=\"0\" aria-valuemax=\"100\" aria-valuenow=\"2\">\n\t\t\t<div class=\"elementor-progress-bar\" data-max=\"2\">\n\t\t\t\t<span class=\"elementor-progress-text\"><\/span>\n\t\t\t\t\t\t\t<\/div>\n\t\t<\/div>\n\t\t\t\t\t\t<\/div>\n\t\t\t\t<\/div>\n\t\t\t\t<div class=\"elementor-element elementor-element-aedd646 elementor-widget elementor-widget-progress\" data-id=\"aedd646\" data-element_type=\"widget\" data-e-type=\"widget\" data-widget_type=\"progress.default\">\n\t\t\t\t<div class=\"elementor-widget-container\">\n\t\t\t\t\t\t\t\t<span class=\"elementor-title\" id=\"elementor-progress-bar-aedd646\">\n\t\t\t\tProt\u00e9ines (MG) - 110\t\t\t<\/span>\n\t\t\n\t\t<div aria-labelledby=\"elementor-progress-bar-aedd646\" class=\"elementor-progress-wrapper\" role=\"progressbar\" aria-valuemin=\"0\" aria-valuemax=\"100\" aria-valuenow=\"68\">\n\t\t\t<div class=\"elementor-progress-bar\" data-max=\"68\">\n\t\t\t\t<span class=\"elementor-progress-text\"><\/span>\n\t\t\t\t\t\t\t<\/div>\n\t\t<\/div>\n\t\t\t\t\t\t<\/div>\n\t\t\t\t<\/div>\n\t\t\t\t<div class=\"elementor-element elementor-element-2e5e9203 elementor-widget elementor-widget-progress\" data-id=\"2e5e9203\" data-element_type=\"widget\" data-e-type=\"widget\" data-widget_type=\"progress.default\">\n\t\t\t\t<div class=\"elementor-widget-container\">\n\t\t\t\t\t\t\t\t<span class=\"elementor-title\" id=\"elementor-progress-bar-2e5e9203\">\n\t\t\t\tVitamine C (MG) - 8\t\t\t<\/span>\n\t\t\n\t\t<div aria-labelledby=\"elementor-progress-bar-2e5e9203\" class=\"elementor-progress-wrapper\" role=\"progressbar\" aria-valuemin=\"0\" aria-valuemax=\"100\" aria-valuenow=\"8\">\n\t\t\t<div class=\"elementor-progress-bar\" data-max=\"8\">\n\t\t\t\t<span class=\"elementor-progress-text\"><\/span>\n\t\t\t\t\t\t\t<\/div>\n\t\t<\/div>\n\t\t\t\t\t\t<\/div>\n\t\t\t\t<\/div>\n\t\t\t\t<div class=\"elementor-element elementor-element-4e015308 elementor-widget elementor-widget-progress\" data-id=\"4e015308\" data-element_type=\"widget\" data-e-type=\"widget\" data-widget_type=\"progress.default\">\n\t\t\t\t<div class=\"elementor-widget-container\">\n\t\t\t\t\t\t\t\t<span class=\"elementor-title\" id=\"elementor-progress-bar-4e015308\">\n\t\t\t\tFer (MG) - 4\t\t\t<\/span>\n\t\t\n\t\t<div aria-labelledby=\"elementor-progress-bar-4e015308\" class=\"elementor-progress-wrapper\" role=\"progressbar\" aria-valuemin=\"0\" aria-valuemax=\"100\" aria-valuenow=\"4\">\n\t\t\t<div class=\"elementor-progress-bar\" data-max=\"4\">\n\t\t\t\t<span class=\"elementor-progress-text\"><\/span>\n\t\t\t\t\t\t\t<\/div>\n\t\t<\/div>\n\t\t\t\t\t\t<\/div>\n\t\t\t\t<\/div>\n\t\t\t\t\t<\/div>\n\t\t<\/div>\n\t\t\t\t\t<\/div>\n\t\t<\/section>\n\t\t\t\t<section class=\"elementor-section elementor-top-section elementor-element elementor-element-72e9d5e tableprods elementor-section-boxed elementor-section-height-default elementor-section-height-default\" data-id=\"72e9d5e\" data-element_type=\"section\" data-e-type=\"section\">\n\t\t\t\t\t\t<div class=\"elementor-container elementor-column-gap-default\">\n\t\t\t\t\t<div class=\"elementor-column elementor-col-100 elementor-top-column elementor-element elementor-element-88769e4\" data-id=\"88769e4\" data-element_type=\"column\" data-e-type=\"column\">\n\t\t\t<div class=\"elementor-widget-wrap elementor-element-populated\">\n\t\t\t\t\t\t<div class=\"elementor-element elementor-element-3d4aaf8 elementor-widget elementor-widget-spacer\" data-id=\"3d4aaf8\" data-element_type=\"widget\" data-e-type=\"widget\" data-widget_type=\"spacer.default\">\n\t\t\t\t<div class=\"elementor-widget-container\">\n\t\t\t\t\t\t\t<div class=\"elementor-spacer\">\n\t\t\t<div class=\"elementor-spacer-inner\"><\/div>\n\t\t<\/div>\n\t\t\t\t\t\t<\/div>\n\t\t\t\t<\/div>\n\t\t\t\t<div class=\"elementor-element elementor-element-a298262 elementor-widget elementor-widget-heading\" data-id=\"a298262\" data-element_type=\"widget\" data-e-type=\"widget\" data-widget_type=\"heading.default\">\n\t\t\t\t<div class=\"elementor-widget-container\">\n\t\t\t\t\t<h2 class=\"elementor-heading-title elementor-size-default\">Calendrier<\/h2>\t\t\t\t<\/div>\n\t\t\t\t<\/div>\n\t\t\t\t<div class=\"elementor-element elementor-element-f677ced elementor-widget elementor-widget-image\" data-id=\"f677ced\" data-element_type=\"widget\" data-e-type=\"widget\" data-widget_type=\"image.default\">\n\t\t\t\t<div class=\"elementor-widget-container\">\n\t\t\t\t\t\t\t\t\t\t\t\t\t\t\t<img fetchpriority=\"high\" decoding=\"async\" width=\"1024\" height=\"122\" src=\"https:\/\/i0.wp.com\/www.grupocatala.com\/wp-content\/uploads\/2020\/05\/cerezas_FR.png?fit=1024%2C122&amp;ssl=1\" class=\"attachment-large size-large wp-image-7775\" alt=\"\" srcset=\"https:\/\/i0.wp.com\/www.grupocatala.com\/wp-content\/uploads\/2020\/05\/cerezas_FR.png?w=2416&amp;ssl=1 2416w, https:\/\/i0.wp.com\/www.grupocatala.com\/wp-content\/uploads\/2020\/05\/cerezas_FR.png?resize=600%2C71&amp;ssl=1 600w, https:\/\/i0.wp.com\/www.grupocatala.com\/wp-content\/uploads\/2020\/05\/cerezas_FR.png?resize=300%2C36&amp;ssl=1 300w, https:\/\/i0.wp.com\/www.grupocatala.com\/wp-content\/uploads\/2020\/05\/cerezas_FR.png?resize=1024%2C122&amp;ssl=1 1024w, https:\/\/i0.wp.com\/www.grupocatala.com\/wp-content\/uploads\/2020\/05\/cerezas_FR.png?resize=768%2C91&amp;ssl=1 768w, https:\/\/i0.wp.com\/www.grupocatala.com\/wp-content\/uploads\/2020\/05\/cerezas_FR.png?resize=1536%2C182&amp;ssl=1 1536w, https:\/\/i0.wp.com\/www.grupocatala.com\/wp-content\/uploads\/2020\/05\/cerezas_FR.png?resize=2048%2C243&amp;ssl=1 2048w\" sizes=\"(max-width: 1024px) 100vw, 1024px\" \/>\t\t\t\t\t\t\t\t\t\t\t\t\t\t\t<\/div>\n\t\t\t\t<\/div>\n\t\t\t\t\t<\/div>\n\t\t<\/div>\n\t\t\t\t\t<\/div>\n\t\t<\/section>\n\t\t\t\t<\/div>\n\t\t","protected":false},"excerpt":{"rendered":"<p>Cerise La cerise est le fruit de beaucoup d&#8217;usines du genre Prunus, charnu en pierre. Les fruits de cerise sont g\u00e9n\u00e9ralement obtenus \u00e0 partir d&#8217;un nombre limit\u00e9 d&#8217;esp\u00e8ces, y compris &#8230; <a title=\"Cerise\" class=\"read-more\" href=\"https:\/\/www.grupocatala.com\/fr\/produits\/cerise\/\" aria-label=\"En savoir plus sur Cerise\">Lire la suite<\/a><\/p>\n","protected":false},"author":1,"featured_media":0,"parent":3806,"menu_order":0,"comment_status":"closed","ping_status":"closed","template":"elementor_header_footer","meta":{"footnotes":""},"class_list":["post-3926","page","type-page","status-publish"],"yoast_head":"<!-- This site is optimized with the Yoast SEO plugin v27.5 - https:\/\/yoast.com\/product\/yoast-seo-wordpress\/ -->\n<title>Cerise<\/title>\n<meta name=\"description\" content=\"Cerise La cerise est le fruit de beaucoup d&#039;usines du genre Prunus, charnu en pierre. Les fruits de cerise sont g\u00e9n\u00e9ralement obtenus \u00e0 partir d&#039;un nombre\" \/>\n<meta name=\"robots\" content=\"index, follow, max-snippet:-1, max-image-preview:large, max-video-preview:-1\" \/>\n<link rel=\"canonical\" href=\"https:\/\/www.grupocatala.com\/fr\/produits\/cerise\/\" \/>\n<meta property=\"og:locale\" content=\"fr_FR\" \/>\n<meta property=\"og:type\" content=\"article\" \/>\n<meta property=\"og:title\" content=\"Cerise\" \/>\n<meta property=\"og:description\" content=\"Cerise La cerise est le fruit de beaucoup d&#039;usines du genre Prunus, charnu en pierre. Les fruits de cerise sont g\u00e9n\u00e9ralement obtenus \u00e0 partir d&#039;un nombre\" \/>\n<meta property=\"og:url\" content=\"https:\/\/www.grupocatala.com\/fr\/produits\/cerise\/\" \/>\n<meta property=\"og:site_name\" content=\"GRUPO CATAL\u00c0\" \/>\n<meta property=\"article:modified_time\" content=\"2026-02-05T09:41:01+00:00\" \/>\n<meta property=\"og:image\" content=\"https:\/\/www.grupocatala.com\/wp-content\/uploads\/2020\/05\/cerezas_FR-1024x122.png\" \/>\n<meta name=\"twitter:card\" content=\"summary_large_image\" \/>\n<meta name=\"twitter:label1\" content=\"Dur\u00e9e de lecture estim\u00e9e\" \/>\n\t<meta name=\"twitter:data1\" content=\"1 minute\" \/>\n<script type=\"application\/ld+json\" class=\"yoast-schema-graph\">{\"@context\":\"https:\\\/\\\/schema.org\",\"@graph\":[{\"@type\":\"WebPage\",\"@id\":\"https:\\\/\\\/www.grupocatala.com\\\/fr\\\/produits\\\/cerise\\\/\",\"url\":\"https:\\\/\\\/www.grupocatala.com\\\/fr\\\/produits\\\/cerise\\\/\",\"name\":\"Cerise\",\"isPartOf\":{\"@id\":\"https:\\\/\\\/www.grupocatala.com\\\/fr\\\/#website\"},\"primaryImageOfPage\":{\"@id\":\"https:\\\/\\\/www.grupocatala.com\\\/fr\\\/produits\\\/cerise\\\/#primaryimage\"},\"image\":{\"@id\":\"https:\\\/\\\/www.grupocatala.com\\\/fr\\\/produits\\\/cerise\\\/#primaryimage\"},\"thumbnailUrl\":\"https:\\\/\\\/www.grupocatala.com\\\/wp-content\\\/uploads\\\/2020\\\/05\\\/cerezas_FR-1024x122.png\",\"datePublished\":\"2020-03-26T12:25:15+00:00\",\"dateModified\":\"2026-02-05T09:41:01+00:00\",\"description\":\"Cerise La cerise est le fruit de beaucoup d'usines du genre Prunus, charnu en pierre. Les fruits de cerise sont g\u00e9n\u00e9ralement obtenus \u00e0 partir d'un nombre\",\"breadcrumb\":{\"@id\":\"https:\\\/\\\/www.grupocatala.com\\\/fr\\\/produits\\\/cerise\\\/#breadcrumb\"},\"inLanguage\":\"fr-FR\",\"potentialAction\":[{\"@type\":\"ReadAction\",\"target\":[\"https:\\\/\\\/www.grupocatala.com\\\/fr\\\/produits\\\/cerise\\\/\"]}]},{\"@type\":\"ImageObject\",\"inLanguage\":\"fr-FR\",\"@id\":\"https:\\\/\\\/www.grupocatala.com\\\/fr\\\/produits\\\/cerise\\\/#primaryimage\",\"url\":\"https:\\\/\\\/www.grupocatala.com\\\/wp-content\\\/uploads\\\/2020\\\/05\\\/cerezas_FR-1024x122.png\",\"contentUrl\":\"https:\\\/\\\/www.grupocatala.com\\\/wp-content\\\/uploads\\\/2020\\\/05\\\/cerezas_FR-1024x122.png\"},{\"@type\":\"BreadcrumbList\",\"@id\":\"https:\\\/\\\/www.grupocatala.com\\\/fr\\\/produits\\\/cerise\\\/#breadcrumb\",\"itemListElement\":[{\"@type\":\"ListItem\",\"position\":1,\"name\":\"Portada\",\"item\":\"https:\\\/\\\/www.grupocatala.com\\\/fr\\\/\"},{\"@type\":\"ListItem\",\"position\":2,\"name\":\"produits\",\"item\":\"https:\\\/\\\/www.grupocatala.com\\\/fr\\\/produits\\\/\"},{\"@type\":\"ListItem\",\"position\":3,\"name\":\"Cerise\"}]},{\"@type\":\"WebSite\",\"@id\":\"https:\\\/\\\/www.grupocatala.com\\\/fr\\\/#website\",\"url\":\"https:\\\/\\\/www.grupocatala.com\\\/fr\\\/\",\"name\":\"GRUPO CATAL\u00c0\",\"description\":\"\",\"publisher\":{\"@id\":\"https:\\\/\\\/www.grupocatala.com\\\/fr\\\/#organization\"},\"potentialAction\":[{\"@type\":\"SearchAction\",\"target\":{\"@type\":\"EntryPoint\",\"urlTemplate\":\"https:\\\/\\\/www.grupocatala.com\\\/fr\\\/?s={search_term_string}\"},\"query-input\":{\"@type\":\"PropertyValueSpecification\",\"valueRequired\":true,\"valueName\":\"search_term_string\"}}],\"inLanguage\":\"fr-FR\"},{\"@type\":\"Organization\",\"@id\":\"https:\\\/\\\/www.grupocatala.com\\\/fr\\\/#organization\",\"name\":\"Grupo Catala\",\"url\":\"https:\\\/\\\/www.grupocatala.com\\\/fr\\\/\",\"logo\":{\"@type\":\"ImageObject\",\"inLanguage\":\"fr-FR\",\"@id\":\"https:\\\/\\\/www.grupocatala.com\\\/fr\\\/#\\\/schema\\\/logo\\\/image\\\/\",\"url\":\"https:\\\/\\\/i0.wp.com\\\/www.grupocatala.com\\\/wp-content\\\/uploads\\\/2020\\\/03\\\/cropped-logo_blanc-1.png?fit=250%2C57&ssl=1\",\"contentUrl\":\"https:\\\/\\\/i0.wp.com\\\/www.grupocatala.com\\\/wp-content\\\/uploads\\\/2020\\\/03\\\/cropped-logo_blanc-1.png?fit=250%2C57&ssl=1\",\"width\":250,\"height\":57,\"caption\":\"Grupo Catala\"},\"image\":{\"@id\":\"https:\\\/\\\/www.grupocatala.com\\\/fr\\\/#\\\/schema\\\/logo\\\/image\\\/\"},\"sameAs\":[\"https:\\\/\\\/www.instagram.com\\\/grupocatala\"]}]}<\/script>\n<!-- \/ Yoast SEO plugin. -->","yoast_head_json":{"title":"Cerise","description":"Cerise La cerise est le fruit de beaucoup d'usines du genre Prunus, charnu en pierre. Les fruits de cerise sont g\u00e9n\u00e9ralement obtenus \u00e0 partir d'un nombre","robots":{"index":"index","follow":"follow","max-snippet":"max-snippet:-1","max-image-preview":"max-image-preview:large","max-video-preview":"max-video-preview:-1"},"canonical":"https:\/\/www.grupocatala.com\/fr\/produits\/cerise\/","og_locale":"fr_FR","og_type":"article","og_title":"Cerise","og_description":"Cerise La cerise est le fruit de beaucoup d'usines du genre Prunus, charnu en pierre. Les fruits de cerise sont g\u00e9n\u00e9ralement obtenus \u00e0 partir d'un nombre","og_url":"https:\/\/www.grupocatala.com\/fr\/produits\/cerise\/","og_site_name":"GRUPO CATAL\u00c0","article_modified_time":"2026-02-05T09:41:01+00:00","og_image":[{"url":"https:\/\/www.grupocatala.com\/wp-content\/uploads\/2020\/05\/cerezas_FR-1024x122.png","type":"","width":"","height":""}],"twitter_card":"summary_large_image","twitter_misc":{"Dur\u00e9e de lecture estim\u00e9e":"1 minute"},"schema":{"@context":"https:\/\/schema.org","@graph":[{"@type":"WebPage","@id":"https:\/\/www.grupocatala.com\/fr\/produits\/cerise\/","url":"https:\/\/www.grupocatala.com\/fr\/produits\/cerise\/","name":"Cerise","isPartOf":{"@id":"https:\/\/www.grupocatala.com\/fr\/#website"},"primaryImageOfPage":{"@id":"https:\/\/www.grupocatala.com\/fr\/produits\/cerise\/#primaryimage"},"image":{"@id":"https:\/\/www.grupocatala.com\/fr\/produits\/cerise\/#primaryimage"},"thumbnailUrl":"https:\/\/www.grupocatala.com\/wp-content\/uploads\/2020\/05\/cerezas_FR-1024x122.png","datePublished":"2020-03-26T12:25:15+00:00","dateModified":"2026-02-05T09:41:01+00:00","description":"Cerise La cerise est le fruit de beaucoup d'usines du genre Prunus, charnu en pierre. Les fruits de cerise sont g\u00e9n\u00e9ralement obtenus \u00e0 partir d'un nombre","breadcrumb":{"@id":"https:\/\/www.grupocatala.com\/fr\/produits\/cerise\/#breadcrumb"},"inLanguage":"fr-FR","potentialAction":[{"@type":"ReadAction","target":["https:\/\/www.grupocatala.com\/fr\/produits\/cerise\/"]}]},{"@type":"ImageObject","inLanguage":"fr-FR","@id":"https:\/\/www.grupocatala.com\/fr\/produits\/cerise\/#primaryimage","url":"https:\/\/www.grupocatala.com\/wp-content\/uploads\/2020\/05\/cerezas_FR-1024x122.png","contentUrl":"https:\/\/www.grupocatala.com\/wp-content\/uploads\/2020\/05\/cerezas_FR-1024x122.png"},{"@type":"BreadcrumbList","@id":"https:\/\/www.grupocatala.com\/fr\/produits\/cerise\/#breadcrumb","itemListElement":[{"@type":"ListItem","position":1,"name":"Portada","item":"https:\/\/www.grupocatala.com\/fr\/"},{"@type":"ListItem","position":2,"name":"produits","item":"https:\/\/www.grupocatala.com\/fr\/produits\/"},{"@type":"ListItem","position":3,"name":"Cerise"}]},{"@type":"WebSite","@id":"https:\/\/www.grupocatala.com\/fr\/#website","url":"https:\/\/www.grupocatala.com\/fr\/","name":"GRUPO CATAL\u00c0","description":"","publisher":{"@id":"https:\/\/www.grupocatala.com\/fr\/#organization"},"potentialAction":[{"@type":"SearchAction","target":{"@type":"EntryPoint","urlTemplate":"https:\/\/www.grupocatala.com\/fr\/?s={search_term_string}"},"query-input":{"@type":"PropertyValueSpecification","valueRequired":true,"valueName":"search_term_string"}}],"inLanguage":"fr-FR"},{"@type":"Organization","@id":"https:\/\/www.grupocatala.com\/fr\/#organization","name":"Grupo Catala","url":"https:\/\/www.grupocatala.com\/fr\/","logo":{"@type":"ImageObject","inLanguage":"fr-FR","@id":"https:\/\/www.grupocatala.com\/fr\/#\/schema\/logo\/image\/","url":"https:\/\/i0.wp.com\/www.grupocatala.com\/wp-content\/uploads\/2020\/03\/cropped-logo_blanc-1.png?fit=250%2C57&ssl=1","contentUrl":"https:\/\/i0.wp.com\/www.grupocatala.com\/wp-content\/uploads\/2020\/03\/cropped-logo_blanc-1.png?fit=250%2C57&ssl=1","width":250,"height":57,"caption":"Grupo Catala"},"image":{"@id":"https:\/\/www.grupocatala.com\/fr\/#\/schema\/logo\/image\/"},"sameAs":["https:\/\/www.instagram.com\/grupocatala"]}]}},"jetpack_sharing_enabled":true,"_links":{"self":[{"href":"https:\/\/www.grupocatala.com\/fr\/wp-json\/wp\/v2\/pages\/3926","targetHints":{"allow":["GET"]}}],"collection":[{"href":"https:\/\/www.grupocatala.com\/fr\/wp-json\/wp\/v2\/pages"}],"about":[{"href":"https:\/\/www.grupocatala.com\/fr\/wp-json\/wp\/v2\/types\/page"}],"author":[{"embeddable":true,"href":"https:\/\/www.grupocatala.com\/fr\/wp-json\/wp\/v2\/users\/1"}],"replies":[{"embeddable":true,"href":"https:\/\/www.grupocatala.com\/fr\/wp-json\/wp\/v2\/comments?post=3926"}],"version-history":[{"count":3,"href":"https:\/\/www.grupocatala.com\/fr\/wp-json\/wp\/v2\/pages\/3926\/revisions"}],"predecessor-version":[{"id":17191,"href":"https:\/\/www.grupocatala.com\/fr\/wp-json\/wp\/v2\/pages\/3926\/revisions\/17191"}],"up":[{"embeddable":true,"href":"https:\/\/www.grupocatala.com\/fr\/wp-json\/wp\/v2\/pages\/3806"}],"wp:attachment":[{"href":"https:\/\/www.grupocatala.com\/fr\/wp-json\/wp\/v2\/media?parent=3926"}],"curies":[{"name":"wp","href":"https:\/\/api.w.org\/{rel}","templated":true}]}}