{"id":11420,"date":"2023-06-27T10:26:40","date_gmt":"2023-06-27T08:26:40","guid":{"rendered":"https:\/\/www.grupocatala.com\/?page_id=11420"},"modified":"2026-02-05T10:13:38","modified_gmt":"2026-02-05T09:13:38","slug":"compliance","status":"publish","type":"page","link":"https:\/\/www.grupocatala.com\/fr\/groupe\/compliance\/","title":{"rendered":"Compliance"},"content":{"rendered":"\t\t<div data-elementor-type=\"wp-page\" data-elementor-id=\"11420\" class=\"elementor elementor-11420 elementor-9126\" data-elementor-post-type=\"page\">\n\t\t\t\t\t\t<section class=\"elementor-section elementor-top-section elementor-element elementor-element-32dce9f8 elementor-section-full_width elementor-section-height-default elementor-section-height-default\" data-id=\"32dce9f8\" data-element_type=\"section\" data-e-type=\"section\" data-settings=\"{&quot;background_background&quot;:&quot;classic&quot;}\">\n\t\t\t\t\t\t<div class=\"elementor-container elementor-column-gap-default\">\n\t\t\t\t\t<div class=\"elementor-column elementor-col-100 elementor-top-column elementor-element elementor-element-488de1b7 elementor-invisible\" data-id=\"488de1b7\" data-element_type=\"column\" data-e-type=\"column\" data-settings=\"{&quot;animation&quot;:&quot;fadeIn&quot;}\">\n\t\t\t<div class=\"elementor-widget-wrap elementor-element-populated\">\n\t\t\t\t\t\t<div class=\"elementor-element elementor-element-9229b3c elementor--h-position-center elementor--v-position-middle elementor-arrows-position-inside elementor-pagination-position-inside elementor-widget elementor-widget-slides\" data-id=\"9229b3c\" data-element_type=\"widget\" data-e-type=\"widget\" data-settings=\"{&quot;navigation&quot;:&quot;both&quot;,&quot;autoplay&quot;:&quot;yes&quot;,&quot;pause_on_hover&quot;:&quot;yes&quot;,&quot;pause_on_interaction&quot;:&quot;yes&quot;,&quot;autoplay_speed&quot;:5000,&quot;infinite&quot;:&quot;yes&quot;,&quot;transition&quot;:&quot;slide&quot;,&quot;transition_speed&quot;:500}\" data-widget_type=\"slides.default\">\n\t\t\t\t<div class=\"elementor-widget-container\">\n\t\t\t\t\t\t\t\t\t<div class=\"elementor-swiper\">\n\t\t\t\t\t<div class=\"elementor-slides-wrapper elementor-main-swiper swiper\" role=\"region\" aria-roledescription=\"carousel\" aria-label=\"Diapositivas\" dir=\"ltr\" data-animation=\"fadeInUp\">\n\t\t\t\t<div class=\"swiper-wrapper elementor-slides\">\n\t\t\t\t\t\t\t\t\t\t<div class=\"elementor-repeater-item-329fcfe swiper-slide\" role=\"group\" aria-roledescription=\"slide\"><div class=\"swiper-slide-bg elementor-ken-burns elementor-ken-burns--in\" role=\"img\" aria-label=\"chris-robert-mmNJkLqxAnQ-unsplash (1)\"><\/div><div class=\"swiper-slide-inner\" ><div class=\"swiper-slide-contents\"><div class=\"elementor-slide-heading\">Compliance<\/div><\/div><\/div><\/div>\t\t\t\t<\/div>\n\t\t\t\t\t\t\t<\/div>\n\t\t\t\t<\/div>\n\t\t\t\t\t\t\t\t<\/div>\n\t\t\t\t<\/div>\n\t\t\t\t\t<\/div>\n\t\t<\/div>\n\t\t\t\t\t<\/div>\n\t\t<\/section>\n\t\t\t\t<section class=\"elementor-section elementor-top-section elementor-element elementor-element-7ed18b2 elementor-section-boxed elementor-section-height-default elementor-section-height-default\" data-id=\"7ed18b2\" data-element_type=\"section\" data-e-type=\"section\">\n\t\t\t\t\t\t<div class=\"elementor-container elementor-column-gap-default\">\n\t\t\t\t\t<div class=\"elementor-column elementor-col-100 elementor-top-column elementor-element elementor-element-59ce19d9\" data-id=\"59ce19d9\" data-element_type=\"column\" data-e-type=\"column\">\n\t\t\t<div class=\"elementor-widget-wrap elementor-element-populated\">\n\t\t\t\t\t\t<div class=\"elementor-element elementor-element-2a4e31e0 elementor-widget elementor-widget-spacer\" data-id=\"2a4e31e0\" data-element_type=\"widget\" data-e-type=\"widget\" data-widget_type=\"spacer.default\">\n\t\t\t\t<div class=\"elementor-widget-container\">\n\t\t\t\t\t\t\t<div class=\"elementor-spacer\">\n\t\t\t<div class=\"elementor-spacer-inner\"><\/div>\n\t\t<\/div>\n\t\t\t\t\t\t<\/div>\n\t\t\t\t<\/div>\n\t\t\t\t\t<\/div>\n\t\t<\/div>\n\t\t\t\t\t<\/div>\n\t\t<\/section>\n\t\t\t\t<section class=\"elementor-section elementor-top-section elementor-element elementor-element-22ea8fd elementor-section-boxed elementor-section-height-default elementor-section-height-default\" data-id=\"22ea8fd\" data-element_type=\"section\" data-e-type=\"section\">\n\t\t\t\t\t\t<div class=\"elementor-container elementor-column-gap-default\">\n\t\t\t\t\t<div class=\"elementor-column elementor-col-50 elementor-top-column elementor-element elementor-element-781f237c\" data-id=\"781f237c\" data-element_type=\"column\" data-e-type=\"column\">\n\t\t\t<div class=\"elementor-widget-wrap elementor-element-populated\">\n\t\t\t\t\t\t<div class=\"elementor-element elementor-element-129d9bd7 elementor-widget elementor-widget-text-editor\" data-id=\"129d9bd7\" data-element_type=\"widget\" data-e-type=\"widget\" data-widget_type=\"text-editor.default\">\n\t\t\t\t<div class=\"elementor-widget-container\">\n\t\t\t\t\t\t\t\t\t<p>La politique de responsabilit\u00e9 sociale vise \u00e0 promouvoir une culture de responsabilit\u00e9, \u00e0 l&#8217;\u00e9chelle mondiale, qui contribue \u00e0 la cr\u00e9ation de valeur de mani\u00e8re durable pour la soci\u00e9t\u00e9, les partenaires, les citoyens, les clients et les communaut\u00e9s dans lesquelles les entreprises du Groupe Catal\u00e1 exercent leurs activit\u00e9s. . .<\/p><p>L&#8217;un de nos engagements est de r\u00e9mun\u00e9rer \u00e9quitablement tous les groupes qui contribuent \u00e0 la r\u00e9ussite de notre projet d&#8217;entreprise et entreprennent de nouveaux investissements en tenant compte de leur rendement social, g\u00e9n\u00e9rateurs d&#8217;emplois et de richesse pour la soci\u00e9t\u00e9 avec une vision \u00e0 long terme qui cherche un avenir meilleur sans compromettre le pr\u00e9sent. r\u00e9sultats.<\/p><p>La Politique G\u00e9n\u00e9rale de Responsabilit\u00e9 Sociale a pour objet d&#8217;\u00e9tablir les principes de base et le cadre g\u00e9n\u00e9ral d&#8217;action. Cette politique est pr\u00e9cis\u00e9e dans les engagements suivants.<\/p><ul><li>Gestion des ressources humaines<\/li><li>Pr\u00e9vention des risques professionnels<\/li><li>L&#8217;\u00e9thique des affaires<\/li><li>Environnement<\/li><li>Qualit\u00e9, s\u00e9curit\u00e9 alimentaire et fraude alimentaire.<\/li><\/ul>\t\t\t\t\t\t\t\t<\/div>\n\t\t\t\t<\/div>\n\t\t\t\t\t<\/div>\n\t\t<\/div>\n\t\t\t\t<div class=\"elementor-column elementor-col-50 elementor-top-column elementor-element elementor-element-76d8dd91\" data-id=\"76d8dd91\" data-element_type=\"column\" data-e-type=\"column\">\n\t\t\t<div class=\"elementor-widget-wrap elementor-element-populated\">\n\t\t\t\t\t\t<div class=\"elementor-element elementor-element-1d514a63 elementor-widget elementor-widget-text-editor\" data-id=\"1d514a63\" data-element_type=\"widget\" data-e-type=\"widget\" data-widget_type=\"text-editor.default\">\n\t\t\t\t<div class=\"elementor-widget-container\">\n\t\t\t\t\t\t\t\t\t<p>Nous avons nos canaux de signalement des irr\u00e9gularit\u00e9s qui prot\u00e8gent l&#8217;entreprise, les plaignants et les personnes concern\u00e9es, vous pouvez acc\u00e9der au canal de signalement en cliquant <a style=\"font-weight: var( --e-global-typography-text-font-weight ); background-color: #ffffff;\" href=\"https:\/\/registradenuncia.com\/grupodomingocatala\" target=\"_blank\" rel=\"noopener\">ICI<\/a><\/p><p>La culture d&#8217;entreprise de Grupo Catal\u00e0 se caract\u00e9rise par une responsabilit\u00e9 claire, le respect mutuel, la confiance, l&#8217;int\u00e9grit\u00e9 et la transparence.<\/p><p>La conduite l\u00e9gale, la concurrence loyale et le respect des droits de l&#8217;homme font partie int\u00e9grante de nos activit\u00e9s commerciales et sont une condition importante pour atteindre un succ\u00e8s durable qui ne peut \u00eatre atteint qu&#8217;en se conformant aux exigences l\u00e9gales.<\/p><p>La protection de valeurs telles que l&#8217;honn\u00eatet\u00e9, l&#8217;int\u00e9grit\u00e9, l&#8217;\u00e9quit\u00e9 et la confiance sous-tend notre syst\u00e8me de r\u00e9clamations, cr\u00e9\u00e9 afin de garantir le respect de la l\u00e9gislation nationale et internationale en vigueur, ainsi que celle de l&#8217;entreprise elle-m\u00eame.<\/p><p>Depuis plus de 10 ans, chez Grupo Catal\u00e1, nous travaillons avec Sedex, l&#8217;un des principaux fournisseurs mondiaux de services de commerce \u00e9thique, en utilisant ses outils d&#8217;audit d&#8217;\u00e9valuation des pratiques et son r\u00e9seau communautaire pour soutenir et am\u00e9liorer en permanence les pratiques sociales et \u00e9thiques tout au long de notre cha\u00eene d&#8217;approvisionnement.<\/p><p><img decoding=\"async\" data-recalc-dims=\"1\" class=\"alignnone size-full wp-image-10111\" src=\"https:\/\/i0.wp.com\/www.grupocatala.com\/wp-content\/uploads\/2021\/02\/476474.png?resize=219%2C81&#038;ssl=1\" alt=\"\" width=\"219\" height=\"81\" \/><\/p>\t\t\t\t\t\t\t\t<\/div>\n\t\t\t\t<\/div>\n\t\t\t\t\t<\/div>\n\t\t<\/div>\n\t\t\t\t\t<\/div>\n\t\t<\/section>\n\t\t\t\t<\/div>\n\t\t","protected":false},"excerpt":{"rendered":"<p>Compliance La politique de responsabilit\u00e9 sociale vise \u00e0 promouvoir une culture de responsabilit\u00e9, \u00e0 l&#8217;\u00e9chelle mondiale, qui contribue \u00e0 la cr\u00e9ation de valeur de mani\u00e8re durable pour la soci\u00e9t\u00e9, les &#8230; <a title=\"Compliance\" class=\"read-more\" href=\"https:\/\/www.grupocatala.com\/fr\/groupe\/compliance\/\" aria-label=\"En savoir plus sur Compliance\">Lire la suite<\/a><\/p>\n","protected":false},"author":1,"featured_media":0,"parent":4297,"menu_order":0,"comment_status":"closed","ping_status":"closed","template":"elementor_header_footer","meta":{"footnotes":""},"class_list":["post-11420","page","type-page","status-publish"],"yoast_head":"<!-- This site is optimized with the Yoast SEO plugin v27.4 - https:\/\/yoast.com\/product\/yoast-seo-wordpress\/ -->\n<title>Compliance<\/title>\n<meta name=\"description\" content=\"Compliance La politique de responsabilit\u00e9 sociale vise \u00e0 promouvoir une culture de responsabilit\u00e9, \u00e0 l&#039;\u00e9chelle mondiale, qui contribue \u00e0 la cr\u00e9ation de\" \/>\n<meta name=\"robots\" content=\"index, follow, max-snippet:-1, max-image-preview:large, max-video-preview:-1\" \/>\n<link rel=\"canonical\" href=\"https:\/\/www.grupocatala.com\/fr\/groupe\/compliance\/\" \/>\n<meta property=\"og:locale\" content=\"fr_FR\" \/>\n<meta property=\"og:type\" content=\"article\" \/>\n<meta property=\"og:title\" content=\"Compliance\" \/>\n<meta property=\"og:description\" content=\"Compliance La politique de responsabilit\u00e9 sociale vise \u00e0 promouvoir une culture de responsabilit\u00e9, \u00e0 l&#039;\u00e9chelle mondiale, qui contribue \u00e0 la cr\u00e9ation de\" \/>\n<meta property=\"og:url\" content=\"https:\/\/www.grupocatala.com\/fr\/groupe\/compliance\/\" \/>\n<meta property=\"og:site_name\" content=\"GRUPO CATAL\u00c0\" \/>\n<meta property=\"article:modified_time\" content=\"2026-02-05T09:13:38+00:00\" \/>\n<meta property=\"og:image\" content=\"https:\/\/www.grupocatala.com\/wp-content\/uploads\/2021\/02\/476474.png\" \/>\n<meta name=\"twitter:card\" content=\"summary_large_image\" \/>\n<meta name=\"twitter:label1\" content=\"Dur\u00e9e de lecture estim\u00e9e\" \/>\n\t<meta name=\"twitter:data1\" content=\"2 minutes\" \/>\n<script type=\"application\/ld+json\" class=\"yoast-schema-graph\">{\"@context\":\"https:\\\/\\\/schema.org\",\"@graph\":[{\"@type\":\"WebPage\",\"@id\":\"https:\\\/\\\/www.grupocatala.com\\\/fr\\\/groupe\\\/compliance\\\/\",\"url\":\"https:\\\/\\\/www.grupocatala.com\\\/fr\\\/groupe\\\/compliance\\\/\",\"name\":\"Compliance\",\"isPartOf\":{\"@id\":\"https:\\\/\\\/www.grupocatala.com\\\/fr\\\/#website\"},\"primaryImageOfPage\":{\"@id\":\"https:\\\/\\\/www.grupocatala.com\\\/fr\\\/groupe\\\/compliance\\\/#primaryimage\"},\"image\":{\"@id\":\"https:\\\/\\\/www.grupocatala.com\\\/fr\\\/groupe\\\/compliance\\\/#primaryimage\"},\"thumbnailUrl\":\"https:\\\/\\\/www.grupocatala.com\\\/wp-content\\\/uploads\\\/2021\\\/02\\\/476474.png\",\"datePublished\":\"2023-06-27T08:26:40+00:00\",\"dateModified\":\"2026-02-05T09:13:38+00:00\",\"description\":\"Compliance La politique de responsabilit\u00e9 sociale vise \u00e0 promouvoir une culture de responsabilit\u00e9, \u00e0 l'\u00e9chelle mondiale, qui contribue \u00e0 la cr\u00e9ation de\",\"breadcrumb\":{\"@id\":\"https:\\\/\\\/www.grupocatala.com\\\/fr\\\/groupe\\\/compliance\\\/#breadcrumb\"},\"inLanguage\":\"fr-FR\",\"potentialAction\":[{\"@type\":\"ReadAction\",\"target\":[\"https:\\\/\\\/www.grupocatala.com\\\/fr\\\/groupe\\\/compliance\\\/\"]}]},{\"@type\":\"ImageObject\",\"inLanguage\":\"fr-FR\",\"@id\":\"https:\\\/\\\/www.grupocatala.com\\\/fr\\\/groupe\\\/compliance\\\/#primaryimage\",\"url\":\"https:\\\/\\\/www.grupocatala.com\\\/wp-content\\\/uploads\\\/2021\\\/02\\\/476474.png\",\"contentUrl\":\"https:\\\/\\\/www.grupocatala.com\\\/wp-content\\\/uploads\\\/2021\\\/02\\\/476474.png\"},{\"@type\":\"BreadcrumbList\",\"@id\":\"https:\\\/\\\/www.grupocatala.com\\\/fr\\\/groupe\\\/compliance\\\/#breadcrumb\",\"itemListElement\":[{\"@type\":\"ListItem\",\"position\":1,\"name\":\"Portada\",\"item\":\"https:\\\/\\\/www.grupocatala.com\\\/fr\\\/\"},{\"@type\":\"ListItem\",\"position\":2,\"name\":\"GROUPE\",\"item\":\"https:\\\/\\\/www.grupocatala.com\\\/fr\\\/groupe\\\/\"},{\"@type\":\"ListItem\",\"position\":3,\"name\":\"Compliance\"}]},{\"@type\":\"WebSite\",\"@id\":\"https:\\\/\\\/www.grupocatala.com\\\/fr\\\/#website\",\"url\":\"https:\\\/\\\/www.grupocatala.com\\\/fr\\\/\",\"name\":\"GRUPO CATAL\u00c0\",\"description\":\"\",\"publisher\":{\"@id\":\"https:\\\/\\\/www.grupocatala.com\\\/fr\\\/#organization\"},\"potentialAction\":[{\"@type\":\"SearchAction\",\"target\":{\"@type\":\"EntryPoint\",\"urlTemplate\":\"https:\\\/\\\/www.grupocatala.com\\\/fr\\\/?s={search_term_string}\"},\"query-input\":{\"@type\":\"PropertyValueSpecification\",\"valueRequired\":true,\"valueName\":\"search_term_string\"}}],\"inLanguage\":\"fr-FR\"},{\"@type\":\"Organization\",\"@id\":\"https:\\\/\\\/www.grupocatala.com\\\/fr\\\/#organization\",\"name\":\"Grupo Catala\",\"url\":\"https:\\\/\\\/www.grupocatala.com\\\/fr\\\/\",\"logo\":{\"@type\":\"ImageObject\",\"inLanguage\":\"fr-FR\",\"@id\":\"https:\\\/\\\/www.grupocatala.com\\\/fr\\\/#\\\/schema\\\/logo\\\/image\\\/\",\"url\":\"https:\\\/\\\/i0.wp.com\\\/www.grupocatala.com\\\/wp-content\\\/uploads\\\/2020\\\/03\\\/cropped-logo_blanc-1.png?fit=250%2C57&ssl=1\",\"contentUrl\":\"https:\\\/\\\/i0.wp.com\\\/www.grupocatala.com\\\/wp-content\\\/uploads\\\/2020\\\/03\\\/cropped-logo_blanc-1.png?fit=250%2C57&ssl=1\",\"width\":250,\"height\":57,\"caption\":\"Grupo Catala\"},\"image\":{\"@id\":\"https:\\\/\\\/www.grupocatala.com\\\/fr\\\/#\\\/schema\\\/logo\\\/image\\\/\"},\"sameAs\":[\"https:\\\/\\\/www.instagram.com\\\/grupocatala\"]}]}<\/script>\n<!-- \/ Yoast SEO plugin. -->","yoast_head_json":{"title":"Compliance","description":"Compliance La politique de responsabilit\u00e9 sociale vise \u00e0 promouvoir une culture de responsabilit\u00e9, \u00e0 l'\u00e9chelle mondiale, qui contribue \u00e0 la cr\u00e9ation de","robots":{"index":"index","follow":"follow","max-snippet":"max-snippet:-1","max-image-preview":"max-image-preview:large","max-video-preview":"max-video-preview:-1"},"canonical":"https:\/\/www.grupocatala.com\/fr\/groupe\/compliance\/","og_locale":"fr_FR","og_type":"article","og_title":"Compliance","og_description":"Compliance La politique de responsabilit\u00e9 sociale vise \u00e0 promouvoir une culture de responsabilit\u00e9, \u00e0 l'\u00e9chelle mondiale, qui contribue \u00e0 la cr\u00e9ation de","og_url":"https:\/\/www.grupocatala.com\/fr\/groupe\/compliance\/","og_site_name":"GRUPO CATAL\u00c0","article_modified_time":"2026-02-05T09:13:38+00:00","og_image":[{"url":"https:\/\/www.grupocatala.com\/wp-content\/uploads\/2021\/02\/476474.png","type":"","width":"","height":""}],"twitter_card":"summary_large_image","twitter_misc":{"Dur\u00e9e de lecture estim\u00e9e":"2 minutes"},"schema":{"@context":"https:\/\/schema.org","@graph":[{"@type":"WebPage","@id":"https:\/\/www.grupocatala.com\/fr\/groupe\/compliance\/","url":"https:\/\/www.grupocatala.com\/fr\/groupe\/compliance\/","name":"Compliance","isPartOf":{"@id":"https:\/\/www.grupocatala.com\/fr\/#website"},"primaryImageOfPage":{"@id":"https:\/\/www.grupocatala.com\/fr\/groupe\/compliance\/#primaryimage"},"image":{"@id":"https:\/\/www.grupocatala.com\/fr\/groupe\/compliance\/#primaryimage"},"thumbnailUrl":"https:\/\/www.grupocatala.com\/wp-content\/uploads\/2021\/02\/476474.png","datePublished":"2023-06-27T08:26:40+00:00","dateModified":"2026-02-05T09:13:38+00:00","description":"Compliance La politique de responsabilit\u00e9 sociale vise \u00e0 promouvoir une culture de responsabilit\u00e9, \u00e0 l'\u00e9chelle mondiale, qui contribue \u00e0 la cr\u00e9ation de","breadcrumb":{"@id":"https:\/\/www.grupocatala.com\/fr\/groupe\/compliance\/#breadcrumb"},"inLanguage":"fr-FR","potentialAction":[{"@type":"ReadAction","target":["https:\/\/www.grupocatala.com\/fr\/groupe\/compliance\/"]}]},{"@type":"ImageObject","inLanguage":"fr-FR","@id":"https:\/\/www.grupocatala.com\/fr\/groupe\/compliance\/#primaryimage","url":"https:\/\/www.grupocatala.com\/wp-content\/uploads\/2021\/02\/476474.png","contentUrl":"https:\/\/www.grupocatala.com\/wp-content\/uploads\/2021\/02\/476474.png"},{"@type":"BreadcrumbList","@id":"https:\/\/www.grupocatala.com\/fr\/groupe\/compliance\/#breadcrumb","itemListElement":[{"@type":"ListItem","position":1,"name":"Portada","item":"https:\/\/www.grupocatala.com\/fr\/"},{"@type":"ListItem","position":2,"name":"GROUPE","item":"https:\/\/www.grupocatala.com\/fr\/groupe\/"},{"@type":"ListItem","position":3,"name":"Compliance"}]},{"@type":"WebSite","@id":"https:\/\/www.grupocatala.com\/fr\/#website","url":"https:\/\/www.grupocatala.com\/fr\/","name":"GRUPO CATAL\u00c0","description":"","publisher":{"@id":"https:\/\/www.grupocatala.com\/fr\/#organization"},"potentialAction":[{"@type":"SearchAction","target":{"@type":"EntryPoint","urlTemplate":"https:\/\/www.grupocatala.com\/fr\/?s={search_term_string}"},"query-input":{"@type":"PropertyValueSpecification","valueRequired":true,"valueName":"search_term_string"}}],"inLanguage":"fr-FR"},{"@type":"Organization","@id":"https:\/\/www.grupocatala.com\/fr\/#organization","name":"Grupo Catala","url":"https:\/\/www.grupocatala.com\/fr\/","logo":{"@type":"ImageObject","inLanguage":"fr-FR","@id":"https:\/\/www.grupocatala.com\/fr\/#\/schema\/logo\/image\/","url":"https:\/\/i0.wp.com\/www.grupocatala.com\/wp-content\/uploads\/2020\/03\/cropped-logo_blanc-1.png?fit=250%2C57&ssl=1","contentUrl":"https:\/\/i0.wp.com\/www.grupocatala.com\/wp-content\/uploads\/2020\/03\/cropped-logo_blanc-1.png?fit=250%2C57&ssl=1","width":250,"height":57,"caption":"Grupo Catala"},"image":{"@id":"https:\/\/www.grupocatala.com\/fr\/#\/schema\/logo\/image\/"},"sameAs":["https:\/\/www.instagram.com\/grupocatala"]}]}},"jetpack_sharing_enabled":true,"_links":{"self":[{"href":"https:\/\/www.grupocatala.com\/fr\/wp-json\/wp\/v2\/pages\/11420","targetHints":{"allow":["GET"]}}],"collection":[{"href":"https:\/\/www.grupocatala.com\/fr\/wp-json\/wp\/v2\/pages"}],"about":[{"href":"https:\/\/www.grupocatala.com\/fr\/wp-json\/wp\/v2\/types\/page"}],"author":[{"embeddable":true,"href":"https:\/\/www.grupocatala.com\/fr\/wp-json\/wp\/v2\/users\/1"}],"replies":[{"embeddable":true,"href":"https:\/\/www.grupocatala.com\/fr\/wp-json\/wp\/v2\/comments?post=11420"}],"version-history":[{"count":3,"href":"https:\/\/www.grupocatala.com\/fr\/wp-json\/wp\/v2\/pages\/11420\/revisions"}],"predecessor-version":[{"id":17143,"href":"https:\/\/www.grupocatala.com\/fr\/wp-json\/wp\/v2\/pages\/11420\/revisions\/17143"}],"up":[{"embeddable":true,"href":"https:\/\/www.grupocatala.com\/fr\/wp-json\/wp\/v2\/pages\/4297"}],"wp:attachment":[{"href":"https:\/\/www.grupocatala.com\/fr\/wp-json\/wp\/v2\/media?parent=11420"}],"curies":[{"name":"wp","href":"https:\/\/api.w.org\/{rel}","templated":true}]}}