{"id":5343,"date":"2020-03-26T09:32:53","date_gmt":"2020-03-26T09:32:53","guid":{"rendered":"https:\/\/www.grupocatala.com\/anbaugebiete\/frankreich-sektor\/lesmees-sector-a\/"},"modified":"2026-04-16T13:03:26","modified_gmt":"2026-04-16T11:03:26","slug":"lesmees-sector-a","status":"publish","type":"page","link":"https:\/\/www.grupocatala.com\/de\/anbaugebiete\/frankreich-sektor\/lesmees-sector-a\/","title":{"rendered":"Les M\u00e9es Sector A"},"content":{"rendered":"\t\t<div data-elementor-type=\"wp-page\" data-elementor-id=\"5343\" class=\"elementor elementor-5343 elementor-409\" data-elementor-post-type=\"page\">\n\t\t\t\t\t\t<section class=\"elementor-section elementor-top-section elementor-element elementor-element-49549776 elementor-section-full_width elementor-section-height-min-height cont_rel elementor-section-height-default elementor-section-items-middle\" data-id=\"49549776\" data-element_type=\"section\" data-e-type=\"section\">\n\t\t\t\t\t\t<div class=\"elementor-container elementor-column-gap-default\">\n\t\t\t\t\t<div class=\"elementor-column elementor-col-100 elementor-top-column elementor-element elementor-element-3e038a99\" data-id=\"3e038a99\" data-element_type=\"column\" data-e-type=\"column\">\n\t\t\t<div class=\"elementor-widget-wrap elementor-element-populated\">\n\t\t\t\t\t\t<div class=\"elementor-element elementor-element-47b03e4e elementor--h-position-center elementor--v-position-middle elementor-widget elementor-widget-slides\" data-id=\"47b03e4e\" data-element_type=\"widget\" data-e-type=\"widget\" data-settings=\"{&quot;navigation&quot;:&quot;none&quot;,&quot;transition&quot;:&quot;fade&quot;,&quot;_animation&quot;:&quot;none&quot;,&quot;autoplay&quot;:&quot;yes&quot;,&quot;autoplay_speed&quot;:5000,&quot;infinite&quot;:&quot;yes&quot;,&quot;transition_speed&quot;:500}\" data-widget_type=\"slides.default\">\n\t\t\t\t<div class=\"elementor-widget-container\">\n\t\t\t\t\t\t\t\t\t<div class=\"elementor-swiper\">\n\t\t\t\t\t<div class=\"elementor-slides-wrapper elementor-main-swiper swiper\" role=\"region\" aria-roledescription=\"carousel\" aria-label=\"Diapositivas\" dir=\"ltr\" data-animation=\"zoomIn\">\n\t\t\t\t<div class=\"swiper-wrapper elementor-slides\">\n\t\t\t\t\t\t\t\t\t\t<div class=\"elementor-repeater-item-eb571ab swiper-slide\" role=\"group\" aria-roledescription=\"slide\"><div class=\"swiper-slide-bg elementor-ken-burns elementor-ken-burns--out\" role=\"img\" aria-label=\"02\"><\/div><div class=\"elementor-background-overlay\"><\/div><div class=\"swiper-slide-inner\" ><div class=\"swiper-slide-contents\"><\/div><\/div><\/div><div class=\"elementor-repeater-item-c84945b swiper-slide\" role=\"group\" aria-roledescription=\"slide\"><div class=\"swiper-slide-bg elementor-ken-burns elementor-ken-burns--in\" role=\"img\" aria-label=\"03\"><\/div><div class=\"elementor-background-overlay\"><\/div><div class=\"swiper-slide-inner\" ><div class=\"swiper-slide-contents\"><\/div><\/div><\/div><div class=\"elementor-repeater-item-e4894db swiper-slide\" role=\"group\" aria-roledescription=\"slide\"><div class=\"swiper-slide-bg elementor-ken-burns elementor-ken-burns--out\" role=\"img\" aria-label=\"01\"><\/div><div class=\"elementor-background-overlay\"><\/div><div class=\"swiper-slide-inner\" ><div class=\"swiper-slide-contents\"><\/div><\/div><\/div><div class=\"elementor-repeater-item-6897108 swiper-slide\" role=\"group\" aria-roledescription=\"slide\"><div class=\"swiper-slide-bg elementor-ken-burns elementor-ken-burns--in\" role=\"img\" aria-label=\"04\"><\/div><div class=\"elementor-background-overlay\"><\/div><div class=\"swiper-slide-inner\" ><div class=\"swiper-slide-contents\"><\/div><\/div><\/div>\t\t\t\t<\/div>\n\t\t\t\t\t\t\t\t\t\t\t\t\t\t\t\t\t\t\t\t\t<\/div>\n\t\t\t\t<\/div>\n\t\t\t\t\t\t\t\t<\/div>\n\t\t\t\t<\/div>\n\t\t\t\t<section class=\"elementor-section elementor-inner-section elementor-element elementor-element-217f997f elementor-section-height-min-height cont_rel_map elementor-section-boxed elementor-section-height-default\" data-id=\"217f997f\" data-element_type=\"section\" data-e-type=\"section\">\n\t\t\t\t\t\t<div class=\"elementor-container elementor-column-gap-default\">\n\t\t\t\t\t<div class=\"elementor-column elementor-col-50 elementor-inner-column elementor-element elementor-element-528f41a1\" data-id=\"528f41a1\" data-element_type=\"column\" data-e-type=\"column\">\n\t\t\t<div class=\"elementor-widget-wrap elementor-element-populated\">\n\t\t\t\t\t\t<div class=\"elementor-element elementor-element-de539a2 elementor-widget elementor-widget-heading\" data-id=\"de539a2\" data-element_type=\"widget\" data-e-type=\"widget\" data-widget_type=\"heading.default\">\n\t\t\t\t<div class=\"elementor-widget-container\">\n\t\t\t\t\t<h2 class=\"elementor-heading-title elementor-size-default\">Les Mees Zona A<\/h2>\t\t\t\t<\/div>\n\t\t\t\t<\/div>\n\t\t\t\t<div class=\"elementor-element elementor-element-688dfad9 elementor-widget elementor-widget-heading\" data-id=\"688dfad9\" data-element_type=\"widget\" data-e-type=\"widget\" data-widget_type=\"heading.default\">\n\t\t\t\t<div class=\"elementor-widget-container\">\n\t\t\t\t\t<h2 class=\"elementor-heading-title elementor-size-default\">Gesamtfl\u00e4che: 52ha<\/h2>\t\t\t\t<\/div>\n\t\t\t\t<\/div>\n\t\t\t\t<div class=\"elementor-element elementor-element-75d421a5 elementor-position-inline-start elementor-mobile-position-inline-start elementor-view-default elementor-widget elementor-widget-icon-box\" data-id=\"75d421a5\" data-element_type=\"widget\" data-e-type=\"widget\" data-widget_type=\"icon-box.default\">\n\t\t\t\t<div class=\"elementor-widget-container\">\n\t\t\t\t\t\t\t<div class=\"elementor-icon-box-wrapper\">\n\n\t\t\t\t\t\t<div class=\"elementor-icon-box-icon\">\n\t\t\t\t<span  class=\"elementor-icon\">\n\t\t\t\t<i aria-hidden=\"true\" class=\"fas fa-arrow-alt-circle-right\"><\/i>\t\t\t\t<\/span>\n\t\t\t<\/div>\n\t\t\t\n\t\t\t\t\t\t<div class=\"elementor-icon-box-content\">\n\n\t\t\t\t\t\t\t\t\t<h3 class=\"elementor-icon-box-title\">\n\t\t\t\t\t\t<span  >\n\t\t\t\t\t\t\tGelber Apfel:\t20 ha\t\t\t\t\t\t<\/span>\n\t\t\t\t\t<\/h3>\n\t\t\t\t\n\t\t\t\t\n\t\t\t<\/div>\n\t\t\t\n\t\t<\/div>\n\t\t\t\t\t\t<\/div>\n\t\t\t\t<\/div>\n\t\t\t\t<div class=\"elementor-element elementor-element-3c538d98 elementor-position-inline-start elementor-mobile-position-inline-start elementor-view-default elementor-widget elementor-widget-icon-box\" data-id=\"3c538d98\" data-element_type=\"widget\" data-e-type=\"widget\" data-widget_type=\"icon-box.default\">\n\t\t\t\t<div class=\"elementor-widget-container\">\n\t\t\t\t\t\t\t<div class=\"elementor-icon-box-wrapper\">\n\n\t\t\t\t\t\t<div class=\"elementor-icon-box-icon\">\n\t\t\t\t<span  class=\"elementor-icon\">\n\t\t\t\t<i aria-hidden=\"true\" class=\"fas fa-arrow-alt-circle-right\"><\/i>\t\t\t\t<\/span>\n\t\t\t<\/div>\n\t\t\t\n\t\t\t\t\t\t<div class=\"elementor-icon-box-content\">\n\n\t\t\t\t\t\t\t\t\t<h3 class=\"elementor-icon-box-title\">\n\t\t\t\t\t\t<span  >\n\t\t\t\t\t\t\tGr\u00fcner Apfel:\t32 ha\t\t\t\t\t\t<\/span>\n\t\t\t\t\t<\/h3>\n\t\t\t\t\n\t\t\t\t\n\t\t\t<\/div>\n\t\t\t\n\t\t<\/div>\n\t\t\t\t\t\t<\/div>\n\t\t\t\t<\/div>\n\t\t\t\t\t<\/div>\n\t\t<\/div>\n\t\t\t\t<div class=\"elementor-column elementor-col-50 elementor-inner-column elementor-element elementor-element-214fd55d\" data-id=\"214fd55d\" data-element_type=\"column\" data-e-type=\"column\">\n\t\t\t<div class=\"elementor-widget-wrap\">\n\t\t\t\t\t\t\t<\/div>\n\t\t<\/div>\n\t\t\t\t\t<\/div>\n\t\t<\/section>\n\t\t\t\t\t<\/div>\n\t\t<\/div>\n\t\t\t\t\t<\/div>\n\t\t<\/section>\n\t\t\t\t<\/div>\n\t\t","protected":false},"excerpt":{"rendered":"<p>Les Mees Zona A Gesamtfl\u00e4che: 52ha Gelber Apfel: 20 ha Gr\u00fcner Apfel: 32 ha<\/p>\n","protected":false},"author":1,"featured_media":0,"parent":5123,"menu_order":0,"comment_status":"closed","ping_status":"closed","template":"elementor_header_footer","meta":{"footnotes":""},"class_list":["post-5343","page","type-page","status-publish"],"yoast_head":"<!-- This site is optimized with the Yoast SEO plugin v27.5 - https:\/\/yoast.com\/product\/yoast-seo-wordpress\/ -->\n<title>Les M\u00e9es Sector A<\/title>\n<meta name=\"description\" content=\"Les Mees Zona A     Gesamtfl\u00e4che: 52ha           Gelber Apfel: 20 ha               Gr\u00fcner Apfel: 32 ha\" \/>\n<meta name=\"robots\" content=\"index, follow, max-snippet:-1, max-image-preview:large, max-video-preview:-1\" \/>\n<link rel=\"canonical\" href=\"https:\/\/www.grupocatala.com\/de\/anbaugebiete\/frankreich-sektor\/lesmees-sector-a\/\" \/>\n<meta property=\"og:locale\" content=\"de_DE\" \/>\n<meta property=\"og:type\" content=\"article\" \/>\n<meta property=\"og:title\" content=\"Les M\u00e9es Sector A\" \/>\n<meta property=\"og:description\" content=\"Les Mees Zona A     Gesamtfl\u00e4che: 52ha           Gelber Apfel: 20 ha               Gr\u00fcner Apfel: 32 ha\" \/>\n<meta property=\"og:url\" content=\"https:\/\/www.grupocatala.com\/de\/anbaugebiete\/frankreich-sektor\/lesmees-sector-a\/\" \/>\n<meta property=\"og:site_name\" content=\"GRUPO CATAL\u00c0\" \/>\n<meta property=\"article:modified_time\" content=\"2026-04-16T11:03:26+00:00\" \/>\n<meta name=\"twitter:card\" content=\"summary_large_image\" \/>\n<meta name=\"twitter:label1\" content=\"Gesch\u00e4tzte Lesezeit\" \/>\n\t<meta name=\"twitter:data1\" content=\"1 minute\" \/>\n<script type=\"application\/ld+json\" class=\"yoast-schema-graph\">{\"@context\":\"https:\\\/\\\/schema.org\",\"@graph\":[{\"@type\":\"WebPage\",\"@id\":\"https:\\\/\\\/www.grupocatala.com\\\/de\\\/anbaugebiete\\\/frankreich-sektor\\\/lesmees-sector-a\\\/\",\"url\":\"https:\\\/\\\/www.grupocatala.com\\\/de\\\/anbaugebiete\\\/frankreich-sektor\\\/lesmees-sector-a\\\/\",\"name\":\"Les M\u00e9es Sector A\",\"isPartOf\":{\"@id\":\"https:\\\/\\\/www.grupocatala.com\\\/de\\\/#website\"},\"datePublished\":\"2020-03-26T09:32:53+00:00\",\"dateModified\":\"2026-04-16T11:03:26+00:00\",\"description\":\"Les Mees Zona A Gesamtfl\u00e4che: 52ha Gelber Apfel: 20 ha Gr\u00fcner Apfel: 32 ha\",\"breadcrumb\":{\"@id\":\"https:\\\/\\\/www.grupocatala.com\\\/de\\\/anbaugebiete\\\/frankreich-sektor\\\/lesmees-sector-a\\\/#breadcrumb\"},\"inLanguage\":\"de-DE\",\"potentialAction\":[{\"@type\":\"ReadAction\",\"target\":[\"https:\\\/\\\/www.grupocatala.com\\\/de\\\/anbaugebiete\\\/frankreich-sektor\\\/lesmees-sector-a\\\/\"]}]},{\"@type\":\"BreadcrumbList\",\"@id\":\"https:\\\/\\\/www.grupocatala.com\\\/de\\\/anbaugebiete\\\/frankreich-sektor\\\/lesmees-sector-a\\\/#breadcrumb\",\"itemListElement\":[{\"@type\":\"ListItem\",\"position\":1,\"name\":\"Portada\",\"item\":\"https:\\\/\\\/www.grupocatala.com\\\/de\\\/\"},{\"@type\":\"ListItem\",\"position\":2,\"name\":\"ANBAUGEBIETE\",\"item\":\"https:\\\/\\\/www.grupocatala.com\\\/de\\\/anbaugebiete\\\/\"},{\"@type\":\"ListItem\",\"position\":3,\"name\":\"Frankreich Sektor\",\"item\":\"https:\\\/\\\/www.grupocatala.com\\\/de\\\/anbaugebiete\\\/frankreich-sektor\\\/\"},{\"@type\":\"ListItem\",\"position\":4,\"name\":\"Les M\u00e9es Sector A\"}]},{\"@type\":\"WebSite\",\"@id\":\"https:\\\/\\\/www.grupocatala.com\\\/de\\\/#website\",\"url\":\"https:\\\/\\\/www.grupocatala.com\\\/de\\\/\",\"name\":\"GRUPO CATAL\u00c0\",\"description\":\"\",\"publisher\":{\"@id\":\"https:\\\/\\\/www.grupocatala.com\\\/de\\\/#organization\"},\"potentialAction\":[{\"@type\":\"SearchAction\",\"target\":{\"@type\":\"EntryPoint\",\"urlTemplate\":\"https:\\\/\\\/www.grupocatala.com\\\/de\\\/?s={search_term_string}\"},\"query-input\":{\"@type\":\"PropertyValueSpecification\",\"valueRequired\":true,\"valueName\":\"search_term_string\"}}],\"inLanguage\":\"de-DE\"},{\"@type\":\"Organization\",\"@id\":\"https:\\\/\\\/www.grupocatala.com\\\/de\\\/#organization\",\"name\":\"Grupo Catala\",\"url\":\"https:\\\/\\\/www.grupocatala.com\\\/de\\\/\",\"logo\":{\"@type\":\"ImageObject\",\"inLanguage\":\"de-DE\",\"@id\":\"https:\\\/\\\/www.grupocatala.com\\\/de\\\/#\\\/schema\\\/logo\\\/image\\\/\",\"url\":\"https:\\\/\\\/i0.wp.com\\\/www.grupocatala.com\\\/wp-content\\\/uploads\\\/2020\\\/03\\\/cropped-logo_blanc-1.png?fit=250%2C57&ssl=1\",\"contentUrl\":\"https:\\\/\\\/i0.wp.com\\\/www.grupocatala.com\\\/wp-content\\\/uploads\\\/2020\\\/03\\\/cropped-logo_blanc-1.png?fit=250%2C57&ssl=1\",\"width\":250,\"height\":57,\"caption\":\"Grupo Catala\"},\"image\":{\"@id\":\"https:\\\/\\\/www.grupocatala.com\\\/de\\\/#\\\/schema\\\/logo\\\/image\\\/\"},\"sameAs\":[\"https:\\\/\\\/www.instagram.com\\\/grupocatala\"]}]}<\/script>\n<!-- \/ Yoast SEO plugin. -->","yoast_head_json":{"title":"Les M\u00e9es Sector A","description":"Les Mees Zona A     Gesamtfl\u00e4che: 52ha           Gelber Apfel: 20 ha               Gr\u00fcner Apfel: 32 ha","robots":{"index":"index","follow":"follow","max-snippet":"max-snippet:-1","max-image-preview":"max-image-preview:large","max-video-preview":"max-video-preview:-1"},"canonical":"https:\/\/www.grupocatala.com\/de\/anbaugebiete\/frankreich-sektor\/lesmees-sector-a\/","og_locale":"de_DE","og_type":"article","og_title":"Les M\u00e9es Sector A","og_description":"Les Mees Zona A     Gesamtfl\u00e4che: 52ha           Gelber Apfel: 20 ha               Gr\u00fcner Apfel: 32 ha","og_url":"https:\/\/www.grupocatala.com\/de\/anbaugebiete\/frankreich-sektor\/lesmees-sector-a\/","og_site_name":"GRUPO CATAL\u00c0","article_modified_time":"2026-04-16T11:03:26+00:00","twitter_card":"summary_large_image","twitter_misc":{"Gesch\u00e4tzte Lesezeit":"1 minute"},"schema":{"@context":"https:\/\/schema.org","@graph":[{"@type":"WebPage","@id":"https:\/\/www.grupocatala.com\/de\/anbaugebiete\/frankreich-sektor\/lesmees-sector-a\/","url":"https:\/\/www.grupocatala.com\/de\/anbaugebiete\/frankreich-sektor\/lesmees-sector-a\/","name":"Les M\u00e9es Sector A","isPartOf":{"@id":"https:\/\/www.grupocatala.com\/de\/#website"},"datePublished":"2020-03-26T09:32:53+00:00","dateModified":"2026-04-16T11:03:26+00:00","description":"Les Mees Zona A Gesamtfl\u00e4che: 52ha Gelber Apfel: 20 ha Gr\u00fcner Apfel: 32 ha","breadcrumb":{"@id":"https:\/\/www.grupocatala.com\/de\/anbaugebiete\/frankreich-sektor\/lesmees-sector-a\/#breadcrumb"},"inLanguage":"de-DE","potentialAction":[{"@type":"ReadAction","target":["https:\/\/www.grupocatala.com\/de\/anbaugebiete\/frankreich-sektor\/lesmees-sector-a\/"]}]},{"@type":"BreadcrumbList","@id":"https:\/\/www.grupocatala.com\/de\/anbaugebiete\/frankreich-sektor\/lesmees-sector-a\/#breadcrumb","itemListElement":[{"@type":"ListItem","position":1,"name":"Portada","item":"https:\/\/www.grupocatala.com\/de\/"},{"@type":"ListItem","position":2,"name":"ANBAUGEBIETE","item":"https:\/\/www.grupocatala.com\/de\/anbaugebiete\/"},{"@type":"ListItem","position":3,"name":"Frankreich Sektor","item":"https:\/\/www.grupocatala.com\/de\/anbaugebiete\/frankreich-sektor\/"},{"@type":"ListItem","position":4,"name":"Les M\u00e9es Sector A"}]},{"@type":"WebSite","@id":"https:\/\/www.grupocatala.com\/de\/#website","url":"https:\/\/www.grupocatala.com\/de\/","name":"GRUPO CATAL\u00c0","description":"","publisher":{"@id":"https:\/\/www.grupocatala.com\/de\/#organization"},"potentialAction":[{"@type":"SearchAction","target":{"@type":"EntryPoint","urlTemplate":"https:\/\/www.grupocatala.com\/de\/?s={search_term_string}"},"query-input":{"@type":"PropertyValueSpecification","valueRequired":true,"valueName":"search_term_string"}}],"inLanguage":"de-DE"},{"@type":"Organization","@id":"https:\/\/www.grupocatala.com\/de\/#organization","name":"Grupo Catala","url":"https:\/\/www.grupocatala.com\/de\/","logo":{"@type":"ImageObject","inLanguage":"de-DE","@id":"https:\/\/www.grupocatala.com\/de\/#\/schema\/logo\/image\/","url":"https:\/\/i0.wp.com\/www.grupocatala.com\/wp-content\/uploads\/2020\/03\/cropped-logo_blanc-1.png?fit=250%2C57&ssl=1","contentUrl":"https:\/\/i0.wp.com\/www.grupocatala.com\/wp-content\/uploads\/2020\/03\/cropped-logo_blanc-1.png?fit=250%2C57&ssl=1","width":250,"height":57,"caption":"Grupo Catala"},"image":{"@id":"https:\/\/www.grupocatala.com\/de\/#\/schema\/logo\/image\/"},"sameAs":["https:\/\/www.instagram.com\/grupocatala"]}]}},"jetpack_sharing_enabled":true,"_links":{"self":[{"href":"https:\/\/www.grupocatala.com\/de\/wp-json\/wp\/v2\/pages\/5343","targetHints":{"allow":["GET"]}}],"collection":[{"href":"https:\/\/www.grupocatala.com\/de\/wp-json\/wp\/v2\/pages"}],"about":[{"href":"https:\/\/www.grupocatala.com\/de\/wp-json\/wp\/v2\/types\/page"}],"author":[{"embeddable":true,"href":"https:\/\/www.grupocatala.com\/de\/wp-json\/wp\/v2\/users\/1"}],"replies":[{"embeddable":true,"href":"https:\/\/www.grupocatala.com\/de\/wp-json\/wp\/v2\/comments?post=5343"}],"version-history":[{"count":12,"href":"https:\/\/www.grupocatala.com\/de\/wp-json\/wp\/v2\/pages\/5343\/revisions"}],"predecessor-version":[{"id":18282,"href":"https:\/\/www.grupocatala.com\/de\/wp-json\/wp\/v2\/pages\/5343\/revisions\/18282"}],"up":[{"embeddable":true,"href":"https:\/\/www.grupocatala.com\/de\/wp-json\/wp\/v2\/pages\/5123"}],"wp:attachment":[{"href":"https:\/\/www.grupocatala.com\/de\/wp-json\/wp\/v2\/media?parent=5343"}],"curies":[{"name":"wp","href":"https:\/\/api.w.org\/{rel}","templated":true}]}}