{"id":4606,"date":"2020-03-26T09:16:43","date_gmt":"2020-03-26T09:16:43","guid":{"rendered":"https:\/\/www.grupocatala.com\/einrichtungen\/norden-sector\/sdad-coop-sant-domenec-la-portella-dalt\/"},"modified":"2026-02-04T13:56:44","modified_gmt":"2026-02-04T12:56:44","slug":"sdad-coop-sant-domenec-la-portella-dalt","status":"publish","type":"page","link":"https:\/\/www.grupocatala.com\/de\/einrichtungen\/norden-sector\/sdad-coop-sant-domenec-la-portella-dalt\/","title":{"rendered":"Sdad. Coop Sant Dom\u00e9nec La Portella Dalt"},"content":{"rendered":"\t\t<div data-elementor-type=\"wp-page\" data-elementor-id=\"4606\" class=\"elementor elementor-4606 elementor-365\" data-elementor-post-type=\"page\">\n\t\t\t\t\t\t<section class=\"elementor-section elementor-top-section elementor-element elementor-element-a4c85b3 elementor-section-full_width elementor-section-height-min-height cont_rel elementor-section-height-default elementor-section-items-middle\" data-id=\"a4c85b3\" data-element_type=\"section\" data-e-type=\"section\">\n\t\t\t\t\t\t<div class=\"elementor-container elementor-column-gap-default\">\n\t\t\t\t\t<div class=\"elementor-column elementor-col-100 elementor-top-column elementor-element elementor-element-735d3469\" data-id=\"735d3469\" data-element_type=\"column\" data-e-type=\"column\">\n\t\t\t<div class=\"elementor-widget-wrap elementor-element-populated\">\n\t\t\t\t\t\t<div class=\"elementor-element elementor-element-12bdb6cc elementor--h-position-center elementor--v-position-middle elementor-widget elementor-widget-slides\" data-id=\"12bdb6cc\" data-element_type=\"widget\" data-e-type=\"widget\" data-settings=\"{&quot;navigation&quot;:&quot;none&quot;,&quot;transition&quot;:&quot;fade&quot;,&quot;_animation&quot;:&quot;none&quot;,&quot;autoplay&quot;:&quot;yes&quot;,&quot;autoplay_speed&quot;:5000,&quot;infinite&quot;:&quot;yes&quot;,&quot;transition_speed&quot;:500}\" data-widget_type=\"slides.default\">\n\t\t\t\t<div class=\"elementor-widget-container\">\n\t\t\t\t\t\t\t\t\t<div class=\"elementor-swiper\">\n\t\t\t\t\t<div class=\"elementor-slides-wrapper elementor-main-swiper swiper\" role=\"region\" aria-roledescription=\"carousel\" aria-label=\"Diapositivas\" dir=\"ltr\" data-animation=\"zoomIn\">\n\t\t\t\t<div class=\"swiper-wrapper elementor-slides\">\n\t\t\t\t\t\t\t\t\t\t<div class=\"elementor-repeater-item-eb571ab swiper-slide\" role=\"group\" aria-roledescription=\"slide\"><div class=\"swiper-slide-bg elementor-ken-burns elementor-ken-burns--out\" role=\"img\" aria-label=\"DJI_20250903123433_0161_D_retocada\"><\/div><div class=\"elementor-background-overlay\"><\/div><div class=\"swiper-slide-inner\" ><div class=\"swiper-slide-contents\"><\/div><\/div><\/div>\t\t\t\t<\/div>\n\t\t\t\t\t\t\t<\/div>\n\t\t\t\t<\/div>\n\t\t\t\t\t\t\t\t<\/div>\n\t\t\t\t<\/div>\n\t\t\t\t<div class=\"elementor-element elementor-element-db4cf97 postnav elementor-post-navigation-borders-yes elementor-widget elementor-widget-post-navigation\" data-id=\"db4cf97\" data-element_type=\"widget\" data-e-type=\"widget\" data-widget_type=\"post-navigation.default\">\n\t\t\t\t<div class=\"elementor-widget-container\">\n\t\t\t\t\t\t\t<div class=\"elementor-post-navigation\" role=\"navigation\" aria-label=\"Beitrag Navigation\">\n\t\t\t<div class=\"elementor-post-navigation__prev elementor-post-navigation__link\">\n\t\t\t\t<a href=\"https:\/\/www.grupocatala.com\/de\/einrichtungen\/frankreich-sektor\/\" rel=\"prev\"><span class=\"post-navigation__arrow-wrapper post-navigation__arrow-prev\"><i aria-hidden=\"true\" class=\"fas fa-angle-left\"><\/i><span class=\"elementor-screen-only\">Prev<\/span><\/span><span class=\"elementor-post-navigation__link__prev\"><span class=\"post-navigation__prev--label\">Previous<\/span><span class=\"post-navigation__prev--title\">Frankreich sektor<\/span><\/span><\/a>\t\t\t<\/div>\n\t\t\t\t\t\t\t<div class=\"elementor-post-navigation__separator-wrapper\">\n\t\t\t\t\t<div class=\"elementor-post-navigation__separator\"><\/div>\n\t\t\t\t<\/div>\n\t\t\t\t\t\t<div class=\"elementor-post-navigation__next elementor-post-navigation__link\">\n\t\t\t\t<a href=\"https:\/\/www.grupocatala.com\/de\/einrichtungen\/norden-sector\/sdad-coop-sant-domenec-la-portella-baix\/\" rel=\"next\"><span class=\"elementor-post-navigation__link__next\"><span class=\"post-navigation__next--label\">Next<\/span><span class=\"post-navigation__next--title\">Sdad. Coop Sant Dom\u00e9nec La Portella Baix<\/span><\/span><span class=\"post-navigation__arrow-wrapper post-navigation__arrow-next\"><i aria-hidden=\"true\" class=\"fas fa-angle-right\"><\/i><span class=\"elementor-screen-only\">N\u00e4chster<\/span><\/span><\/a>\t\t\t<\/div>\n\t\t<\/div>\n\t\t\t\t\t\t<\/div>\n\t\t\t\t<\/div>\n\t\t\t\t<section class=\"elementor-section elementor-inner-section elementor-element elementor-element-34d02e98 elementor-section-height-min-height cont_rel_map elementor-section-boxed elementor-section-height-default\" data-id=\"34d02e98\" data-element_type=\"section\" data-e-type=\"section\">\n\t\t\t\t\t\t<div class=\"elementor-container elementor-column-gap-default\">\n\t\t\t\t\t<div class=\"elementor-column elementor-col-50 elementor-inner-column elementor-element elementor-element-58033b27\" data-id=\"58033b27\" data-element_type=\"column\" data-e-type=\"column\">\n\t\t\t<div class=\"elementor-widget-wrap elementor-element-populated\">\n\t\t\t\t\t\t<div class=\"elementor-element elementor-element-616f13c5 elementor-widget elementor-widget-heading\" data-id=\"616f13c5\" data-element_type=\"widget\" data-e-type=\"widget\" data-widget_type=\"heading.default\">\n\t\t\t\t<div class=\"elementor-widget-container\">\n\t\t\t\t\t<h2 class=\"elementor-heading-title elementor-size-default\">D. Catal\u00e1<\/h2>\t\t\t\t<\/div>\n\t\t\t\t<\/div>\n\t\t\t\t<div class=\"elementor-element elementor-element-65c366f9 elementor-widget elementor-widget-heading\" data-id=\"65c366f9\" data-element_type=\"widget\" data-e-type=\"widget\" data-widget_type=\"heading.default\">\n\t\t\t\t<div class=\"elementor-widget-container\">\n\t\t\t\t\t<h2 class=\"elementor-heading-title elementor-size-default\">La Portella<\/h2>\t\t\t\t<\/div>\n\t\t\t\t<\/div>\n\t\t\t\t<div class=\"elementor-element elementor-element-7a4f0047 elementor-position-inline-start elementor-mobile-position-inline-start elementor-view-default elementor-widget elementor-widget-icon-box\" data-id=\"7a4f0047\" data-element_type=\"widget\" data-e-type=\"widget\" data-widget_type=\"icon-box.default\">\n\t\t\t\t<div class=\"elementor-widget-container\">\n\t\t\t\t\t\t\t<div class=\"elementor-icon-box-wrapper\">\n\n\t\t\t\t\t\t<div class=\"elementor-icon-box-icon\">\n\t\t\t\t<span  class=\"elementor-icon\">\n\t\t\t\t<i aria-hidden=\"true\" class=\"far fa-map\"><\/i>\t\t\t\t<\/span>\n\t\t\t<\/div>\n\t\t\t\n\t\t\t\t\t\t<div class=\"elementor-icon-box-content\">\n\n\t\t\t\t\t\t\t\t\t<h3 class=\"elementor-icon-box-title\">\n\t\t\t\t\t\t<span  >\n\t\t\t\t\t\t\tFl\u00e4chenanlagen: 50.000 m2\t\t\t\t\t\t<\/span>\n\t\t\t\t\t<\/h3>\n\t\t\t\t\n\t\t\t\t\n\t\t\t<\/div>\n\t\t\t\n\t\t<\/div>\n\t\t\t\t\t\t<\/div>\n\t\t\t\t<\/div>\n\t\t\t\t<div class=\"elementor-element elementor-element-535a24f4 elementor-position-inline-start elementor-mobile-position-inline-start elementor-view-default elementor-widget elementor-widget-icon-box\" data-id=\"535a24f4\" data-element_type=\"widget\" data-e-type=\"widget\" data-widget_type=\"icon-box.default\">\n\t\t\t\t<div class=\"elementor-widget-container\">\n\t\t\t\t\t\t\t<div class=\"elementor-icon-box-wrapper\">\n\n\t\t\t\t\t\t<div class=\"elementor-icon-box-icon\">\n\t\t\t\t<span  class=\"elementor-icon\">\n\t\t\t\t<i aria-hidden=\"true\" class=\"fas fa-boxes\"><\/i>\t\t\t\t<\/span>\n\t\t\t<\/div>\n\t\t\t\n\t\t\t\t\t\t<div class=\"elementor-icon-box-content\">\n\n\t\t\t\t\t\t\t\t\t<h3 class=\"elementor-icon-box-title\">\n\t\t\t\t\t\t<span  >\n\t\t\t\t\t\t\tK\u00fchlkapazit\u00e4t: 20.000 Tn\t\t\t\t\t\t<\/span>\n\t\t\t\t\t<\/h3>\n\t\t\t\t\n\t\t\t\t\n\t\t\t<\/div>\n\t\t\t\n\t\t<\/div>\n\t\t\t\t\t\t<\/div>\n\t\t\t\t<\/div>\n\t\t\t\t<div class=\"elementor-element elementor-element-273c08db elementor-widget elementor-widget-text-editor\" data-id=\"273c08db\" data-element_type=\"widget\" data-e-type=\"widget\" data-widget_type=\"text-editor.default\">\n\t\t\t\t<div class=\"elementor-widget-container\">\n\t\t\t\t\t\t\t\t\t<p>Ctra. de Albesa S\/N<br \/>25134 La Portella (Lleida, Spain)<br \/>Telf: +34 973 18 61 81<br \/>Fax: +34 973 18 64 79<\/p>\t\t\t\t\t\t\t\t<\/div>\n\t\t\t\t<\/div>\n\t\t\t\t\t<\/div>\n\t\t<\/div>\n\t\t\t\t<div class=\"elementor-column elementor-col-50 elementor-inner-column elementor-element elementor-element-cf408e8\" data-id=\"cf408e8\" data-element_type=\"column\" data-e-type=\"column\">\n\t\t\t<div class=\"elementor-widget-wrap elementor-element-populated\">\n\t\t\t\t\t\t<div class=\"elementor-element elementor-element-54f95598 elementor-widget elementor-widget-image\" data-id=\"54f95598\" data-element_type=\"widget\" data-e-type=\"widget\" data-widget_type=\"image.default\">\n\t\t\t\t<div class=\"elementor-widget-container\">\n\t\t\t\t\t\t\t\t\t\t\t\t\t\t\t<img decoding=\"async\" width=\"250\" height=\"193\" src=\"https:\/\/i0.wp.com\/www.grupocatala.com\/wp-content\/uploads\/2020\/03\/sector_catalunya-1.png?fit=250%2C193&amp;ssl=1\" class=\"attachment-full size-full wp-image-1401\" alt=\"\" \/>\t\t\t\t\t\t\t\t\t\t\t\t\t\t\t<\/div>\n\t\t\t\t<\/div>\n\t\t\t\t\t<\/div>\n\t\t<\/div>\n\t\t\t\t\t<\/div>\n\t\t<\/section>\n\t\t\t\t\t<\/div>\n\t\t<\/div>\n\t\t\t\t\t<\/div>\n\t\t<\/section>\n\t\t\t\t<\/div>\n\t\t","protected":false},"excerpt":{"rendered":"<p>D. Catal\u00e1 La Portella Fl\u00e4chenanlagen: 50.000 m2 K\u00fchlkapazit\u00e4t: 20.000 Tn Ctra. de Albesa S\/N25134 La Portella (Lleida, Spain)Telf: +34 973 18 61 81Fax: +34 973 18 64 79<\/p>\n","protected":false},"author":1,"featured_media":0,"parent":4591,"menu_order":0,"comment_status":"closed","ping_status":"closed","template":"elementor_header_footer","meta":{"footnotes":""},"class_list":["post-4606","page","type-page","status-publish"],"yoast_head":"<!-- This site is optimized with the Yoast SEO plugin v27.3 - https:\/\/yoast.com\/product\/yoast-seo-wordpress\/ -->\n<title>Sdad. Coop Sant Dom\u00e9nec La Portella Dalt<\/title>\n<meta name=\"description\" content=\"D. Catal\u00e1 La Portella Fl\u00e4chenanlagen: 50.000 m2 K\u00fchlkapazit\u00e4t: 20.000 Tn Ctra. de Albesa S\/N25134 La Portella (Lleida, Spain)Telf: +34 973 18 61 81Fax:\" \/>\n<meta name=\"robots\" content=\"index, follow, max-snippet:-1, max-image-preview:large, max-video-preview:-1\" \/>\n<link rel=\"canonical\" href=\"https:\/\/www.grupocatala.com\/de\/einrichtungen\/norden-sector\/sdad-coop-sant-domenec-la-portella-dalt\/\" \/>\n<meta property=\"og:locale\" content=\"de_DE\" \/>\n<meta property=\"og:type\" content=\"article\" \/>\n<meta property=\"og:title\" content=\"Sdad. Coop Sant Dom\u00e9nec La Portella Dalt\" \/>\n<meta property=\"og:description\" content=\"D. Catal\u00e1 La Portella Fl\u00e4chenanlagen: 50.000 m2 K\u00fchlkapazit\u00e4t: 20.000 Tn Ctra. de Albesa S\/N25134 La Portella (Lleida, Spain)Telf: +34 973 18 61 81Fax:\" \/>\n<meta property=\"og:url\" content=\"https:\/\/www.grupocatala.com\/de\/einrichtungen\/norden-sector\/sdad-coop-sant-domenec-la-portella-dalt\/\" \/>\n<meta property=\"og:site_name\" content=\"GRUPO CATAL\u00c0\" \/>\n<meta property=\"article:modified_time\" content=\"2026-02-04T12:56:44+00:00\" \/>\n<meta property=\"og:image\" content=\"https:\/\/www.grupocatala.com\/wp-content\/uploads\/2020\/03\/sector_catalunya-1.png\" \/>\n<meta name=\"twitter:card\" content=\"summary_large_image\" \/>\n<script type=\"application\/ld+json\" class=\"yoast-schema-graph\">{\"@context\":\"https:\\\/\\\/schema.org\",\"@graph\":[{\"@type\":\"WebPage\",\"@id\":\"https:\\\/\\\/www.grupocatala.com\\\/de\\\/einrichtungen\\\/norden-sector\\\/sdad-coop-sant-domenec-la-portella-dalt\\\/\",\"url\":\"https:\\\/\\\/www.grupocatala.com\\\/de\\\/einrichtungen\\\/norden-sector\\\/sdad-coop-sant-domenec-la-portella-dalt\\\/\",\"name\":\"Sdad. Coop Sant Dom\u00e9nec La Portella Dalt\",\"isPartOf\":{\"@id\":\"https:\\\/\\\/www.grupocatala.com\\\/de\\\/#website\"},\"primaryImageOfPage\":{\"@id\":\"https:\\\/\\\/www.grupocatala.com\\\/de\\\/einrichtungen\\\/norden-sector\\\/sdad-coop-sant-domenec-la-portella-dalt\\\/#primaryimage\"},\"image\":{\"@id\":\"https:\\\/\\\/www.grupocatala.com\\\/de\\\/einrichtungen\\\/norden-sector\\\/sdad-coop-sant-domenec-la-portella-dalt\\\/#primaryimage\"},\"thumbnailUrl\":\"https:\\\/\\\/www.grupocatala.com\\\/wp-content\\\/uploads\\\/2020\\\/03\\\/sector_catalunya-1.png\",\"datePublished\":\"2020-03-26T09:16:43+00:00\",\"dateModified\":\"2026-02-04T12:56:44+00:00\",\"description\":\"D. Catal\u00e1 La Portella Fl\u00e4chenanlagen: 50.000 m2 K\u00fchlkapazit\u00e4t: 20.000 Tn Ctra. de Albesa S\\\/N25134 La Portella (Lleida, Spain)Telf: +34 973 18 61 81Fax:\",\"breadcrumb\":{\"@id\":\"https:\\\/\\\/www.grupocatala.com\\\/de\\\/einrichtungen\\\/norden-sector\\\/sdad-coop-sant-domenec-la-portella-dalt\\\/#breadcrumb\"},\"inLanguage\":\"de-DE\",\"potentialAction\":[{\"@type\":\"ReadAction\",\"target\":[\"https:\\\/\\\/www.grupocatala.com\\\/de\\\/einrichtungen\\\/norden-sector\\\/sdad-coop-sant-domenec-la-portella-dalt\\\/\"]}]},{\"@type\":\"ImageObject\",\"inLanguage\":\"de-DE\",\"@id\":\"https:\\\/\\\/www.grupocatala.com\\\/de\\\/einrichtungen\\\/norden-sector\\\/sdad-coop-sant-domenec-la-portella-dalt\\\/#primaryimage\",\"url\":\"https:\\\/\\\/www.grupocatala.com\\\/wp-content\\\/uploads\\\/2020\\\/03\\\/sector_catalunya-1.png\",\"contentUrl\":\"https:\\\/\\\/www.grupocatala.com\\\/wp-content\\\/uploads\\\/2020\\\/03\\\/sector_catalunya-1.png\"},{\"@type\":\"BreadcrumbList\",\"@id\":\"https:\\\/\\\/www.grupocatala.com\\\/de\\\/einrichtungen\\\/norden-sector\\\/sdad-coop-sant-domenec-la-portella-dalt\\\/#breadcrumb\",\"itemListElement\":[{\"@type\":\"ListItem\",\"position\":1,\"name\":\"Portada\",\"item\":\"https:\\\/\\\/www.grupocatala.com\\\/de\\\/\"},{\"@type\":\"ListItem\",\"position\":2,\"name\":\"EINRICHTUNGEN\",\"item\":\"https:\\\/\\\/www.grupocatala.com\\\/de\\\/einrichtungen\\\/\"},{\"@type\":\"ListItem\",\"position\":3,\"name\":\"Norden sector\",\"item\":\"https:\\\/\\\/www.grupocatala.com\\\/de\\\/einrichtungen\\\/norden-sector\\\/\"},{\"@type\":\"ListItem\",\"position\":4,\"name\":\"Sdad. Coop Sant Dom\u00e9nec La Portella Dalt\"}]},{\"@type\":\"WebSite\",\"@id\":\"https:\\\/\\\/www.grupocatala.com\\\/de\\\/#website\",\"url\":\"https:\\\/\\\/www.grupocatala.com\\\/de\\\/\",\"name\":\"GRUPO CATAL\u00c0\",\"description\":\"\",\"publisher\":{\"@id\":\"https:\\\/\\\/www.grupocatala.com\\\/de\\\/#organization\"},\"potentialAction\":[{\"@type\":\"SearchAction\",\"target\":{\"@type\":\"EntryPoint\",\"urlTemplate\":\"https:\\\/\\\/www.grupocatala.com\\\/de\\\/?s={search_term_string}\"},\"query-input\":{\"@type\":\"PropertyValueSpecification\",\"valueRequired\":true,\"valueName\":\"search_term_string\"}}],\"inLanguage\":\"de-DE\"},{\"@type\":\"Organization\",\"@id\":\"https:\\\/\\\/www.grupocatala.com\\\/de\\\/#organization\",\"name\":\"Grupo Catala\",\"url\":\"https:\\\/\\\/www.grupocatala.com\\\/de\\\/\",\"logo\":{\"@type\":\"ImageObject\",\"inLanguage\":\"de-DE\",\"@id\":\"https:\\\/\\\/www.grupocatala.com\\\/de\\\/#\\\/schema\\\/logo\\\/image\\\/\",\"url\":\"https:\\\/\\\/i0.wp.com\\\/www.grupocatala.com\\\/wp-content\\\/uploads\\\/2020\\\/03\\\/cropped-logo_blanc-1.png?fit=250%2C57&ssl=1\",\"contentUrl\":\"https:\\\/\\\/i0.wp.com\\\/www.grupocatala.com\\\/wp-content\\\/uploads\\\/2020\\\/03\\\/cropped-logo_blanc-1.png?fit=250%2C57&ssl=1\",\"width\":250,\"height\":57,\"caption\":\"Grupo Catala\"},\"image\":{\"@id\":\"https:\\\/\\\/www.grupocatala.com\\\/de\\\/#\\\/schema\\\/logo\\\/image\\\/\"},\"sameAs\":[\"https:\\\/\\\/www.instagram.com\\\/grupocatala\"]}]}<\/script>\n<!-- \/ Yoast SEO plugin. -->","yoast_head_json":{"title":"Sdad. Coop Sant Dom\u00e9nec La Portella Dalt","description":"D. Catal\u00e1 La Portella Fl\u00e4chenanlagen: 50.000 m2 K\u00fchlkapazit\u00e4t: 20.000 Tn Ctra. de Albesa S\/N25134 La Portella (Lleida, Spain)Telf: +34 973 18 61 81Fax:","robots":{"index":"index","follow":"follow","max-snippet":"max-snippet:-1","max-image-preview":"max-image-preview:large","max-video-preview":"max-video-preview:-1"},"canonical":"https:\/\/www.grupocatala.com\/de\/einrichtungen\/norden-sector\/sdad-coop-sant-domenec-la-portella-dalt\/","og_locale":"de_DE","og_type":"article","og_title":"Sdad. Coop Sant Dom\u00e9nec La Portella Dalt","og_description":"D. Catal\u00e1 La Portella Fl\u00e4chenanlagen: 50.000 m2 K\u00fchlkapazit\u00e4t: 20.000 Tn Ctra. de Albesa S\/N25134 La Portella (Lleida, Spain)Telf: +34 973 18 61 81Fax:","og_url":"https:\/\/www.grupocatala.com\/de\/einrichtungen\/norden-sector\/sdad-coop-sant-domenec-la-portella-dalt\/","og_site_name":"GRUPO CATAL\u00c0","article_modified_time":"2026-02-04T12:56:44+00:00","og_image":[{"url":"https:\/\/www.grupocatala.com\/wp-content\/uploads\/2020\/03\/sector_catalunya-1.png","type":"","width":"","height":""}],"twitter_card":"summary_large_image","schema":{"@context":"https:\/\/schema.org","@graph":[{"@type":"WebPage","@id":"https:\/\/www.grupocatala.com\/de\/einrichtungen\/norden-sector\/sdad-coop-sant-domenec-la-portella-dalt\/","url":"https:\/\/www.grupocatala.com\/de\/einrichtungen\/norden-sector\/sdad-coop-sant-domenec-la-portella-dalt\/","name":"Sdad. Coop Sant Dom\u00e9nec La Portella Dalt","isPartOf":{"@id":"https:\/\/www.grupocatala.com\/de\/#website"},"primaryImageOfPage":{"@id":"https:\/\/www.grupocatala.com\/de\/einrichtungen\/norden-sector\/sdad-coop-sant-domenec-la-portella-dalt\/#primaryimage"},"image":{"@id":"https:\/\/www.grupocatala.com\/de\/einrichtungen\/norden-sector\/sdad-coop-sant-domenec-la-portella-dalt\/#primaryimage"},"thumbnailUrl":"https:\/\/www.grupocatala.com\/wp-content\/uploads\/2020\/03\/sector_catalunya-1.png","datePublished":"2020-03-26T09:16:43+00:00","dateModified":"2026-02-04T12:56:44+00:00","description":"D. Catal\u00e1 La Portella Fl\u00e4chenanlagen: 50.000 m2 K\u00fchlkapazit\u00e4t: 20.000 Tn Ctra. de Albesa S\/N25134 La Portella (Lleida, Spain)Telf: +34 973 18 61 81Fax:","breadcrumb":{"@id":"https:\/\/www.grupocatala.com\/de\/einrichtungen\/norden-sector\/sdad-coop-sant-domenec-la-portella-dalt\/#breadcrumb"},"inLanguage":"de-DE","potentialAction":[{"@type":"ReadAction","target":["https:\/\/www.grupocatala.com\/de\/einrichtungen\/norden-sector\/sdad-coop-sant-domenec-la-portella-dalt\/"]}]},{"@type":"ImageObject","inLanguage":"de-DE","@id":"https:\/\/www.grupocatala.com\/de\/einrichtungen\/norden-sector\/sdad-coop-sant-domenec-la-portella-dalt\/#primaryimage","url":"https:\/\/www.grupocatala.com\/wp-content\/uploads\/2020\/03\/sector_catalunya-1.png","contentUrl":"https:\/\/www.grupocatala.com\/wp-content\/uploads\/2020\/03\/sector_catalunya-1.png"},{"@type":"BreadcrumbList","@id":"https:\/\/www.grupocatala.com\/de\/einrichtungen\/norden-sector\/sdad-coop-sant-domenec-la-portella-dalt\/#breadcrumb","itemListElement":[{"@type":"ListItem","position":1,"name":"Portada","item":"https:\/\/www.grupocatala.com\/de\/"},{"@type":"ListItem","position":2,"name":"EINRICHTUNGEN","item":"https:\/\/www.grupocatala.com\/de\/einrichtungen\/"},{"@type":"ListItem","position":3,"name":"Norden sector","item":"https:\/\/www.grupocatala.com\/de\/einrichtungen\/norden-sector\/"},{"@type":"ListItem","position":4,"name":"Sdad. Coop Sant Dom\u00e9nec La Portella Dalt"}]},{"@type":"WebSite","@id":"https:\/\/www.grupocatala.com\/de\/#website","url":"https:\/\/www.grupocatala.com\/de\/","name":"GRUPO CATAL\u00c0","description":"","publisher":{"@id":"https:\/\/www.grupocatala.com\/de\/#organization"},"potentialAction":[{"@type":"SearchAction","target":{"@type":"EntryPoint","urlTemplate":"https:\/\/www.grupocatala.com\/de\/?s={search_term_string}"},"query-input":{"@type":"PropertyValueSpecification","valueRequired":true,"valueName":"search_term_string"}}],"inLanguage":"de-DE"},{"@type":"Organization","@id":"https:\/\/www.grupocatala.com\/de\/#organization","name":"Grupo Catala","url":"https:\/\/www.grupocatala.com\/de\/","logo":{"@type":"ImageObject","inLanguage":"de-DE","@id":"https:\/\/www.grupocatala.com\/de\/#\/schema\/logo\/image\/","url":"https:\/\/i0.wp.com\/www.grupocatala.com\/wp-content\/uploads\/2020\/03\/cropped-logo_blanc-1.png?fit=250%2C57&ssl=1","contentUrl":"https:\/\/i0.wp.com\/www.grupocatala.com\/wp-content\/uploads\/2020\/03\/cropped-logo_blanc-1.png?fit=250%2C57&ssl=1","width":250,"height":57,"caption":"Grupo Catala"},"image":{"@id":"https:\/\/www.grupocatala.com\/de\/#\/schema\/logo\/image\/"},"sameAs":["https:\/\/www.instagram.com\/grupocatala"]}]}},"jetpack_sharing_enabled":true,"_links":{"self":[{"href":"https:\/\/www.grupocatala.com\/de\/wp-json\/wp\/v2\/pages\/4606","targetHints":{"allow":["GET"]}}],"collection":[{"href":"https:\/\/www.grupocatala.com\/de\/wp-json\/wp\/v2\/pages"}],"about":[{"href":"https:\/\/www.grupocatala.com\/de\/wp-json\/wp\/v2\/types\/page"}],"author":[{"embeddable":true,"href":"https:\/\/www.grupocatala.com\/de\/wp-json\/wp\/v2\/users\/1"}],"replies":[{"embeddable":true,"href":"https:\/\/www.grupocatala.com\/de\/wp-json\/wp\/v2\/comments?post=4606"}],"version-history":[{"count":9,"href":"https:\/\/www.grupocatala.com\/de\/wp-json\/wp\/v2\/pages\/4606\/revisions"}],"predecessor-version":[{"id":16828,"href":"https:\/\/www.grupocatala.com\/de\/wp-json\/wp\/v2\/pages\/4606\/revisions\/16828"}],"up":[{"embeddable":true,"href":"https:\/\/www.grupocatala.com\/de\/wp-json\/wp\/v2\/pages\/4591"}],"wp:attachment":[{"href":"https:\/\/www.grupocatala.com\/de\/wp-json\/wp\/v2\/media?parent=4606"}],"curies":[{"name":"wp","href":"https:\/\/api.w.org\/{rel}","templated":true}]}}