{"id":11422,"date":"2023-06-27T10:26:50","date_gmt":"2023-06-27T08:26:50","guid":{"rendered":"https:\/\/www.grupocatala.com\/?page_id=11422"},"modified":"2026-02-04T09:31:29","modified_gmt":"2026-02-04T08:31:29","slug":"compliance","status":"publish","type":"page","link":"https:\/\/www.grupocatala.com\/de\/group\/compliance\/","title":{"rendered":"Compliance"},"content":{"rendered":"\t\t<div data-elementor-type=\"wp-page\" data-elementor-id=\"11422\" class=\"elementor elementor-11422 elementor-9126\" data-elementor-post-type=\"page\">\n\t\t\t\t\t\t<section class=\"elementor-section elementor-top-section elementor-element elementor-element-32dce9f8 elementor-section-full_width elementor-section-height-default elementor-section-height-default\" data-id=\"32dce9f8\" data-element_type=\"section\" data-e-type=\"section\" data-settings=\"{&quot;background_background&quot;:&quot;classic&quot;}\">\n\t\t\t\t\t\t<div class=\"elementor-container elementor-column-gap-default\">\n\t\t\t\t\t<div class=\"elementor-column elementor-col-100 elementor-top-column elementor-element elementor-element-488de1b7 elementor-invisible\" data-id=\"488de1b7\" data-element_type=\"column\" data-e-type=\"column\" data-settings=\"{&quot;animation&quot;:&quot;fadeIn&quot;}\">\n\t\t\t<div class=\"elementor-widget-wrap elementor-element-populated\">\n\t\t\t\t\t\t<div class=\"elementor-element elementor-element-9229b3c elementor--h-position-center elementor--v-position-middle elementor-arrows-position-inside elementor-pagination-position-inside elementor-widget elementor-widget-slides\" data-id=\"9229b3c\" data-element_type=\"widget\" data-e-type=\"widget\" data-settings=\"{&quot;navigation&quot;:&quot;both&quot;,&quot;autoplay&quot;:&quot;yes&quot;,&quot;pause_on_hover&quot;:&quot;yes&quot;,&quot;pause_on_interaction&quot;:&quot;yes&quot;,&quot;autoplay_speed&quot;:5000,&quot;infinite&quot;:&quot;yes&quot;,&quot;transition&quot;:&quot;slide&quot;,&quot;transition_speed&quot;:500}\" data-widget_type=\"slides.default\">\n\t\t\t\t<div class=\"elementor-widget-container\">\n\t\t\t\t\t\t\t\t\t<div class=\"elementor-swiper\">\n\t\t\t\t\t<div class=\"elementor-slides-wrapper elementor-main-swiper swiper\" role=\"region\" aria-roledescription=\"carousel\" aria-label=\"Diapositivas\" dir=\"ltr\" data-animation=\"fadeInUp\">\n\t\t\t\t<div class=\"swiper-wrapper elementor-slides\">\n\t\t\t\t\t\t\t\t\t\t<div class=\"elementor-repeater-item-329fcfe swiper-slide\" role=\"group\" aria-roledescription=\"slide\"><div class=\"swiper-slide-bg elementor-ken-burns elementor-ken-burns--in\" role=\"img\" aria-label=\"chris-robert-mmNJkLqxAnQ-unsplash (1)\"><\/div><div class=\"swiper-slide-inner\" ><div class=\"swiper-slide-contents\"><div class=\"elementor-slide-heading\">Compliance<\/div><\/div><\/div><\/div>\t\t\t\t<\/div>\n\t\t\t\t\t\t\t<\/div>\n\t\t\t\t<\/div>\n\t\t\t\t\t\t\t\t<\/div>\n\t\t\t\t<\/div>\n\t\t\t\t\t<\/div>\n\t\t<\/div>\n\t\t\t\t\t<\/div>\n\t\t<\/section>\n\t\t\t\t<section class=\"elementor-section elementor-top-section elementor-element elementor-element-7ed18b2 elementor-section-boxed elementor-section-height-default elementor-section-height-default\" data-id=\"7ed18b2\" data-element_type=\"section\" data-e-type=\"section\">\n\t\t\t\t\t\t<div class=\"elementor-container elementor-column-gap-default\">\n\t\t\t\t\t<div class=\"elementor-column elementor-col-100 elementor-top-column elementor-element elementor-element-59ce19d9\" data-id=\"59ce19d9\" data-element_type=\"column\" data-e-type=\"column\">\n\t\t\t<div class=\"elementor-widget-wrap elementor-element-populated\">\n\t\t\t\t\t\t<div class=\"elementor-element elementor-element-2a4e31e0 elementor-widget elementor-widget-spacer\" data-id=\"2a4e31e0\" data-element_type=\"widget\" data-e-type=\"widget\" data-widget_type=\"spacer.default\">\n\t\t\t\t<div class=\"elementor-widget-container\">\n\t\t\t\t\t\t\t<div class=\"elementor-spacer\">\n\t\t\t<div class=\"elementor-spacer-inner\"><\/div>\n\t\t<\/div>\n\t\t\t\t\t\t<\/div>\n\t\t\t\t<\/div>\n\t\t\t\t\t<\/div>\n\t\t<\/div>\n\t\t\t\t\t<\/div>\n\t\t<\/section>\n\t\t\t\t<section class=\"elementor-section elementor-top-section elementor-element elementor-element-22ea8fd elementor-section-boxed elementor-section-height-default elementor-section-height-default\" data-id=\"22ea8fd\" data-element_type=\"section\" data-e-type=\"section\">\n\t\t\t\t\t\t<div class=\"elementor-container elementor-column-gap-default\">\n\t\t\t\t\t<div class=\"elementor-column elementor-col-50 elementor-top-column elementor-element elementor-element-781f237c\" data-id=\"781f237c\" data-element_type=\"column\" data-e-type=\"column\">\n\t\t\t<div class=\"elementor-widget-wrap elementor-element-populated\">\n\t\t\t\t\t\t<div class=\"elementor-element elementor-element-129d9bd7 elementor-widget elementor-widget-text-editor\" data-id=\"129d9bd7\" data-element_type=\"widget\" data-e-type=\"widget\" data-widget_type=\"text-editor.default\">\n\t\t\t\t<div class=\"elementor-widget-container\">\n\t\t\t\t\t\t\t\t\t<p>Die Politik der sozialen Verantwortung zielt darauf ab, eine Kultur der Verantwortung auf globaler Ebene zu f\u00f6rdern, die zur nachhaltigen Wertsch\u00f6pfung f\u00fcr die Gesellschaft, Partner, B\u00fcrger, Kunden und Gemeinschaften beitr\u00e4gt, in denen die Unternehmen der Catal\u00e1-Gruppe ihre Aktivit\u00e4ten aus\u00fcben.<\/p><p>Eine unserer Verpflichtungen besteht darin, alle Gruppen, die zum Erfolg unseres Gesch\u00e4ftsprojekts beitragen und unter Ber\u00fccksichtigung ihrer sozialen Rendite neue Investitionen t\u00e4tigen, gerecht zu entlohnen und so Arbeitspl\u00e4tze und Wohlstand f\u00fcr die Gesellschaft zu schaffen, mit einer langfristigen Vision, die eine bessere Zukunft anstrebt, ohne die Gegenwart zu gef\u00e4hrden Ergebnisse.<\/p><p>Der Zweck der Allgemeinen Sozialverantwortungspolitik besteht darin, die Grundprinzipien und den allgemeinen Handlungsrahmen festzulegen. Diese Richtlinie wird in den folgenden Verpflichtungen konkretisiert.<\/p><ul><li>Management der Humanressourcen<\/li><li>Pr\u00e4vention von Berufsrisiken<\/li><li>Unternehmensethik<\/li><li>Umfeld<\/li><li>Qualit\u00e4t, Lebensmittelsicherheit und Lebensmittelbetrug.<\/li><\/ul>\t\t\t\t\t\t\t\t<\/div>\n\t\t\t\t<\/div>\n\t\t\t\t\t<\/div>\n\t\t<\/div>\n\t\t\t\t<div class=\"elementor-column elementor-col-50 elementor-top-column elementor-element elementor-element-76d8dd91\" data-id=\"76d8dd91\" data-element_type=\"column\" data-e-type=\"column\">\n\t\t\t<div class=\"elementor-widget-wrap elementor-element-populated\">\n\t\t\t\t\t\t<div class=\"elementor-element elementor-element-1d514a63 elementor-widget elementor-widget-text-editor\" data-id=\"1d514a63\" data-element_type=\"widget\" data-e-type=\"widget\" data-widget_type=\"text-editor.default\">\n\t\t\t\t<div class=\"elementor-widget-container\">\n\t\t\t\t\t\t\t\t\t<p>Wir haben unsere Kan\u00e4le zur Meldung von Unregelm\u00e4\u00dfigkeiten, die das Unternehmen, die Beschwerdef\u00fchrer und die Betroffenen sch\u00fctzen. Sie k\u00f6nnen auf den Meldekanal zugreifen, indem Sie <a style=\"font-weight: var( --e-global-typography-text-font-weight ); background-color: #ffffff;\" href=\"https:\/\/registradenuncia.com\/grupodomingocatala\" target=\"_blank\" rel=\"noopener\">HIER\u00a0<\/a>klicken.<\/p><p>Die Unternehmenskultur der Grupo Catal\u00e0 ist gepr\u00e4gt von klarer Verantwortung, gegenseitigem Respekt, Vertrauen, Integrit\u00e4t und Transparenz.<\/p><p>Rechtliches Verhalten, fairer Wettbewerb und die Achtung der Menschenrechte sind integraler Bestandteil unserer Gesch\u00e4ftst\u00e4tigkeit und eine wichtige Voraussetzung f\u00fcr den nachhaltigen Erfolg, der nur durch die Einhaltung gesetzlicher Vorgaben erreicht werden kann.<\/p><p>Der Schutz von Werten wie Ehrlichkeit, Integrit\u00e4t, Fairness und Vertrauen ist die Grundlage unseres Beschwerdesystems, das geschaffen wurde, um die Einhaltung der geltenden nationalen und internationalen Gesetze sowie der des Unternehmens selbst sicherzustellen.<\/p><p>Seit mehr als 10 Jahren arbeiten wir bei Grupo Catal\u00e1 mit Sedex zusammen, einem der weltweit f\u00fchrenden Anbieter von ethischen Handelsdienstleistungen, und nutzen dessen Tools zur Pr\u00fcfung von Praxisbewertungen und sein Community-Netzwerk, um soziale Praktiken und Ethik in unserer gesamten Lieferkette zu unterst\u00fctzen und kontinuierlich zu verbessern.<\/p><p><img decoding=\"async\" data-recalc-dims=\"1\" class=\"alignnone size-full wp-image-10111\" src=\"https:\/\/i0.wp.com\/www.grupocatala.com\/wp-content\/uploads\/2021\/02\/476474.png?resize=219%2C81&#038;ssl=1\" alt=\"\" width=\"219\" height=\"81\" \/><\/p>\t\t\t\t\t\t\t\t<\/div>\n\t\t\t\t<\/div>\n\t\t\t\t\t<\/div>\n\t\t<\/div>\n\t\t\t\t\t<\/div>\n\t\t<\/section>\n\t\t\t\t<\/div>\n\t\t","protected":false},"excerpt":{"rendered":"<p>Compliance Die Politik der sozialen Verantwortung zielt darauf ab, eine Kultur der Verantwortung auf globaler Ebene zu f\u00f6rdern, die zur nachhaltigen Wertsch\u00f6pfung f\u00fcr die Gesellschaft, Partner, B\u00fcrger, Kunden und Gemeinschaften &#8230; <a title=\"Compliance\" class=\"read-more\" href=\"https:\/\/www.grupocatala.com\/de\/group\/compliance\/\" aria-label=\"Mehr Informationen \u00fcber Compliance\">Weiterlesen<\/a><\/p>\n","protected":false},"author":1,"featured_media":0,"parent":4298,"menu_order":0,"comment_status":"closed","ping_status":"closed","template":"elementor_header_footer","meta":{"footnotes":""},"class_list":["post-11422","page","type-page","status-publish"],"yoast_head":"<!-- This site is optimized with the Yoast SEO plugin v27.5 - https:\/\/yoast.com\/product\/yoast-seo-wordpress\/ -->\n<title>Compliance<\/title>\n<meta name=\"description\" content=\"Compliance Die Politik der sozialen Verantwortung zielt darauf ab, eine Kultur der Verantwortung auf globaler Ebene zu f\u00f6rdern, die zur nachhaltigen\" \/>\n<meta name=\"robots\" content=\"index, follow, max-snippet:-1, max-image-preview:large, max-video-preview:-1\" \/>\n<link rel=\"canonical\" href=\"https:\/\/www.grupocatala.com\/de\/group\/compliance\/\" \/>\n<meta property=\"og:locale\" content=\"de_DE\" \/>\n<meta property=\"og:type\" content=\"article\" \/>\n<meta property=\"og:title\" content=\"Compliance\" \/>\n<meta property=\"og:description\" content=\"Compliance Die Politik der sozialen Verantwortung zielt darauf ab, eine Kultur der Verantwortung auf globaler Ebene zu f\u00f6rdern, die zur nachhaltigen\" \/>\n<meta property=\"og:url\" content=\"https:\/\/www.grupocatala.com\/de\/group\/compliance\/\" \/>\n<meta property=\"og:site_name\" content=\"GRUPO CATAL\u00c0\" \/>\n<meta property=\"article:modified_time\" content=\"2026-02-04T08:31:29+00:00\" \/>\n<meta property=\"og:image\" content=\"https:\/\/www.grupocatala.com\/wp-content\/uploads\/2021\/02\/476474.png\" \/>\n<meta name=\"twitter:card\" content=\"summary_large_image\" \/>\n<meta name=\"twitter:label1\" content=\"Gesch\u00e4tzte Lesezeit\" \/>\n\t<meta name=\"twitter:data1\" content=\"2 minutes\" \/>\n<script type=\"application\/ld+json\" class=\"yoast-schema-graph\">{\"@context\":\"https:\\\/\\\/schema.org\",\"@graph\":[{\"@type\":\"WebPage\",\"@id\":\"https:\\\/\\\/www.grupocatala.com\\\/de\\\/group\\\/compliance\\\/\",\"url\":\"https:\\\/\\\/www.grupocatala.com\\\/de\\\/group\\\/compliance\\\/\",\"name\":\"Compliance\",\"isPartOf\":{\"@id\":\"https:\\\/\\\/www.grupocatala.com\\\/de\\\/#website\"},\"primaryImageOfPage\":{\"@id\":\"https:\\\/\\\/www.grupocatala.com\\\/de\\\/group\\\/compliance\\\/#primaryimage\"},\"image\":{\"@id\":\"https:\\\/\\\/www.grupocatala.com\\\/de\\\/group\\\/compliance\\\/#primaryimage\"},\"thumbnailUrl\":\"https:\\\/\\\/www.grupocatala.com\\\/wp-content\\\/uploads\\\/2021\\\/02\\\/476474.png\",\"datePublished\":\"2023-06-27T08:26:50+00:00\",\"dateModified\":\"2026-02-04T08:31:29+00:00\",\"description\":\"Compliance Die Politik der sozialen Verantwortung zielt darauf ab, eine Kultur der Verantwortung auf globaler Ebene zu f\u00f6rdern, die zur nachhaltigen\",\"breadcrumb\":{\"@id\":\"https:\\\/\\\/www.grupocatala.com\\\/de\\\/group\\\/compliance\\\/#breadcrumb\"},\"inLanguage\":\"de-DE\",\"potentialAction\":[{\"@type\":\"ReadAction\",\"target\":[\"https:\\\/\\\/www.grupocatala.com\\\/de\\\/group\\\/compliance\\\/\"]}]},{\"@type\":\"ImageObject\",\"inLanguage\":\"de-DE\",\"@id\":\"https:\\\/\\\/www.grupocatala.com\\\/de\\\/group\\\/compliance\\\/#primaryimage\",\"url\":\"https:\\\/\\\/www.grupocatala.com\\\/wp-content\\\/uploads\\\/2021\\\/02\\\/476474.png\",\"contentUrl\":\"https:\\\/\\\/www.grupocatala.com\\\/wp-content\\\/uploads\\\/2021\\\/02\\\/476474.png\"},{\"@type\":\"BreadcrumbList\",\"@id\":\"https:\\\/\\\/www.grupocatala.com\\\/de\\\/group\\\/compliance\\\/#breadcrumb\",\"itemListElement\":[{\"@type\":\"ListItem\",\"position\":1,\"name\":\"Portada\",\"item\":\"https:\\\/\\\/www.grupocatala.com\\\/de\\\/\"},{\"@type\":\"ListItem\",\"position\":2,\"name\":\"GROUP\",\"item\":\"https:\\\/\\\/www.grupocatala.com\\\/de\\\/group\\\/\"},{\"@type\":\"ListItem\",\"position\":3,\"name\":\"Compliance\"}]},{\"@type\":\"WebSite\",\"@id\":\"https:\\\/\\\/www.grupocatala.com\\\/de\\\/#website\",\"url\":\"https:\\\/\\\/www.grupocatala.com\\\/de\\\/\",\"name\":\"GRUPO CATAL\u00c0\",\"description\":\"\",\"publisher\":{\"@id\":\"https:\\\/\\\/www.grupocatala.com\\\/de\\\/#organization\"},\"potentialAction\":[{\"@type\":\"SearchAction\",\"target\":{\"@type\":\"EntryPoint\",\"urlTemplate\":\"https:\\\/\\\/www.grupocatala.com\\\/de\\\/?s={search_term_string}\"},\"query-input\":{\"@type\":\"PropertyValueSpecification\",\"valueRequired\":true,\"valueName\":\"search_term_string\"}}],\"inLanguage\":\"de-DE\"},{\"@type\":\"Organization\",\"@id\":\"https:\\\/\\\/www.grupocatala.com\\\/de\\\/#organization\",\"name\":\"Grupo Catala\",\"url\":\"https:\\\/\\\/www.grupocatala.com\\\/de\\\/\",\"logo\":{\"@type\":\"ImageObject\",\"inLanguage\":\"de-DE\",\"@id\":\"https:\\\/\\\/www.grupocatala.com\\\/de\\\/#\\\/schema\\\/logo\\\/image\\\/\",\"url\":\"https:\\\/\\\/i0.wp.com\\\/www.grupocatala.com\\\/wp-content\\\/uploads\\\/2020\\\/03\\\/cropped-logo_blanc-1.png?fit=250%2C57&ssl=1\",\"contentUrl\":\"https:\\\/\\\/i0.wp.com\\\/www.grupocatala.com\\\/wp-content\\\/uploads\\\/2020\\\/03\\\/cropped-logo_blanc-1.png?fit=250%2C57&ssl=1\",\"width\":250,\"height\":57,\"caption\":\"Grupo Catala\"},\"image\":{\"@id\":\"https:\\\/\\\/www.grupocatala.com\\\/de\\\/#\\\/schema\\\/logo\\\/image\\\/\"},\"sameAs\":[\"https:\\\/\\\/www.instagram.com\\\/grupocatala\"]}]}<\/script>\n<!-- \/ Yoast SEO plugin. -->","yoast_head_json":{"title":"Compliance","description":"Compliance Die Politik der sozialen Verantwortung zielt darauf ab, eine Kultur der Verantwortung auf globaler Ebene zu f\u00f6rdern, die zur nachhaltigen","robots":{"index":"index","follow":"follow","max-snippet":"max-snippet:-1","max-image-preview":"max-image-preview:large","max-video-preview":"max-video-preview:-1"},"canonical":"https:\/\/www.grupocatala.com\/de\/group\/compliance\/","og_locale":"de_DE","og_type":"article","og_title":"Compliance","og_description":"Compliance Die Politik der sozialen Verantwortung zielt darauf ab, eine Kultur der Verantwortung auf globaler Ebene zu f\u00f6rdern, die zur nachhaltigen","og_url":"https:\/\/www.grupocatala.com\/de\/group\/compliance\/","og_site_name":"GRUPO CATAL\u00c0","article_modified_time":"2026-02-04T08:31:29+00:00","og_image":[{"url":"https:\/\/www.grupocatala.com\/wp-content\/uploads\/2021\/02\/476474.png","type":"","width":"","height":""}],"twitter_card":"summary_large_image","twitter_misc":{"Gesch\u00e4tzte Lesezeit":"2 minutes"},"schema":{"@context":"https:\/\/schema.org","@graph":[{"@type":"WebPage","@id":"https:\/\/www.grupocatala.com\/de\/group\/compliance\/","url":"https:\/\/www.grupocatala.com\/de\/group\/compliance\/","name":"Compliance","isPartOf":{"@id":"https:\/\/www.grupocatala.com\/de\/#website"},"primaryImageOfPage":{"@id":"https:\/\/www.grupocatala.com\/de\/group\/compliance\/#primaryimage"},"image":{"@id":"https:\/\/www.grupocatala.com\/de\/group\/compliance\/#primaryimage"},"thumbnailUrl":"https:\/\/www.grupocatala.com\/wp-content\/uploads\/2021\/02\/476474.png","datePublished":"2023-06-27T08:26:50+00:00","dateModified":"2026-02-04T08:31:29+00:00","description":"Compliance Die Politik der sozialen Verantwortung zielt darauf ab, eine Kultur der Verantwortung auf globaler Ebene zu f\u00f6rdern, die zur nachhaltigen","breadcrumb":{"@id":"https:\/\/www.grupocatala.com\/de\/group\/compliance\/#breadcrumb"},"inLanguage":"de-DE","potentialAction":[{"@type":"ReadAction","target":["https:\/\/www.grupocatala.com\/de\/group\/compliance\/"]}]},{"@type":"ImageObject","inLanguage":"de-DE","@id":"https:\/\/www.grupocatala.com\/de\/group\/compliance\/#primaryimage","url":"https:\/\/www.grupocatala.com\/wp-content\/uploads\/2021\/02\/476474.png","contentUrl":"https:\/\/www.grupocatala.com\/wp-content\/uploads\/2021\/02\/476474.png"},{"@type":"BreadcrumbList","@id":"https:\/\/www.grupocatala.com\/de\/group\/compliance\/#breadcrumb","itemListElement":[{"@type":"ListItem","position":1,"name":"Portada","item":"https:\/\/www.grupocatala.com\/de\/"},{"@type":"ListItem","position":2,"name":"GROUP","item":"https:\/\/www.grupocatala.com\/de\/group\/"},{"@type":"ListItem","position":3,"name":"Compliance"}]},{"@type":"WebSite","@id":"https:\/\/www.grupocatala.com\/de\/#website","url":"https:\/\/www.grupocatala.com\/de\/","name":"GRUPO CATAL\u00c0","description":"","publisher":{"@id":"https:\/\/www.grupocatala.com\/de\/#organization"},"potentialAction":[{"@type":"SearchAction","target":{"@type":"EntryPoint","urlTemplate":"https:\/\/www.grupocatala.com\/de\/?s={search_term_string}"},"query-input":{"@type":"PropertyValueSpecification","valueRequired":true,"valueName":"search_term_string"}}],"inLanguage":"de-DE"},{"@type":"Organization","@id":"https:\/\/www.grupocatala.com\/de\/#organization","name":"Grupo Catala","url":"https:\/\/www.grupocatala.com\/de\/","logo":{"@type":"ImageObject","inLanguage":"de-DE","@id":"https:\/\/www.grupocatala.com\/de\/#\/schema\/logo\/image\/","url":"https:\/\/i0.wp.com\/www.grupocatala.com\/wp-content\/uploads\/2020\/03\/cropped-logo_blanc-1.png?fit=250%2C57&ssl=1","contentUrl":"https:\/\/i0.wp.com\/www.grupocatala.com\/wp-content\/uploads\/2020\/03\/cropped-logo_blanc-1.png?fit=250%2C57&ssl=1","width":250,"height":57,"caption":"Grupo Catala"},"image":{"@id":"https:\/\/www.grupocatala.com\/de\/#\/schema\/logo\/image\/"},"sameAs":["https:\/\/www.instagram.com\/grupocatala"]}]}},"jetpack_sharing_enabled":true,"_links":{"self":[{"href":"https:\/\/www.grupocatala.com\/de\/wp-json\/wp\/v2\/pages\/11422","targetHints":{"allow":["GET"]}}],"collection":[{"href":"https:\/\/www.grupocatala.com\/de\/wp-json\/wp\/v2\/pages"}],"about":[{"href":"https:\/\/www.grupocatala.com\/de\/wp-json\/wp\/v2\/types\/page"}],"author":[{"embeddable":true,"href":"https:\/\/www.grupocatala.com\/de\/wp-json\/wp\/v2\/users\/1"}],"replies":[{"embeddable":true,"href":"https:\/\/www.grupocatala.com\/de\/wp-json\/wp\/v2\/comments?post=11422"}],"version-history":[{"count":3,"href":"https:\/\/www.grupocatala.com\/de\/wp-json\/wp\/v2\/pages\/11422\/revisions"}],"predecessor-version":[{"id":16607,"href":"https:\/\/www.grupocatala.com\/de\/wp-json\/wp\/v2\/pages\/11422\/revisions\/16607"}],"up":[{"embeddable":true,"href":"https:\/\/www.grupocatala.com\/de\/wp-json\/wp\/v2\/pages\/4298"}],"wp:attachment":[{"href":"https:\/\/www.grupocatala.com\/de\/wp-json\/wp\/v2\/media?parent=11422"}],"curies":[{"name":"wp","href":"https:\/\/api.w.org\/{rel}","templated":true}]}}