{"id":14746,"date":"2025-10-21T13:13:14","date_gmt":"2025-10-21T11:13:14","guid":{"rendered":"https:\/\/www.grupocatala.com\/?page_id=14746"},"modified":"2025-12-29T15:31:13","modified_gmt":"2025-12-29T14:31:13","slug":"eficiencia-energetica","status":"publish","type":"page","link":"https:\/\/www.grupocatala.com\/ca\/sostenibilitat\/eficiencia-energetica\/","title":{"rendered":"Efici\u00e8ncia energ\u00e8tica"},"content":{"rendered":"\t\t<div data-elementor-type=\"wp-page\" data-elementor-id=\"14746\" class=\"elementor elementor-14746 elementor-14676\" data-elementor-post-type=\"page\">\n\t\t\t\t\t\t<section class=\"elementor-section elementor-top-section elementor-element elementor-element-0cd5c80 elementor-section-full_width elementor-section-height-default elementor-section-height-default\" data-id=\"0cd5c80\" data-element_type=\"section\" data-e-type=\"section\">\n\t\t\t\t\t\t<div class=\"elementor-container elementor-column-gap-default\">\n\t\t\t\t\t<div class=\"elementor-column elementor-col-100 elementor-top-column elementor-element elementor-element-9c1ddc3 elementor-invisible\" data-id=\"9c1ddc3\" data-element_type=\"column\" data-e-type=\"column\" data-settings=\"{&quot;animation&quot;:&quot;fadeIn&quot;}\">\n\t\t\t<div class=\"elementor-widget-wrap elementor-element-populated\">\n\t\t\t\t\t\t<div class=\"elementor-element elementor-element-1b5f9a8 elementor--h-position-center elementor--v-position-middle elementor-widget elementor-widget-slides\" data-id=\"1b5f9a8\" data-element_type=\"widget\" data-e-type=\"widget\" data-settings=\"{&quot;navigation&quot;:&quot;none&quot;,&quot;transition&quot;:&quot;fade&quot;,&quot;autoplay&quot;:&quot;yes&quot;,&quot;autoplay_speed&quot;:5000,&quot;infinite&quot;:&quot;yes&quot;,&quot;transition_speed&quot;:500}\" data-widget_type=\"slides.default\">\n\t\t\t\t<div class=\"elementor-widget-container\">\n\t\t\t\t\t\t\t\t\t<div class=\"elementor-swiper\">\n\t\t\t\t\t<div class=\"elementor-slides-wrapper elementor-main-swiper swiper\" role=\"region\" aria-roledescription=\"carousel\" aria-label=\"Diapositivas\" dir=\"ltr\" data-animation=\"fadeInUp\">\n\t\t\t\t<div class=\"swiper-wrapper elementor-slides\">\n\t\t\t\t\t\t\t\t\t\t<div class=\"elementor-repeater-item-bb25271 swiper-slide\" role=\"group\" aria-roledescription=\"slide\"><div class=\"swiper-slide-bg elementor-ken-burns elementor-ken-burns--in\" role=\"img\" aria-label=\"default\"><\/div><div class=\"elementor-background-overlay\"><\/div><div class=\"swiper-slide-inner\" ><div class=\"swiper-slide-contents\"><div class=\"elementor-slide-heading\">Efici\u00e8ncia energ\u00e8tica<\/div><\/div><\/div><\/div><div class=\"elementor-repeater-item-f5f28cb swiper-slide\" role=\"group\" aria-roledescription=\"slide\"><div class=\"swiper-slide-bg elementor-ken-burns elementor-ken-burns--out\" role=\"img\" aria-label=\"default\"><\/div><div class=\"elementor-background-overlay\"><\/div><div class=\"swiper-slide-inner\" ><div class=\"swiper-slide-contents\"><div class=\"elementor-slide-heading\">Efici\u00e8ncia energ\u00e8tica<\/div><\/div><\/div><\/div>\t\t\t\t<\/div>\n\t\t\t\t\t\t\t\t\t\t\t\t\t\t\t\t\t\t\t\t\t<\/div>\n\t\t\t\t<\/div>\n\t\t\t\t\t\t\t\t<\/div>\n\t\t\t\t<\/div>\n\t\t\t\t\t<\/div>\n\t\t<\/div>\n\t\t\t\t\t<\/div>\n\t\t<\/section>\n\t\t\t\t<section class=\"elementor-section elementor-top-section elementor-element elementor-element-a096db2 elementor-section-boxed elementor-section-height-default elementor-section-height-default\" data-id=\"a096db2\" data-element_type=\"section\" data-e-type=\"section\">\n\t\t\t\t\t\t<div class=\"elementor-container elementor-column-gap-default\">\n\t\t\t\t\t<div class=\"elementor-column elementor-col-33 elementor-top-column elementor-element elementor-element-23ab6ce\" data-id=\"23ab6ce\" data-element_type=\"column\" data-e-type=\"column\">\n\t\t\t<div class=\"elementor-widget-wrap elementor-element-populated\">\n\t\t\t\t\t\t<div class=\"elementor-element elementor-element-fe39f52 elementor-view-default elementor-widget elementor-widget-icon\" data-id=\"fe39f52\" data-element_type=\"widget\" data-e-type=\"widget\" data-widget_type=\"icon.default\">\n\t\t\t\t<div class=\"elementor-widget-container\">\n\t\t\t\t\t\t\t<div class=\"elementor-icon-wrapper\">\n\t\t\t<div class=\"elementor-icon\">\n\t\t\t<i aria-hidden=\"true\" class=\"fas fa-tree\"><\/i>\t\t\t<\/div>\n\t\t<\/div>\n\t\t\t\t\t\t<\/div>\n\t\t\t\t<\/div>\n\t\t\t\t<div class=\"elementor-element elementor-element-fa3848f elementor-widget elementor-widget-counter\" data-id=\"fa3848f\" data-element_type=\"widget\" data-e-type=\"widget\" data-widget_type=\"counter.default\">\n\t\t\t\t<div class=\"elementor-widget-container\">\n\t\t\t\t\t\t\t<div class=\"elementor-counter\">\n\t\t\t\t\t\t<div class=\"elementor-counter-number-wrapper\">\n\t\t\t\t<span class=\"elementor-counter-number-prefix\">+ <\/span>\n\t\t\t\t<span class=\"elementor-counter-number\" data-duration=\"2000\" data-to-value=\"130000\" data-from-value=\"0\" data-delimiter=\".\">0<\/span>\n\t\t\t\t<span class=\"elementor-counter-number-suffix\"><\/span>\n\t\t\t<\/div>\n\t\t<\/div>\n\t\t\t\t\t\t<\/div>\n\t\t\t\t<\/div>\n\t\t\t\t<div class=\"elementor-element elementor-element-a538f4f elementor-widget elementor-widget-heading\" data-id=\"a538f4f\" data-element_type=\"widget\" data-e-type=\"widget\" data-widget_type=\"heading.default\">\n\t\t\t\t<div class=\"elementor-widget-container\">\n\t\t\t\t\t<h3 class=\"elementor-heading-title elementor-size-default\">Arbres equivalents<\/h3>\t\t\t\t<\/div>\n\t\t\t\t<\/div>\n\t\t\t\t\t<\/div>\n\t\t<\/div>\n\t\t\t\t<div class=\"elementor-column elementor-col-33 elementor-top-column elementor-element elementor-element-d72e671\" data-id=\"d72e671\" data-element_type=\"column\" data-e-type=\"column\">\n\t\t\t<div class=\"elementor-widget-wrap elementor-element-populated\">\n\t\t\t\t\t\t<div class=\"elementor-element elementor-element-44abd8b elementor-view-default elementor-widget elementor-widget-icon\" data-id=\"44abd8b\" data-element_type=\"widget\" data-e-type=\"widget\" data-widget_type=\"icon.default\">\n\t\t\t\t<div class=\"elementor-widget-container\">\n\t\t\t\t\t\t\t<div class=\"elementor-icon-wrapper\">\n\t\t\t<div class=\"elementor-icon\">\n\t\t\t<i aria-hidden=\"true\" class=\"fas fa-cloud\"><\/i>\t\t\t<\/div>\n\t\t<\/div>\n\t\t\t\t\t\t<\/div>\n\t\t\t\t<\/div>\n\t\t\t\t<div class=\"elementor-element elementor-element-cbdc9b7 elementor-widget elementor-widget-counter\" data-id=\"cbdc9b7\" data-element_type=\"widget\" data-e-type=\"widget\" data-widget_type=\"counter.default\">\n\t\t\t\t<div class=\"elementor-widget-container\">\n\t\t\t\t\t\t\t<div class=\"elementor-counter\">\n\t\t\t\t\t\t<div class=\"elementor-counter-number-wrapper\">\n\t\t\t\t<span class=\"elementor-counter-number-prefix\">+ <\/span>\n\t\t\t\t<span class=\"elementor-counter-number\" data-duration=\"2000\" data-to-value=\"2900\" data-from-value=\"0\" data-delimiter=\".\">0<\/span>\n\t\t\t\t<span class=\"elementor-counter-number-suffix\"> t\/any<\/span>\n\t\t\t<\/div>\n\t\t<\/div>\n\t\t\t\t\t\t<\/div>\n\t\t\t\t<\/div>\n\t\t\t\t<div class=\"elementor-element elementor-element-3c1c6e4 elementor-widget elementor-widget-heading\" data-id=\"3c1c6e4\" data-element_type=\"widget\" data-e-type=\"widget\" data-widget_type=\"heading.default\">\n\t\t\t\t<div class=\"elementor-widget-container\">\n\t\t\t\t\t<h3 class=\"elementor-heading-title elementor-size-default\">CO\u2082 evitat<\/h3>\t\t\t\t<\/div>\n\t\t\t\t<\/div>\n\t\t\t\t\t<\/div>\n\t\t<\/div>\n\t\t\t\t<div class=\"elementor-column elementor-col-33 elementor-top-column elementor-element elementor-element-3ab1599\" data-id=\"3ab1599\" data-element_type=\"column\" data-e-type=\"column\">\n\t\t\t<div class=\"elementor-widget-wrap elementor-element-populated\">\n\t\t\t\t\t\t<div class=\"elementor-element elementor-element-5690a7c elementor-view-default elementor-widget elementor-widget-icon\" data-id=\"5690a7c\" data-element_type=\"widget\" data-e-type=\"widget\" data-widget_type=\"icon.default\">\n\t\t\t\t<div class=\"elementor-widget-container\">\n\t\t\t\t\t\t\t<div class=\"elementor-icon-wrapper\">\n\t\t\t<div class=\"elementor-icon\">\n\t\t\t<i aria-hidden=\"true\" class=\"fas fa-home\"><\/i>\t\t\t<\/div>\n\t\t<\/div>\n\t\t\t\t\t\t<\/div>\n\t\t\t\t<\/div>\n\t\t\t\t<div class=\"elementor-element elementor-element-28af745 elementor-widget elementor-widget-counter\" data-id=\"28af745\" data-element_type=\"widget\" data-e-type=\"widget\" data-widget_type=\"counter.default\">\n\t\t\t\t<div class=\"elementor-widget-container\">\n\t\t\t\t\t\t\t<div class=\"elementor-counter\">\n\t\t\t\t\t\t<div class=\"elementor-counter-number-wrapper\">\n\t\t\t\t<span class=\"elementor-counter-number-prefix\">+ <\/span>\n\t\t\t\t<span class=\"elementor-counter-number\" data-duration=\"2000\" data-to-value=\"2700\" data-from-value=\"0\" data-delimiter=\".\">0<\/span>\n\t\t\t\t<span class=\"elementor-counter-number-suffix\"><\/span>\n\t\t\t<\/div>\n\t\t<\/div>\n\t\t\t\t\t\t<\/div>\n\t\t\t\t<\/div>\n\t\t\t\t<div class=\"elementor-element elementor-element-81902d2 elementor-widget elementor-widget-heading\" data-id=\"81902d2\" data-element_type=\"widget\" data-e-type=\"widget\" data-widget_type=\"heading.default\">\n\t\t\t\t<div class=\"elementor-widget-container\">\n\t\t\t\t\t<h3 class=\"elementor-heading-title elementor-size-default\">Llars equivalents<\/h3>\t\t\t\t<\/div>\n\t\t\t\t<\/div>\n\t\t\t\t\t<\/div>\n\t\t<\/div>\n\t\t\t\t\t<\/div>\n\t\t<\/section>\n\t\t\t\t<section class=\"elementor-section elementor-top-section elementor-element elementor-element-db2e67b elementor-section-boxed elementor-section-height-default elementor-section-height-default\" data-id=\"db2e67b\" data-element_type=\"section\" data-e-type=\"section\">\n\t\t\t\t\t\t<div class=\"elementor-container elementor-column-gap-default\">\n\t\t\t\t\t<div class=\"elementor-column elementor-col-50 elementor-top-column elementor-element elementor-element-cedf222\" data-id=\"cedf222\" data-element_type=\"column\" data-e-type=\"column\">\n\t\t\t<div class=\"elementor-widget-wrap elementor-element-populated\">\n\t\t\t\t\t\t<div class=\"elementor-element elementor-element-67219d9 elementor-view-default elementor-widget elementor-widget-icon\" data-id=\"67219d9\" data-element_type=\"widget\" data-e-type=\"widget\" data-widget_type=\"icon.default\">\n\t\t\t\t<div class=\"elementor-widget-container\">\n\t\t\t\t\t\t\t<div class=\"elementor-icon-wrapper\">\n\t\t\t<div class=\"elementor-icon\">\n\t\t\t<i aria-hidden=\"true\" class=\"fas fa-gas-pump\"><\/i>\t\t\t<\/div>\n\t\t<\/div>\n\t\t\t\t\t\t<\/div>\n\t\t\t\t<\/div>\n\t\t\t\t<div class=\"elementor-element elementor-element-3586da9 elementor-widget elementor-widget-counter\" data-id=\"3586da9\" data-element_type=\"widget\" data-e-type=\"widget\" data-widget_type=\"counter.default\">\n\t\t\t\t<div class=\"elementor-widget-container\">\n\t\t\t\t\t\t\t<div class=\"elementor-counter\">\n\t\t\t\t\t\t<div class=\"elementor-counter-number-wrapper\">\n\t\t\t\t<span class=\"elementor-counter-number-prefix\">+ <\/span>\n\t\t\t\t<span class=\"elementor-counter-number\" data-duration=\"2000\" data-to-value=\"1200000\" data-from-value=\"0\" data-delimiter=\".\">0<\/span>\n\t\t\t\t<span class=\"elementor-counter-number-suffix\"> L<\/span>\n\t\t\t<\/div>\n\t\t<\/div>\n\t\t\t\t\t\t<\/div>\n\t\t\t\t<\/div>\n\t\t\t\t<div class=\"elementor-element elementor-element-05c5b9f elementor-widget elementor-widget-heading\" data-id=\"05c5b9f\" data-element_type=\"widget\" data-e-type=\"widget\" data-widget_type=\"heading.default\">\n\t\t\t\t<div class=\"elementor-widget-container\">\n\t\t\t\t\t<h3 class=\"elementor-heading-title elementor-size-default\">Gasolina evitada<\/h3>\t\t\t\t<\/div>\n\t\t\t\t<\/div>\n\t\t\t\t\t<\/div>\n\t\t<\/div>\n\t\t\t\t<div class=\"elementor-column elementor-col-50 elementor-top-column elementor-element elementor-element-f371b58\" data-id=\"f371b58\" data-element_type=\"column\" data-e-type=\"column\">\n\t\t\t<div class=\"elementor-widget-wrap elementor-element-populated\">\n\t\t\t\t\t\t<div class=\"elementor-element elementor-element-a5158fa elementor-view-default elementor-widget elementor-widget-icon\" data-id=\"a5158fa\" data-element_type=\"widget\" data-e-type=\"widget\" data-widget_type=\"icon.default\">\n\t\t\t\t<div class=\"elementor-widget-container\">\n\t\t\t\t\t\t\t<div class=\"elementor-icon-wrapper\">\n\t\t\t<div class=\"elementor-icon\">\n\t\t\t<i aria-hidden=\"true\" class=\"fas fa-bolt\"><\/i>\t\t\t<\/div>\n\t\t<\/div>\n\t\t\t\t\t\t<\/div>\n\t\t\t\t<\/div>\n\t\t\t\t<div class=\"elementor-element elementor-element-84f474e elementor-widget elementor-widget-counter\" data-id=\"84f474e\" data-element_type=\"widget\" data-e-type=\"widget\" data-widget_type=\"counter.default\">\n\t\t\t\t<div class=\"elementor-widget-container\">\n\t\t\t\t\t\t\t<div class=\"elementor-counter\">\n\t\t\t\t\t\t<div class=\"elementor-counter-number-wrapper\">\n\t\t\t\t<span class=\"elementor-counter-number-prefix\">+ <\/span>\n\t\t\t\t<span class=\"elementor-counter-number\" data-duration=\"2000\" data-to-value=\"63000000\" data-from-value=\"0\" data-delimiter=\".\">0<\/span>\n\t\t\t\t<span class=\"elementor-counter-number-suffix\"> Km<\/span>\n\t\t\t<\/div>\n\t\t<\/div>\n\t\t\t\t\t\t<\/div>\n\t\t\t\t<\/div>\n\t\t\t\t<div class=\"elementor-element elementor-element-c25e596 elementor-widget elementor-widget-heading\" data-id=\"c25e596\" data-element_type=\"widget\" data-e-type=\"widget\" data-widget_type=\"heading.default\">\n\t\t\t\t<div class=\"elementor-widget-container\">\n\t\t\t\t\t<h3 class=\"elementor-heading-title elementor-size-default\">Mobilitat el\u00e8ctrica<\/h3>\t\t\t\t<\/div>\n\t\t\t\t<\/div>\n\t\t\t\t\t<\/div>\n\t\t<\/div>\n\t\t\t\t\t<\/div>\n\t\t<\/section>\n\t\t\t\t<section class=\"elementor-section elementor-top-section elementor-element elementor-element-9a3df20 elementor-section-boxed elementor-section-height-default elementor-section-height-default\" data-id=\"9a3df20\" data-element_type=\"section\" data-e-type=\"section\">\n\t\t\t\t\t\t<div class=\"elementor-container elementor-column-gap-default\">\n\t\t\t\t\t<div class=\"elementor-column elementor-col-100 elementor-top-column elementor-element elementor-element-29a9823\" data-id=\"29a9823\" data-element_type=\"column\" data-e-type=\"column\">\n\t\t\t<div class=\"elementor-widget-wrap elementor-element-populated\">\n\t\t\t\t\t\t<div class=\"elementor-element elementor-element-645b228 elementor-widget elementor-widget-text-editor\" data-id=\"645b228\" data-element_type=\"widget\" data-e-type=\"widget\" data-widget_type=\"text-editor.default\">\n\t\t\t\t<div class=\"elementor-widget-container\">\n\t\t\t\t\t\t\t\t\t<h1><span style=\"color: #658c1c;\"><strong>Energia neta. Impacte real.<\/strong><\/span><\/h1>\n<p>La nostra energia solar no \u00e9s un objectiu: <b>\u00e9s una realitat.<\/b><br>\u00c9s energia que redueix la petjada avui i ens acosta a la <b>neutralitat de carboni en tota la cadena de valor<\/b>.<br>Triem un cam\u00ed que<b> cuida l&#8217;aire que respirem, protegeix la biodiversitat<\/b> i <b>respecta els recursos<\/b> de les pr\u00f2ximes generacions.<\/p>\n<h2><span style=\"color: #658c1c;\"><strong>Com actuem<\/strong><\/span><\/h2>\n<p><strong>Prioritzar el renovable i l&#8217;electrificaci\u00f3 responsable<\/strong><br>Substitu\u00efm energia d&#8217;origen f\u00f2ssil per electricitat renovable i equips eficients. Cada canvi redueix emissions i depend\u00e8ncia energ\u00e8tica.<\/p>\n<p><strong>Autoconsum com a primera opci\u00f3<\/strong><br>Produ\u00efm i utilitzem energia solar en els nostres centres. Consumir on es genera evita p\u00e8rdues i retalla la petjada indirecta.<\/p>\n<p><strong>Efici\u00e8ncia en tot el proc\u00e9s<\/strong><br>Consumir <strong>menys<\/strong> i <strong>millor<\/strong> \u00e9s tan important com generar net. Optimitzem reg, processos, fred industrial i log\u00edstica per a reduir consums sense afectar la qualitat.<\/p>\n<p><strong>Energia neta per a un entorn m\u00e9s sa<\/strong><br>La reducci\u00f3 d&#8217;emissions contribueix a un aire m\u00e9s net i a un entorn de treball i comunitat m\u00e9s saludable.<\/p>\n<h2><span style=\"color: #658c1c;\"><strong>Neutralitat de carboni en la cadena de valor<\/strong><\/span><\/h2>\n<p>La petjada no acaba en les nostres instal\u00b7lacions.<br>Treballem amb <b>prove\u00efdors, col\u00b7laboradors i comunitat<\/b> perqu\u00e8 l&#8217;energia neta i les bones pr\u00e0ctiques <b>viatgin amb cada producte<\/b>: des del camp fins al consumidor. Aix\u00ed, cada pas suma cap a una<b> cadena de valor clim\u00e0ticament responsable<\/b>.<\/p>\n<h2><span style=\"color: #658c1c;\"><strong>El que ve<\/strong><\/span><\/h2>\n<ul>\n<li><strong>M\u00e9s energia renovable i emmagatzematge<\/strong><br>Integrem solucions d&#8217;emmagatzematge quan s\u00f3n viables per a<b> estabilitzar l&#8217;\u00fas d&#8217;electricitat neta <\/b>durant tot el dia.<\/li>\n<li><b>Innovaci\u00f3 en efici\u00e8ncia h\u00eddrica i energ\u00e8tica<\/b><br>Cuidem <b>cada gota<\/b> i <b>cada quilowatt<\/b> amb tecnologia, manteniment predictiu i h\u00e0bits operatius que redueixen consums sense perdre rendiment.<\/li>\n<\/ul>\n<h2><strong><span style=\"color: #658c1c;\">El nostre comprom\u00eds<\/span><\/strong><\/h2>\n<p><b>Cuidar el clima, cuidar la vida i cuidar a les persones.<\/b><br>La transici\u00f3 energ\u00e8tica no \u00e9s nom\u00e9s tecnologia: \u00e9s <b>cultura, coher\u00e8ncia i futur compartit.<\/b><br>Per aix\u00f2, cada decisi\u00f3 que prenem cerca<b> deixar un impacte positiu en el territori<\/b> que ens ha vist cr\u00e9ixer.<\/p>\t\t\t\t\t\t\t\t<\/div>\n\t\t\t\t<\/div>\n\t\t\t\t\t<\/div>\n\t\t<\/div>\n\t\t\t\t\t<\/div>\n\t\t<\/section>\n\t\t\t\t<\/div>\n\t\t","protected":false},"excerpt":{"rendered":"<p>Efici\u00e8ncia energ\u00e8ticaEfici\u00e8ncia energ\u00e8tica + 0 Arbres equivalents + 0 t\/any CO\u2082 evitat + 0 Llars equivalents + 0 L Gasolina evitada + 0 Km Mobilitat el\u00e8ctrica Energia neta. Impacte real. &#8230; <a title=\"Efici\u00e8ncia energ\u00e8tica\" class=\"read-more\" href=\"https:\/\/www.grupocatala.com\/ca\/sostenibilitat\/eficiencia-energetica\/\" aria-label=\"M\u00e9s informaci\u00f3 sobre Efici\u00e8ncia energ\u00e8tica\">Llegiu m\u00e9s<\/a><\/p>\n","protected":false},"author":5,"featured_media":0,"parent":4305,"menu_order":0,"comment_status":"closed","ping_status":"closed","template":"elementor_header_footer","meta":{"footnotes":""},"class_list":["post-14746","page","type-page","status-publish"],"yoast_head":"<!-- This site is optimized with the Yoast SEO plugin v27.5 - https:\/\/yoast.com\/product\/yoast-seo-wordpress\/ -->\n<title>Efici\u00e8ncia energ\u00e8tica<\/title>\n<meta name=\"description\" content=\"Efici\u00e8ncia energ\u00e8ticaEfici\u00e8ncia energ\u00e8tica + 0 Arbres equivalents + 0 t\/any CO\u2082 evitat + 0 Llars equivalents + 0 L Gasolina evitada + 0 Km Mobilitat\" \/>\n<meta name=\"robots\" content=\"index, follow, max-snippet:-1, max-image-preview:large, max-video-preview:-1\" \/>\n<link rel=\"canonical\" href=\"https:\/\/www.grupocatala.com\/ca\/sostenibilitat\/eficiencia-energetica\/\" \/>\n<meta property=\"og:locale\" content=\"ca_ES\" \/>\n<meta property=\"og:type\" content=\"article\" \/>\n<meta property=\"og:title\" content=\"Efici\u00e8ncia energ\u00e8tica\" \/>\n<meta property=\"og:description\" content=\"Efici\u00e8ncia energ\u00e8ticaEfici\u00e8ncia energ\u00e8tica + 0 Arbres equivalents + 0 t\/any CO\u2082 evitat + 0 Llars equivalents + 0 L Gasolina evitada + 0 Km Mobilitat\" \/>\n<meta property=\"og:url\" content=\"https:\/\/www.grupocatala.com\/ca\/sostenibilitat\/eficiencia-energetica\/\" \/>\n<meta property=\"og:site_name\" content=\"GRUPO CATAL\u00c0\" \/>\n<meta property=\"article:modified_time\" content=\"2025-12-29T14:31:13+00:00\" \/>\n<meta name=\"twitter:card\" content=\"summary_large_image\" \/>\n<meta name=\"twitter:label1\" content=\"Temps estimat de lectura\" \/>\n\t<meta name=\"twitter:data1\" content=\"2 minutes\" \/>\n<script type=\"application\/ld+json\" class=\"yoast-schema-graph\">{\"@context\":\"https:\\\/\\\/schema.org\",\"@graph\":[{\"@type\":\"WebPage\",\"@id\":\"https:\\\/\\\/www.grupocatala.com\\\/ca\\\/sostenibilitat\\\/eficiencia-energetica\\\/\",\"url\":\"https:\\\/\\\/www.grupocatala.com\\\/ca\\\/sostenibilitat\\\/eficiencia-energetica\\\/\",\"name\":\"Efici\u00e8ncia energ\u00e8tica\",\"isPartOf\":{\"@id\":\"https:\\\/\\\/www.grupocatala.com\\\/ca\\\/#website\"},\"datePublished\":\"2025-10-21T11:13:14+00:00\",\"dateModified\":\"2025-12-29T14:31:13+00:00\",\"description\":\"Efici\u00e8ncia energ\u00e8ticaEfici\u00e8ncia energ\u00e8tica + 0 Arbres equivalents + 0 t\\\/any CO\u2082 evitat + 0 Llars equivalents + 0 L Gasolina evitada + 0 Km Mobilitat\",\"breadcrumb\":{\"@id\":\"https:\\\/\\\/www.grupocatala.com\\\/ca\\\/sostenibilitat\\\/eficiencia-energetica\\\/#breadcrumb\"},\"inLanguage\":\"ca\",\"potentialAction\":[{\"@type\":\"ReadAction\",\"target\":[\"https:\\\/\\\/www.grupocatala.com\\\/ca\\\/sostenibilitat\\\/eficiencia-energetica\\\/\"]}]},{\"@type\":\"BreadcrumbList\",\"@id\":\"https:\\\/\\\/www.grupocatala.com\\\/ca\\\/sostenibilitat\\\/eficiencia-energetica\\\/#breadcrumb\",\"itemListElement\":[{\"@type\":\"ListItem\",\"position\":1,\"name\":\"Portada\",\"item\":\"https:\\\/\\\/www.grupocatala.com\\\/ca\\\/\"},{\"@type\":\"ListItem\",\"position\":2,\"name\":\"SOSTENIBILITAT\",\"item\":\"https:\\\/\\\/www.grupocatala.com\\\/ca\\\/sostenibilitat\\\/\"},{\"@type\":\"ListItem\",\"position\":3,\"name\":\"Efici\u00e8ncia energ\u00e8tica\"}]},{\"@type\":\"WebSite\",\"@id\":\"https:\\\/\\\/www.grupocatala.com\\\/ca\\\/#website\",\"url\":\"https:\\\/\\\/www.grupocatala.com\\\/ca\\\/\",\"name\":\"GRUPO CATAL\u00c0\",\"description\":\"\",\"publisher\":{\"@id\":\"https:\\\/\\\/www.grupocatala.com\\\/ca\\\/#organization\"},\"potentialAction\":[{\"@type\":\"SearchAction\",\"target\":{\"@type\":\"EntryPoint\",\"urlTemplate\":\"https:\\\/\\\/www.grupocatala.com\\\/ca\\\/?s={search_term_string}\"},\"query-input\":{\"@type\":\"PropertyValueSpecification\",\"valueRequired\":true,\"valueName\":\"search_term_string\"}}],\"inLanguage\":\"ca\"},{\"@type\":\"Organization\",\"@id\":\"https:\\\/\\\/www.grupocatala.com\\\/ca\\\/#organization\",\"name\":\"Grupo Catala\",\"url\":\"https:\\\/\\\/www.grupocatala.com\\\/ca\\\/\",\"logo\":{\"@type\":\"ImageObject\",\"inLanguage\":\"ca\",\"@id\":\"https:\\\/\\\/www.grupocatala.com\\\/ca\\\/#\\\/schema\\\/logo\\\/image\\\/\",\"url\":\"https:\\\/\\\/i0.wp.com\\\/www.grupocatala.com\\\/wp-content\\\/uploads\\\/2020\\\/03\\\/cropped-logo_blanc-1.png?fit=250%2C57&ssl=1\",\"contentUrl\":\"https:\\\/\\\/i0.wp.com\\\/www.grupocatala.com\\\/wp-content\\\/uploads\\\/2020\\\/03\\\/cropped-logo_blanc-1.png?fit=250%2C57&ssl=1\",\"width\":250,\"height\":57,\"caption\":\"Grupo Catala\"},\"image\":{\"@id\":\"https:\\\/\\\/www.grupocatala.com\\\/ca\\\/#\\\/schema\\\/logo\\\/image\\\/\"},\"sameAs\":[\"https:\\\/\\\/www.instagram.com\\\/grupocatala\"]}]}<\/script>\n<!-- \/ Yoast SEO plugin. -->","yoast_head_json":{"title":"Efici\u00e8ncia energ\u00e8tica","description":"Efici\u00e8ncia energ\u00e8ticaEfici\u00e8ncia energ\u00e8tica + 0 Arbres equivalents + 0 t\/any CO\u2082 evitat + 0 Llars equivalents + 0 L Gasolina evitada + 0 Km Mobilitat","robots":{"index":"index","follow":"follow","max-snippet":"max-snippet:-1","max-image-preview":"max-image-preview:large","max-video-preview":"max-video-preview:-1"},"canonical":"https:\/\/www.grupocatala.com\/ca\/sostenibilitat\/eficiencia-energetica\/","og_locale":"ca_ES","og_type":"article","og_title":"Efici\u00e8ncia energ\u00e8tica","og_description":"Efici\u00e8ncia energ\u00e8ticaEfici\u00e8ncia energ\u00e8tica + 0 Arbres equivalents + 0 t\/any CO\u2082 evitat + 0 Llars equivalents + 0 L Gasolina evitada + 0 Km Mobilitat","og_url":"https:\/\/www.grupocatala.com\/ca\/sostenibilitat\/eficiencia-energetica\/","og_site_name":"GRUPO CATAL\u00c0","article_modified_time":"2025-12-29T14:31:13+00:00","twitter_card":"summary_large_image","twitter_misc":{"Temps estimat de lectura":"2 minutes"},"schema":{"@context":"https:\/\/schema.org","@graph":[{"@type":"WebPage","@id":"https:\/\/www.grupocatala.com\/ca\/sostenibilitat\/eficiencia-energetica\/","url":"https:\/\/www.grupocatala.com\/ca\/sostenibilitat\/eficiencia-energetica\/","name":"Efici\u00e8ncia energ\u00e8tica","isPartOf":{"@id":"https:\/\/www.grupocatala.com\/ca\/#website"},"datePublished":"2025-10-21T11:13:14+00:00","dateModified":"2025-12-29T14:31:13+00:00","description":"Efici\u00e8ncia energ\u00e8ticaEfici\u00e8ncia energ\u00e8tica + 0 Arbres equivalents + 0 t\/any CO\u2082 evitat + 0 Llars equivalents + 0 L Gasolina evitada + 0 Km Mobilitat","breadcrumb":{"@id":"https:\/\/www.grupocatala.com\/ca\/sostenibilitat\/eficiencia-energetica\/#breadcrumb"},"inLanguage":"ca","potentialAction":[{"@type":"ReadAction","target":["https:\/\/www.grupocatala.com\/ca\/sostenibilitat\/eficiencia-energetica\/"]}]},{"@type":"BreadcrumbList","@id":"https:\/\/www.grupocatala.com\/ca\/sostenibilitat\/eficiencia-energetica\/#breadcrumb","itemListElement":[{"@type":"ListItem","position":1,"name":"Portada","item":"https:\/\/www.grupocatala.com\/ca\/"},{"@type":"ListItem","position":2,"name":"SOSTENIBILITAT","item":"https:\/\/www.grupocatala.com\/ca\/sostenibilitat\/"},{"@type":"ListItem","position":3,"name":"Efici\u00e8ncia energ\u00e8tica"}]},{"@type":"WebSite","@id":"https:\/\/www.grupocatala.com\/ca\/#website","url":"https:\/\/www.grupocatala.com\/ca\/","name":"GRUPO CATAL\u00c0","description":"","publisher":{"@id":"https:\/\/www.grupocatala.com\/ca\/#organization"},"potentialAction":[{"@type":"SearchAction","target":{"@type":"EntryPoint","urlTemplate":"https:\/\/www.grupocatala.com\/ca\/?s={search_term_string}"},"query-input":{"@type":"PropertyValueSpecification","valueRequired":true,"valueName":"search_term_string"}}],"inLanguage":"ca"},{"@type":"Organization","@id":"https:\/\/www.grupocatala.com\/ca\/#organization","name":"Grupo Catala","url":"https:\/\/www.grupocatala.com\/ca\/","logo":{"@type":"ImageObject","inLanguage":"ca","@id":"https:\/\/www.grupocatala.com\/ca\/#\/schema\/logo\/image\/","url":"https:\/\/i0.wp.com\/www.grupocatala.com\/wp-content\/uploads\/2020\/03\/cropped-logo_blanc-1.png?fit=250%2C57&ssl=1","contentUrl":"https:\/\/i0.wp.com\/www.grupocatala.com\/wp-content\/uploads\/2020\/03\/cropped-logo_blanc-1.png?fit=250%2C57&ssl=1","width":250,"height":57,"caption":"Grupo Catala"},"image":{"@id":"https:\/\/www.grupocatala.com\/ca\/#\/schema\/logo\/image\/"},"sameAs":["https:\/\/www.instagram.com\/grupocatala"]}]}},"jetpack_sharing_enabled":true,"_links":{"self":[{"href":"https:\/\/www.grupocatala.com\/ca\/wp-json\/wp\/v2\/pages\/14746","targetHints":{"allow":["GET"]}}],"collection":[{"href":"https:\/\/www.grupocatala.com\/ca\/wp-json\/wp\/v2\/pages"}],"about":[{"href":"https:\/\/www.grupocatala.com\/ca\/wp-json\/wp\/v2\/types\/page"}],"author":[{"embeddable":true,"href":"https:\/\/www.grupocatala.com\/ca\/wp-json\/wp\/v2\/users\/5"}],"replies":[{"embeddable":true,"href":"https:\/\/www.grupocatala.com\/ca\/wp-json\/wp\/v2\/comments?post=14746"}],"version-history":[{"count":91,"href":"https:\/\/www.grupocatala.com\/ca\/wp-json\/wp\/v2\/pages\/14746\/revisions"}],"predecessor-version":[{"id":16553,"href":"https:\/\/www.grupocatala.com\/ca\/wp-json\/wp\/v2\/pages\/14746\/revisions\/16553"}],"up":[{"embeddable":true,"href":"https:\/\/www.grupocatala.com\/ca\/wp-json\/wp\/v2\/pages\/4305"}],"wp:attachment":[{"href":"https:\/\/www.grupocatala.com\/ca\/wp-json\/wp\/v2\/media?parent=14746"}],"curies":[{"name":"wp","href":"https:\/\/api.w.org\/{rel}","templated":true}]}}