{"id":11414,"date":"2023-06-27T10:24:36","date_gmt":"2023-06-27T08:24:36","guid":{"rendered":"https:\/\/www.grupocatala.com\/?page_id=11414"},"modified":"2025-12-24T13:26:18","modified_gmt":"2025-12-24T12:26:18","slug":"compliance","status":"publish","type":"page","link":"https:\/\/www.grupocatala.com\/ca\/grup\/compliance\/","title":{"rendered":"Compliance"},"content":{"rendered":"\t\t<div data-elementor-type=\"wp-page\" data-elementor-id=\"11414\" class=\"elementor elementor-11414 elementor-9126\" data-elementor-post-type=\"page\">\n\t\t\t\t\t\t<section class=\"elementor-section elementor-top-section elementor-element elementor-element-32dce9f8 elementor-section-full_width elementor-section-height-default elementor-section-height-default\" data-id=\"32dce9f8\" data-element_type=\"section\" data-e-type=\"section\" data-settings=\"{&quot;background_background&quot;:&quot;classic&quot;}\">\n\t\t\t\t\t\t<div class=\"elementor-container elementor-column-gap-default\">\n\t\t\t\t\t<div class=\"elementor-column elementor-col-100 elementor-top-column elementor-element elementor-element-488de1b7 elementor-invisible\" data-id=\"488de1b7\" data-element_type=\"column\" data-e-type=\"column\" data-settings=\"{&quot;animation&quot;:&quot;fadeIn&quot;}\">\n\t\t\t<div class=\"elementor-widget-wrap elementor-element-populated\">\n\t\t\t\t\t\t<div class=\"elementor-element elementor-element-9229b3c elementor--h-position-center elementor--v-position-middle elementor-arrows-position-inside elementor-pagination-position-inside elementor-widget elementor-widget-slides\" data-id=\"9229b3c\" data-element_type=\"widget\" data-e-type=\"widget\" data-settings=\"{&quot;navigation&quot;:&quot;both&quot;,&quot;autoplay&quot;:&quot;yes&quot;,&quot;pause_on_hover&quot;:&quot;yes&quot;,&quot;pause_on_interaction&quot;:&quot;yes&quot;,&quot;autoplay_speed&quot;:5000,&quot;infinite&quot;:&quot;yes&quot;,&quot;transition&quot;:&quot;slide&quot;,&quot;transition_speed&quot;:500}\" data-widget_type=\"slides.default\">\n\t\t\t\t<div class=\"elementor-widget-container\">\n\t\t\t\t\t\t\t\t\t<div class=\"elementor-swiper\">\n\t\t\t\t\t<div class=\"elementor-slides-wrapper elementor-main-swiper swiper\" role=\"region\" aria-roledescription=\"carousel\" aria-label=\"Diapositivas\" dir=\"ltr\" data-animation=\"fadeInUp\">\n\t\t\t\t<div class=\"swiper-wrapper elementor-slides\">\n\t\t\t\t\t\t\t\t\t\t<div class=\"elementor-repeater-item-329fcfe swiper-slide\" role=\"group\" aria-roledescription=\"slide\"><div class=\"swiper-slide-bg elementor-ken-burns elementor-ken-burns--in\" role=\"img\" aria-label=\"chris-robert-mmNJkLqxAnQ-unsplash (1)\"><\/div><div class=\"swiper-slide-inner\" ><div class=\"swiper-slide-contents\"><div class=\"elementor-slide-heading\">Compliance<\/div><\/div><\/div><\/div>\t\t\t\t<\/div>\n\t\t\t\t\t\t\t<\/div>\n\t\t\t\t<\/div>\n\t\t\t\t\t\t\t\t<\/div>\n\t\t\t\t<\/div>\n\t\t\t\t\t<\/div>\n\t\t<\/div>\n\t\t\t\t\t<\/div>\n\t\t<\/section>\n\t\t\t\t<section class=\"elementor-section elementor-top-section elementor-element elementor-element-7ed18b2 elementor-section-boxed elementor-section-height-default elementor-section-height-default\" data-id=\"7ed18b2\" data-element_type=\"section\" data-e-type=\"section\">\n\t\t\t\t\t\t<div class=\"elementor-container elementor-column-gap-default\">\n\t\t\t\t\t<div class=\"elementor-column elementor-col-100 elementor-top-column elementor-element elementor-element-59ce19d9\" data-id=\"59ce19d9\" data-element_type=\"column\" data-e-type=\"column\">\n\t\t\t<div class=\"elementor-widget-wrap elementor-element-populated\">\n\t\t\t\t\t\t<div class=\"elementor-element elementor-element-2a4e31e0 elementor-widget elementor-widget-spacer\" data-id=\"2a4e31e0\" data-element_type=\"widget\" data-e-type=\"widget\" data-widget_type=\"spacer.default\">\n\t\t\t\t<div class=\"elementor-widget-container\">\n\t\t\t\t\t\t\t<div class=\"elementor-spacer\">\n\t\t\t<div class=\"elementor-spacer-inner\"><\/div>\n\t\t<\/div>\n\t\t\t\t\t\t<\/div>\n\t\t\t\t<\/div>\n\t\t\t\t\t<\/div>\n\t\t<\/div>\n\t\t\t\t\t<\/div>\n\t\t<\/section>\n\t\t\t\t<section class=\"elementor-section elementor-top-section elementor-element elementor-element-22ea8fd elementor-section-boxed elementor-section-height-default elementor-section-height-default\" data-id=\"22ea8fd\" data-element_type=\"section\" data-e-type=\"section\">\n\t\t\t\t\t\t<div class=\"elementor-container elementor-column-gap-default\">\n\t\t\t\t\t<div class=\"elementor-column elementor-col-50 elementor-top-column elementor-element elementor-element-781f237c\" data-id=\"781f237c\" data-element_type=\"column\" data-e-type=\"column\">\n\t\t\t<div class=\"elementor-widget-wrap elementor-element-populated\">\n\t\t\t\t\t\t<div class=\"elementor-element elementor-element-129d9bd7 elementor-widget elementor-widget-text-editor\" data-id=\"129d9bd7\" data-element_type=\"widget\" data-e-type=\"widget\" data-widget_type=\"text-editor.default\">\n\t\t\t\t<div class=\"elementor-widget-container\">\n\t\t\t\t\t\t\t\t\t<p>La pol\u00edtica de responsabilitat social t\u00e9 com a objectiu afavorir una cultura de responsabilitat, amb car\u00e0cter global, que contribueixi a la creaci\u00f3 de valor de manera sostenible per a la societat, socis, ciutadans, clients i comunitats on les empreses del Grup Catal\u00e0 desenvolupin les seves activitats.<\/p><p>Estan entre els nostres compromisos retribuir de forma equitativa a tots els col\u00b7lectius que contribueixen a l&#8217;\u00e8xit del nostre projecte empresarial i emprendre noves inversions considerant el seu retorn social, generant ocupaci\u00f3 i riquesa per a la societat amb una visi\u00f3 a llarg termini que procuri un futur millor sense comprometre&#8217;ls resultats presents.<\/p><p>La pol\u00edtica general de responsabilitat social t\u00e9 per objecte establir els principis b\u00e0sics i el marc general dactuaci\u00f3. Aquesta pol\u00edtica \u00e9s concreta en els compromisos seg\u00fcents.<\/p><ul><li>Gesti\u00f3 dels Recursos Humans<\/li><li>Prevenci\u00f3 de riscos laborals<\/li><li>\u00c8tica empresarial<\/li><li>Medi Ambient<\/li><li>Qualitat, Seguretat Aliment\u00e0ria i Frau Alimentari.<\/li><\/ul>\t\t\t\t\t\t\t\t<\/div>\n\t\t\t\t<\/div>\n\t\t\t\t\t<\/div>\n\t\t<\/div>\n\t\t\t\t<div class=\"elementor-column elementor-col-50 elementor-top-column elementor-element elementor-element-76d8dd91\" data-id=\"76d8dd91\" data-element_type=\"column\" data-e-type=\"column\">\n\t\t\t<div class=\"elementor-widget-wrap elementor-element-populated\">\n\t\t\t\t\t\t<div class=\"elementor-element elementor-element-1d514a63 elementor-widget elementor-widget-text-editor\" data-id=\"1d514a63\" data-element_type=\"widget\" data-e-type=\"widget\" data-widget_type=\"text-editor.default\">\n\t\t\t\t<div class=\"elementor-widget-container\">\n\t\t\t\t\t\t\t\t\t<p>Disposem dels nostres canals de den\u00fancia d&#8217;irregularitats que protegeixen l&#8217;empresa, els denunciants i els afectats, podeu accedir al canal de den\u00fancies prement <a style=\"font-weight: var( --e-global-typography-text-font-weight ); background-color: #ffffff;\" href=\"https:\/\/registradenuncia.com\/grupodomingocatala\" target=\"_blank\" rel=\"noopener\">AQUI<\/a><\/p><p>La cultura corporativa de Grupo Catal\u00e0 es caracteritza per una responsabilitat clara, respecte mutu, confian\u00e7a, integritat i la transpar\u00e8ncia.<\/p><p>La conducta legal, la compet\u00e8ncia lleial i el respecte pels drets humans s\u00f3n part integral de les nostres activitats comercials i una condici\u00f3 important per a la consecuci\u00f3 de l&#8217;\u00e8xit sostingut que nom\u00e9s es pot aconseguir complint els requisits legals.<\/p><p>La protecci\u00f3 de valors com honestedat, integritat, equitat i confian\u00e7a sustenta el nostre sistema de den\u00fancies, creat per vetllar pel compliment de la legislaci\u00f3 nacional i internacional vigent, aix\u00ed com la de la pr\u00f2pia companyia.<\/p><p>Durant m\u00e9s de 10 anys, a Grupo Catal\u00e1, hem estat treballant amb Sedex, un dels prove\u00efdors de serveis de comer\u00e7 \u00e8tic l\u00edders al m\u00f3n, utilitzant les eines d&#8217;auditoria d&#8217;avaluaci\u00f3 pr\u00e0ctica i la xarxa comunit\u00e0ria per donar suport i millorar cont\u00ednuament les pr\u00e0ctiques socials i \u00e8tiques a tota la nostra cadena de subministrament.<\/p><p><img decoding=\"async\" data-recalc-dims=\"1\" class=\"alignnone size-full wp-image-10111\" src=\"https:\/\/i0.wp.com\/www.grupocatala.com\/wp-content\/uploads\/2021\/02\/476474.png?resize=219%2C81&#038;ssl=1\" alt=\"\" width=\"219\" height=\"81\" \/><\/p>\t\t\t\t\t\t\t\t<\/div>\n\t\t\t\t<\/div>\n\t\t\t\t\t<\/div>\n\t\t<\/div>\n\t\t\t\t\t<\/div>\n\t\t<\/section>\n\t\t\t\t<\/div>\n\t\t","protected":false},"excerpt":{"rendered":"<p>Compliance La pol\u00edtica de responsabilitat social t\u00e9 com a objectiu afavorir una cultura de responsabilitat, amb car\u00e0cter global, que contribueixi a la creaci\u00f3 de valor de manera sostenible per a &#8230; <a title=\"Compliance\" class=\"read-more\" href=\"https:\/\/www.grupocatala.com\/ca\/grup\/compliance\/\" aria-label=\"M\u00e9s informaci\u00f3 sobre Compliance\">Llegiu m\u00e9s<\/a><\/p>\n","protected":false},"author":1,"featured_media":0,"parent":4295,"menu_order":0,"comment_status":"closed","ping_status":"closed","template":"elementor_header_footer","meta":{"footnotes":""},"class_list":["post-11414","page","type-page","status-publish"],"yoast_head":"<!-- This site is optimized with the Yoast SEO plugin v27.5 - https:\/\/yoast.com\/product\/yoast-seo-wordpress\/ -->\n<title>Compliance<\/title>\n<meta name=\"description\" content=\"Compliance La pol\u00edtica de responsabilitat social t\u00e9 com a objectiu afavorir una cultura de responsabilitat, amb car\u00e0cter global, que contribueixi a la\" \/>\n<meta name=\"robots\" content=\"index, follow, max-snippet:-1, max-image-preview:large, max-video-preview:-1\" \/>\n<link rel=\"canonical\" href=\"https:\/\/www.grupocatala.com\/ca\/grup\/compliance\/\" \/>\n<meta property=\"og:locale\" content=\"ca_ES\" \/>\n<meta property=\"og:type\" content=\"article\" \/>\n<meta property=\"og:title\" content=\"Compliance\" \/>\n<meta property=\"og:description\" content=\"Compliance La pol\u00edtica de responsabilitat social t\u00e9 com a objectiu afavorir una cultura de responsabilitat, amb car\u00e0cter global, que contribueixi a la\" \/>\n<meta property=\"og:url\" content=\"https:\/\/www.grupocatala.com\/ca\/grup\/compliance\/\" \/>\n<meta property=\"og:site_name\" content=\"GRUPO CATAL\u00c0\" \/>\n<meta property=\"article:modified_time\" content=\"2025-12-24T12:26:18+00:00\" \/>\n<meta property=\"og:image\" content=\"https:\/\/www.grupocatala.com\/wp-content\/uploads\/2021\/02\/476474.png\" \/>\n<meta name=\"twitter:card\" content=\"summary_large_image\" \/>\n<meta name=\"twitter:label1\" content=\"Temps estimat de lectura\" \/>\n\t<meta name=\"twitter:data1\" content=\"2 minutes\" \/>\n<script type=\"application\/ld+json\" class=\"yoast-schema-graph\">{\"@context\":\"https:\\\/\\\/schema.org\",\"@graph\":[{\"@type\":\"WebPage\",\"@id\":\"https:\\\/\\\/www.grupocatala.com\\\/ca\\\/grup\\\/compliance\\\/\",\"url\":\"https:\\\/\\\/www.grupocatala.com\\\/ca\\\/grup\\\/compliance\\\/\",\"name\":\"Compliance\",\"isPartOf\":{\"@id\":\"https:\\\/\\\/www.grupocatala.com\\\/ca\\\/#website\"},\"primaryImageOfPage\":{\"@id\":\"https:\\\/\\\/www.grupocatala.com\\\/ca\\\/grup\\\/compliance\\\/#primaryimage\"},\"image\":{\"@id\":\"https:\\\/\\\/www.grupocatala.com\\\/ca\\\/grup\\\/compliance\\\/#primaryimage\"},\"thumbnailUrl\":\"https:\\\/\\\/www.grupocatala.com\\\/wp-content\\\/uploads\\\/2021\\\/02\\\/476474.png\",\"datePublished\":\"2023-06-27T08:24:36+00:00\",\"dateModified\":\"2025-12-24T12:26:18+00:00\",\"description\":\"Compliance La pol\u00edtica de responsabilitat social t\u00e9 com a objectiu afavorir una cultura de responsabilitat, amb car\u00e0cter global, que contribueixi a la\",\"breadcrumb\":{\"@id\":\"https:\\\/\\\/www.grupocatala.com\\\/ca\\\/grup\\\/compliance\\\/#breadcrumb\"},\"inLanguage\":\"ca\",\"potentialAction\":[{\"@type\":\"ReadAction\",\"target\":[\"https:\\\/\\\/www.grupocatala.com\\\/ca\\\/grup\\\/compliance\\\/\"]}]},{\"@type\":\"ImageObject\",\"inLanguage\":\"ca\",\"@id\":\"https:\\\/\\\/www.grupocatala.com\\\/ca\\\/grup\\\/compliance\\\/#primaryimage\",\"url\":\"https:\\\/\\\/www.grupocatala.com\\\/wp-content\\\/uploads\\\/2021\\\/02\\\/476474.png\",\"contentUrl\":\"https:\\\/\\\/www.grupocatala.com\\\/wp-content\\\/uploads\\\/2021\\\/02\\\/476474.png\"},{\"@type\":\"BreadcrumbList\",\"@id\":\"https:\\\/\\\/www.grupocatala.com\\\/ca\\\/grup\\\/compliance\\\/#breadcrumb\",\"itemListElement\":[{\"@type\":\"ListItem\",\"position\":1,\"name\":\"Portada\",\"item\":\"https:\\\/\\\/www.grupocatala.com\\\/ca\\\/\"},{\"@type\":\"ListItem\",\"position\":2,\"name\":\"GRUP\",\"item\":\"https:\\\/\\\/www.grupocatala.com\\\/ca\\\/grup\\\/\"},{\"@type\":\"ListItem\",\"position\":3,\"name\":\"Compliance\"}]},{\"@type\":\"WebSite\",\"@id\":\"https:\\\/\\\/www.grupocatala.com\\\/ca\\\/#website\",\"url\":\"https:\\\/\\\/www.grupocatala.com\\\/ca\\\/\",\"name\":\"GRUPO CATAL\u00c0\",\"description\":\"\",\"publisher\":{\"@id\":\"https:\\\/\\\/www.grupocatala.com\\\/ca\\\/#organization\"},\"potentialAction\":[{\"@type\":\"SearchAction\",\"target\":{\"@type\":\"EntryPoint\",\"urlTemplate\":\"https:\\\/\\\/www.grupocatala.com\\\/ca\\\/?s={search_term_string}\"},\"query-input\":{\"@type\":\"PropertyValueSpecification\",\"valueRequired\":true,\"valueName\":\"search_term_string\"}}],\"inLanguage\":\"ca\"},{\"@type\":\"Organization\",\"@id\":\"https:\\\/\\\/www.grupocatala.com\\\/ca\\\/#organization\",\"name\":\"Grupo Catala\",\"url\":\"https:\\\/\\\/www.grupocatala.com\\\/ca\\\/\",\"logo\":{\"@type\":\"ImageObject\",\"inLanguage\":\"ca\",\"@id\":\"https:\\\/\\\/www.grupocatala.com\\\/ca\\\/#\\\/schema\\\/logo\\\/image\\\/\",\"url\":\"https:\\\/\\\/i0.wp.com\\\/www.grupocatala.com\\\/wp-content\\\/uploads\\\/2020\\\/03\\\/cropped-logo_blanc-1.png?fit=250%2C57&ssl=1\",\"contentUrl\":\"https:\\\/\\\/i0.wp.com\\\/www.grupocatala.com\\\/wp-content\\\/uploads\\\/2020\\\/03\\\/cropped-logo_blanc-1.png?fit=250%2C57&ssl=1\",\"width\":250,\"height\":57,\"caption\":\"Grupo Catala\"},\"image\":{\"@id\":\"https:\\\/\\\/www.grupocatala.com\\\/ca\\\/#\\\/schema\\\/logo\\\/image\\\/\"},\"sameAs\":[\"https:\\\/\\\/www.instagram.com\\\/grupocatala\"]}]}<\/script>\n<!-- \/ Yoast SEO plugin. -->","yoast_head_json":{"title":"Compliance","description":"Compliance La pol\u00edtica de responsabilitat social t\u00e9 com a objectiu afavorir una cultura de responsabilitat, amb car\u00e0cter global, que contribueixi a la","robots":{"index":"index","follow":"follow","max-snippet":"max-snippet:-1","max-image-preview":"max-image-preview:large","max-video-preview":"max-video-preview:-1"},"canonical":"https:\/\/www.grupocatala.com\/ca\/grup\/compliance\/","og_locale":"ca_ES","og_type":"article","og_title":"Compliance","og_description":"Compliance La pol\u00edtica de responsabilitat social t\u00e9 com a objectiu afavorir una cultura de responsabilitat, amb car\u00e0cter global, que contribueixi a la","og_url":"https:\/\/www.grupocatala.com\/ca\/grup\/compliance\/","og_site_name":"GRUPO CATAL\u00c0","article_modified_time":"2025-12-24T12:26:18+00:00","og_image":[{"url":"https:\/\/www.grupocatala.com\/wp-content\/uploads\/2021\/02\/476474.png","type":"","width":"","height":""}],"twitter_card":"summary_large_image","twitter_misc":{"Temps estimat de lectura":"2 minutes"},"schema":{"@context":"https:\/\/schema.org","@graph":[{"@type":"WebPage","@id":"https:\/\/www.grupocatala.com\/ca\/grup\/compliance\/","url":"https:\/\/www.grupocatala.com\/ca\/grup\/compliance\/","name":"Compliance","isPartOf":{"@id":"https:\/\/www.grupocatala.com\/ca\/#website"},"primaryImageOfPage":{"@id":"https:\/\/www.grupocatala.com\/ca\/grup\/compliance\/#primaryimage"},"image":{"@id":"https:\/\/www.grupocatala.com\/ca\/grup\/compliance\/#primaryimage"},"thumbnailUrl":"https:\/\/www.grupocatala.com\/wp-content\/uploads\/2021\/02\/476474.png","datePublished":"2023-06-27T08:24:36+00:00","dateModified":"2025-12-24T12:26:18+00:00","description":"Compliance La pol\u00edtica de responsabilitat social t\u00e9 com a objectiu afavorir una cultura de responsabilitat, amb car\u00e0cter global, que contribueixi a la","breadcrumb":{"@id":"https:\/\/www.grupocatala.com\/ca\/grup\/compliance\/#breadcrumb"},"inLanguage":"ca","potentialAction":[{"@type":"ReadAction","target":["https:\/\/www.grupocatala.com\/ca\/grup\/compliance\/"]}]},{"@type":"ImageObject","inLanguage":"ca","@id":"https:\/\/www.grupocatala.com\/ca\/grup\/compliance\/#primaryimage","url":"https:\/\/www.grupocatala.com\/wp-content\/uploads\/2021\/02\/476474.png","contentUrl":"https:\/\/www.grupocatala.com\/wp-content\/uploads\/2021\/02\/476474.png"},{"@type":"BreadcrumbList","@id":"https:\/\/www.grupocatala.com\/ca\/grup\/compliance\/#breadcrumb","itemListElement":[{"@type":"ListItem","position":1,"name":"Portada","item":"https:\/\/www.grupocatala.com\/ca\/"},{"@type":"ListItem","position":2,"name":"GRUP","item":"https:\/\/www.grupocatala.com\/ca\/grup\/"},{"@type":"ListItem","position":3,"name":"Compliance"}]},{"@type":"WebSite","@id":"https:\/\/www.grupocatala.com\/ca\/#website","url":"https:\/\/www.grupocatala.com\/ca\/","name":"GRUPO CATAL\u00c0","description":"","publisher":{"@id":"https:\/\/www.grupocatala.com\/ca\/#organization"},"potentialAction":[{"@type":"SearchAction","target":{"@type":"EntryPoint","urlTemplate":"https:\/\/www.grupocatala.com\/ca\/?s={search_term_string}"},"query-input":{"@type":"PropertyValueSpecification","valueRequired":true,"valueName":"search_term_string"}}],"inLanguage":"ca"},{"@type":"Organization","@id":"https:\/\/www.grupocatala.com\/ca\/#organization","name":"Grupo Catala","url":"https:\/\/www.grupocatala.com\/ca\/","logo":{"@type":"ImageObject","inLanguage":"ca","@id":"https:\/\/www.grupocatala.com\/ca\/#\/schema\/logo\/image\/","url":"https:\/\/i0.wp.com\/www.grupocatala.com\/wp-content\/uploads\/2020\/03\/cropped-logo_blanc-1.png?fit=250%2C57&ssl=1","contentUrl":"https:\/\/i0.wp.com\/www.grupocatala.com\/wp-content\/uploads\/2020\/03\/cropped-logo_blanc-1.png?fit=250%2C57&ssl=1","width":250,"height":57,"caption":"Grupo Catala"},"image":{"@id":"https:\/\/www.grupocatala.com\/ca\/#\/schema\/logo\/image\/"},"sameAs":["https:\/\/www.instagram.com\/grupocatala"]}]}},"jetpack_sharing_enabled":true,"_links":{"self":[{"href":"https:\/\/www.grupocatala.com\/ca\/wp-json\/wp\/v2\/pages\/11414","targetHints":{"allow":["GET"]}}],"collection":[{"href":"https:\/\/www.grupocatala.com\/ca\/wp-json\/wp\/v2\/pages"}],"about":[{"href":"https:\/\/www.grupocatala.com\/ca\/wp-json\/wp\/v2\/types\/page"}],"author":[{"embeddable":true,"href":"https:\/\/www.grupocatala.com\/ca\/wp-json\/wp\/v2\/users\/1"}],"replies":[{"embeddable":true,"href":"https:\/\/www.grupocatala.com\/ca\/wp-json\/wp\/v2\/comments?post=11414"}],"version-history":[{"count":3,"href":"https:\/\/www.grupocatala.com\/ca\/wp-json\/wp\/v2\/pages\/11414\/revisions"}],"predecessor-version":[{"id":16144,"href":"https:\/\/www.grupocatala.com\/ca\/wp-json\/wp\/v2\/pages\/11414\/revisions\/16144"}],"up":[{"embeddable":true,"href":"https:\/\/www.grupocatala.com\/ca\/wp-json\/wp\/v2\/pages\/4295"}],"wp:attachment":[{"href":"https:\/\/www.grupocatala.com\/ca\/wp-json\/wp\/v2\/media?parent=11414"}],"curies":[{"name":"wp","href":"https:\/\/api.w.org\/{rel}","templated":true}]}}